{"id":7191,"date":"2025-05-25T09:04:49","date_gmt":"2025-05-25T07:04:49","guid":{"rendered":"https:\/\/www.posticum.ro\/?page_id=7191"},"modified":"2025-05-25T09:07:53","modified_gmt":"2025-05-25T07:07:53","slug":"belso-gyermek-terapia","status":"publish","type":"page","link":"https:\/\/www.posticum.ro\/ro\/belso-gyermek-terapia\/","title":{"rendered":""},"content":{"rendered":"<div data-elementor-type=\"wp-page\" data-elementor-id=\"7191\" class=\"elementor elementor-7191\">\n\t\t\t\t\t\t<section class=\"has_eae_slider elementor-section elementor-top-section elementor-element elementor-element-f6ec8bc elementor-section-boxed elementor-section-height-default elementor-section-height-default\" data-id=\"f6ec8bc\" data-element_type=\"section\">\n\t\t\t\t\t\t<div class=\"elementor-container elementor-column-gap-default\">\n\t\t\t\t\t<div class=\"has_eae_slider elementor-column elementor-col-100 elementor-top-column elementor-element elementor-element-2c71769\" data-id=\"2c71769\" data-element_type=\"column\">\n\t\t\t<div class=\"elementor-widget-wrap elementor-element-populated\">\n\t\t\t\t\t\t<div class=\"elementor-element elementor-element-94b173e elementor-widget elementor-widget-spacer\" data-id=\"94b173e\" data-element_type=\"widget\" id=\"belso-gyermek-terapia\" data-widget_type=\"spacer.default\">\n\t\t\t\t<div class=\"elementor-widget-container\">\n\t\t\t\t\t\t\t<div class=\"elementor-spacer\">\n\t\t\t<div class=\"elementor-spacer-inner\"><\/div>\n\t\t<\/div>\n\t\t\t\t\t\t<\/div>\n\t\t\t\t<\/div>\n\t\t\t\t\t<\/div>\n\t\t<\/div>\n\t\t\t\t\t<\/div>\n\t\t<\/section>\n\t\t\t\t<section class=\"has_eae_slider elementor-section elementor-top-section elementor-element elementor-element-8c89a0c elementor-section-boxed elementor-section-height-default elementor-section-height-default\" data-id=\"8c89a0c\" data-element_type=\"section\">\n\t\t\t\t\t\t<div class=\"elementor-container elementor-column-gap-default\">\n\t\t\t\t\t<div class=\"has_eae_slider elementor-column elementor-col-100 elementor-top-column elementor-element elementor-element-dea543d\" data-id=\"dea543d\" data-element_type=\"column\">\n\t\t\t<div class=\"elementor-widget-wrap elementor-element-populated\">\n\t\t\t\t\t\t<div class=\"elementor-element elementor-element-24920d9 elementor-widget elementor-widget-heading\" data-id=\"24920d9\" data-element_type=\"widget\" data-widget_type=\"heading.default\">\n\t\t\t\t<div class=\"elementor-widget-container\">\n\t\t\t\t\t<h2 class=\"elementor-heading-title elementor-size-default\">Terapia copilului interior<\/h2>\t\t\t\t<\/div>\n\t\t\t\t<\/div>\n\t\t\t\t\t<\/div>\n\t\t<\/div>\n\t\t\t\t\t<\/div>\n\t\t<\/section>\n\t\t\t\t<section class=\"has_eae_slider elementor-section elementor-top-section elementor-element elementor-element-92972d8 elementor-section-boxed elementor-section-height-default elementor-section-height-default\" data-id=\"92972d8\" data-element_type=\"section\">\n\t\t\t\t\t\t<div class=\"elementor-container elementor-column-gap-default\">\n\t\t\t\t\t<div class=\"has_eae_slider elementor-column elementor-col-100 elementor-top-column elementor-element elementor-element-e6d01b5\" data-id=\"e6d01b5\" data-element_type=\"column\">\n\t\t\t<div class=\"elementor-widget-wrap elementor-element-populated\">\n\t\t\t\t\t\t<div class=\"elementor-element elementor-element-becae68 elementor-widget elementor-widget-text-editor\" data-id=\"becae68\" data-element_type=\"widget\" data-widget_type=\"text-editor.default\">\n\t\t\t\t<div class=\"elementor-widget-container\">\n\t\t\t\t\t\t\t\t\t<p><span><b>Vorbitori:<br \/><\/b><\/span><span><a href=\"https:\/\/www.posticum.ro\/ro\/dr-barcsay-\u00e1kos\/\">Dr. \u00c1kos Barcsay<\/a><\/span><\/p>\t\t\t\t\t\t\t\t<\/div>\n\t\t\t\t<\/div>\n\t\t\t\t<div class=\"elementor-element elementor-element-18ab567 elementor-widget elementor-widget-text-editor\" data-id=\"18ab567\" data-element_type=\"widget\" data-widget_type=\"text-editor.default\">\n\t\t\t\t<div class=\"elementor-widget-container\">\n\t\t\t\t\t\t\t\t\t<p><span><b>Subiect:<\/b><\/span><\/p><p>Uneori nici nu ne d\u0103m seama c\u00e2t bagaj emo\u021bional purt\u0103m cu noi. Nici nu ne d\u0103m seama c\u0103 butoiul se umple de-a lungul anilor, p\u00e2n\u0103 c\u00e2nd \u00een cele din urm\u0103 sim\u021bim: \u201eDeseori nu \u00een\u021beleg de ce am reac\u021bionat a\u0219a\u201d, \u201eNu mai vreau s\u0103 continui a\u0219a\u201d sau \u201eCum pot ie\u0219i din aceast\u0103 pr\u0103pastie?\u201d<\/p><p>Sufletul nostru g\u0103se\u0219te adesea porti\u021be de sc\u0103pare pentru a scoate la suprafa\u021b\u0103 probleme trecute \u0219i neprocesate \u0219i atrage aten\u021bia asupra sa sub forma unei variet\u0103\u021bi de simptome: rela\u021biile noastre nu func\u021bioneaz\u0103, suferim de anxietate sau panic\u0103, ne sim\u021bim incompleti \u0219i ne autocritic\u0103m constant, ne lipse\u0219te \u00eencrederea \u00een sine \u0219i presiunea de a performa, nu ne mai sim\u021bim conecta\u021bi cu noi \u00een\u0219ine, ca \u0219i cum ne-am fi pierdut pe noi \u00een\u0219ine \u0219i suntem nemul\u021bumi\u021bi, ne ardem pe din\u0103untru \u0219i sim\u021bim c\u0103 am r\u0103mas f\u0103r\u0103 energie. Dezvolt\u0103m probleme fizice, dureri sau chiar boli. \u0218i cre\u0103m tot felul de alte drame\u2026<\/p><p>Dac\u0103 \u00eemi vindec copilul interior, iubirea de sine, \u00eencrederea \u00een sine, acceptarea de sine \u0219i cunoa\u0219terea de sine vor fi \u00eent\u0103rite.<\/p><p>E\u0219ti preg\u0103tit s\u0103 te confrun\u021bi cu lumea ta interioar\u0103 cu dragoste \u0219i curaj?<\/p><p>\u021ai-ar pl\u0103cea s\u0103 aprofundezi subiectele iubirii de sine, vindec\u0103rii emo\u021bionale \u0219i lucrului cu copilul interior?<\/p><p>Vino \u0219i particip\u0103 la grupul de autocunoa\u0219tere \u201eterapia copilului interior\u201d!<\/p>\t\t\t\t\t\t\t\t<\/div>\n\t\t\t\t<\/div>\n\t\t\t\t<div class=\"elementor-element elementor-element-28a1550 elementor-widget elementor-widget-text-editor\" data-id=\"28a1550\" data-element_type=\"widget\" data-widget_type=\"text-editor.default\">\n\t\t\t\t<div class=\"elementor-widget-container\">\n\t\t\t\t\t\t\t\t\t<p><span><b>Loca\u021bie:<\/b><\/span><\/p>\n<p><span>Posticum, str. Teiului nr. 26, Oradea<\/span><\/p>\t\t\t\t\t\t\t\t<\/div>\n\t\t\t\t<\/div>\n\t\t\t\t<div class=\"elementor-element elementor-element-e1c9353 elementor-widget elementor-widget-text-editor\" data-id=\"e1c9353\" data-element_type=\"widget\" data-widget_type=\"text-editor.default\">\n\t\t\t\t<div class=\"elementor-widget-container\">\n\t\t\t\t\t\t\t\t\t<p><span><b>\u00censcriere:<\/b><\/span><\/p><p><span>La adresa de e-mail a lui Imre Rencsik:\u00a0<a href=\"mailto:rencsik@yahoo.de\" rel=\"nofollow noopener\" target=\"_blank\">rencsik@yahoo.de<\/a><\/span><\/p>\t\t\t\t\t\t\t\t<\/div>\n\t\t\t\t<\/div>\n\t\t\t\t<div class=\"elementor-element elementor-element-0c43618 elementor-widget elementor-widget-text-editor\" data-id=\"0c43618\" data-element_type=\"widget\" data-widget_type=\"text-editor.default\">\n\t\t\t\t<div class=\"elementor-widget-container\">\n\t\t\t\t\t\t\t\t\t<p><span><b>Data:<\/b><\/span><\/p><p>9 iulie 2025<\/p><p>Se desf\u0103\u0219oar\u0103 \u00een trei blocuri:<br \/>10:00-12:00, 14:00-16:00, 17:00-18:00.<\/p>\t\t\t\t\t\t\t\t<\/div>\n\t\t\t\t<\/div>\n\t\t\t\t<div class=\"elementor-element elementor-element-b205420 elementor-widget elementor-widget-text-editor\" data-id=\"b205420\" data-element_type=\"widget\" data-widget_type=\"text-editor.default\">\n\t\t\t\t<div class=\"elementor-widget-container\">\n\t\t\t\t\t\t\t\t\t<p><span><b>M\u0103rimea grupului:<\/b><\/span><\/p><p>12 persoane<\/p>\t\t\t\t\t\t\t\t<\/div>\n\t\t\t\t<\/div>\n\t\t\t\t<div class=\"elementor-element elementor-element-2fed4ae elementor-widget elementor-widget-text-editor\" data-id=\"2fed4ae\" data-element_type=\"widget\" data-widget_type=\"text-editor.default\">\n\t\t\t\t<div class=\"elementor-widget-container\">\n\t\t\t\t\t\t\t\t\t<p><span><b>Contribu\u021bie la costuri:<\/b><\/span><\/p>\n<p>50 EUR (inclusiv pr\u00e2nzul \u0219i cina)<\/p>\n<p><span style=\"font-size: inherit;\">Participarea \u0219i dona\u021bia ta sus\u021bin func\u021bionarea \u0219i programele Posticum.<\/span><\/p>\t\t\t\t\t\t\t\t<\/div>\n\t\t\t\t<\/div>\n\t\t\t\t\t<\/div>\n\t\t<\/div>\n\t\t\t\t\t<\/div>\n\t\t<\/section>\n\t\t\t\t<section class=\"has_eae_slider elementor-section elementor-top-section elementor-element elementor-element-634cedc elementor-section-boxed elementor-section-height-default elementor-section-height-default\" data-id=\"634cedc\" data-element_type=\"section\">\n\t\t\t\t\t\t<div class=\"elementor-container elementor-column-gap-default\">\n\t\t\t\t\t<div class=\"has_eae_slider elementor-column elementor-col-100 elementor-top-column elementor-element elementor-element-ac2f5a5\" data-id=\"ac2f5a5\" data-element_type=\"column\">\n\t\t\t<div class=\"elementor-widget-wrap elementor-element-populated\">\n\t\t\t\t\t\t<div class=\"elementor-element elementor-element-e4944a7 elementor-widget elementor-widget-spacer\" data-id=\"e4944a7\" data-element_type=\"widget\" data-widget_type=\"spacer.default\">\n\t\t\t\t<div class=\"elementor-widget-container\">\n\t\t\t\t\t\t\t<div class=\"elementor-spacer\">\n\t\t\t<div class=\"elementor-spacer-inner\"><\/div>\n\t\t<\/div>\n\t\t\t\t\t\t<\/div>\n\t\t\t\t<\/div>\n\t\t\t\t\t<\/div>\n\t\t<\/div>\n\t\t\t\t\t<\/div>\n\t\t<\/section>\n\t\t\t\t<\/div>","protected":false},"excerpt":{"rendered":"<p>Bels\u0151 gyermek ter\u00e1pia El\u0151ad\u00f3k:Dr. Barcsay \u00c1kos T\u00e9ma: N\u00e9ha \u00e9szre sem vessz\u00fck, hogy mennyi \u00e9rzelmi terhet cipel\u00fcnk magunkkal. Azt sem, hogy a hord\u00f3 az \u00e9vek sor\u00e1n egyre jobban megtelik, m\u00edg v\u00e9g\u00fcl \u00fagy \u00e9rezz\u00fck: &#8222;gyakran nem is \u00e9rtem, mi\u00e9rt reag\u00e1ltam \u00edgy&#8221;, &#8222;nem akarom t\u00f6bb\u00e9 \u00edgy folytatni&#8221; vagy &#8222;hogyan juthatok ki ebb\u0151l a [&hellip;]<\/p>","protected":false},"author":3,"featured_media":0,"parent":0,"menu_order":0,"comment_status":"closed","ping_status":"closed","template":"","meta":{"_exactmetrics_skip_tracking":false,"_exactmetrics_sitenote_active":false,"_exactmetrics_sitenote_note":"","_exactmetrics_sitenote_category":0,"footnotes":""},"class_list":["post-7191","page","type-page","status-publish","hentry"],"_links":{"self":[{"href":"https:\/\/www.posticum.ro\/ro\/wp-json\/wp\/v2\/pages\/7191","targetHints":{"allow":["GET"]}}],"collection":[{"href":"https:\/\/www.posticum.ro\/ro\/wp-json\/wp\/v2\/pages"}],"about":[{"href":"https:\/\/www.posticum.ro\/ro\/wp-json\/wp\/v2\/types\/page"}],"author":[{"embeddable":true,"href":"https:\/\/www.posticum.ro\/ro\/wp-json\/wp\/v2\/users\/3"}],"replies":[{"embeddable":true,"href":"https:\/\/www.posticum.ro\/ro\/wp-json\/wp\/v2\/comments?post=7191"}],"version-history":[{"count":7,"href":"https:\/\/www.posticum.ro\/ro\/wp-json\/wp\/v2\/pages\/7191\/revisions"}],"predecessor-version":[{"id":7198,"href":"https:\/\/www.posticum.ro\/ro\/wp-json\/wp\/v2\/pages\/7191\/revisions\/7198"}],"wp:attachment":[{"href":"https:\/\/www.posticum.ro\/ro\/wp-json\/wp\/v2\/media?parent=7191"}],"curies":[{"name":"wp","href":"https:\/\/api.w.org\/{rel}","templated":true}]}}