{"id":7025,"date":"2025-04-21T19:32:56","date_gmt":"2025-04-21T17:32:56","guid":{"rendered":"https:\/\/www.posticum.ro\/?page_id=7025"},"modified":"2025-05-25T08:39:02","modified_gmt":"2025-05-25T06:39:02","slug":"dr-barcsay-andras","status":"publish","type":"page","link":"https:\/\/www.posticum.ro\/ro\/dr-barcsay-andras\/","title":{"rendered":""},"content":{"rendered":"<div data-elementor-type=\"wp-page\" data-elementor-id=\"7025\" class=\"elementor elementor-7025\">\n\t\t\t\t\t\t<section class=\"has_eae_slider elementor-section elementor-top-section elementor-element elementor-element-57e105d elementor-section-boxed elementor-section-height-default elementor-section-height-default\" data-id=\"57e105d\" data-element_type=\"section\">\n\t\t\t\t\t\t<div class=\"elementor-container elementor-column-gap-default\">\n\t\t\t\t\t<div class=\"has_eae_slider elementor-column elementor-col-100 elementor-top-column elementor-element elementor-element-5fdb0e2\" data-id=\"5fdb0e2\" data-element_type=\"column\">\n\t\t\t<div class=\"elementor-widget-wrap elementor-element-populated\">\n\t\t\t\t\t\t<div class=\"elementor-element elementor-element-2ce6e0d elementor-widget elementor-widget-heading\" data-id=\"2ce6e0d\" data-element_type=\"widget\" data-widget_type=\"heading.default\">\n\t\t\t\t<div class=\"elementor-widget-container\">\n\t\t\t\t\t<h2 class=\"elementor-heading-title elementor-size-default\">Dr. Andr\u00e1s Barcsay<\/h2>\t\t\t\t<\/div>\n\t\t\t\t<\/div>\n\t\t\t\t\t<\/div>\n\t\t<\/div>\n\t\t\t\t\t<\/div>\n\t\t<\/section>\n\t\t\t\t<section class=\"has_eae_slider elementor-section elementor-top-section elementor-element elementor-element-5a64229 elementor-section-boxed elementor-section-height-default elementor-section-height-default\" data-id=\"5a64229\" data-element_type=\"section\">\n\t\t\t\t\t\t<div class=\"elementor-container elementor-column-gap-default\">\n\t\t\t\t\t<div class=\"has_eae_slider elementor-column elementor-col-100 elementor-top-column elementor-element elementor-element-d9ee677\" data-id=\"d9ee677\" data-element_type=\"column\">\n\t\t\t<div class=\"elementor-widget-wrap elementor-element-populated\">\n\t\t\t\t\t\t<div class=\"elementor-element elementor-element-45c8e57 elementor-widget elementor-widget-spacer\" data-id=\"45c8e57\" data-element_type=\"widget\" data-widget_type=\"spacer.default\">\n\t\t\t\t<div class=\"elementor-widget-container\">\n\t\t\t\t\t\t\t<div class=\"elementor-spacer\">\n\t\t\t<div class=\"elementor-spacer-inner\"><\/div>\n\t\t<\/div>\n\t\t\t\t\t\t<\/div>\n\t\t\t\t<\/div>\n\t\t\t\t\t<\/div>\n\t\t<\/div>\n\t\t\t\t\t<\/div>\n\t\t<\/section>\n\t\t\t\t<section class=\"has_eae_slider elementor-section elementor-top-section elementor-element elementor-element-8345297 elementor-section-boxed elementor-section-height-default elementor-section-height-default\" data-id=\"8345297\" data-element_type=\"section\">\n\t\t\t\t\t\t<div class=\"elementor-container elementor-column-gap-default\">\n\t\t\t\t\t<div class=\"has_eae_slider elementor-column elementor-col-100 elementor-top-column elementor-element elementor-element-5993591\" data-id=\"5993591\" data-element_type=\"column\">\n\t\t\t<div class=\"elementor-widget-wrap elementor-element-populated\">\n\t\t\t\t\t\t<div class=\"elementor-element elementor-element-3fb6a7a elementor-widget elementor-widget-image\" data-id=\"3fb6a7a\" data-element_type=\"widget\" data-widget_type=\"image.default\">\n\t\t\t\t<div class=\"elementor-widget-container\">\n\t\t\t\t\t\t\t\t\t\t\t\t\t\t\t<img fetchpriority=\"high\" decoding=\"async\" width=\"750\" height=\"717\" src=\"https:\/\/www.posticum.ro\/wp-content\/uploads\/2025\/04\/barcsay-andras-768x734.jpg\" class=\"attachment-medium_large size-medium_large wp-image-7028\" alt=\"\" srcset=\"https:\/\/www.posticum.ro\/wp-content\/uploads\/2025\/04\/barcsay-andras-768x734.jpg 768w, https:\/\/www.posticum.ro\/wp-content\/uploads\/2025\/04\/barcsay-andras-300x287.jpg 300w, https:\/\/www.posticum.ro\/wp-content\/uploads\/2025\/04\/barcsay-andras-1024x979.jpg 1024w, https:\/\/www.posticum.ro\/wp-content\/uploads\/2025\/04\/barcsay-andras-13x12.jpg 13w, https:\/\/www.posticum.ro\/wp-content\/uploads\/2025\/04\/barcsay-andras.jpg 1449w\" sizes=\"(max-width: 750px) 100vw, 750px\" \/>\t\t\t\t\t\t\t\t\t\t\t\t\t\t\t<\/div>\n\t\t\t\t<\/div>\n\t\t\t\t<div class=\"elementor-element elementor-element-f751334 elementor-widget elementor-widget-text-editor\" data-id=\"f751334\" data-element_type=\"widget\" data-widget_type=\"text-editor.default\">\n\t\t\t\t<div class=\"elementor-widget-container\">\n\t\t\t\t\t\t\t\t\t<p><span>psihiatru<\/span><\/p>\t\t\t\t\t\t\t\t<\/div>\n\t\t\t\t<\/div>\n\t\t\t\t\t<\/div>\n\t\t<\/div>\n\t\t\t\t\t<\/div>\n\t\t<\/section>\n\t\t\t\t<section class=\"has_eae_slider elementor-section elementor-top-section elementor-element elementor-element-8cd33fe elementor-section-boxed elementor-section-height-default elementor-section-height-default\" data-id=\"8cd33fe\" data-element_type=\"section\">\n\t\t\t\t\t\t<div class=\"elementor-container elementor-column-gap-default\">\n\t\t\t\t\t<div class=\"has_eae_slider elementor-column elementor-col-100 elementor-top-column elementor-element elementor-element-a8c3bd7\" data-id=\"a8c3bd7\" data-element_type=\"column\">\n\t\t\t<div class=\"elementor-widget-wrap elementor-element-populated\">\n\t\t\t\t\t\t<div class=\"elementor-element elementor-element-23a3427 elementor-widget elementor-widget-spacer\" data-id=\"23a3427\" data-element_type=\"widget\" data-widget_type=\"spacer.default\">\n\t\t\t\t<div class=\"elementor-widget-container\">\n\t\t\t\t\t\t\t<div class=\"elementor-spacer\">\n\t\t\t<div class=\"elementor-spacer-inner\"><\/div>\n\t\t<\/div>\n\t\t\t\t\t\t<\/div>\n\t\t\t\t<\/div>\n\t\t\t\t\t<\/div>\n\t\t<\/div>\n\t\t\t\t\t<\/div>\n\t\t<\/section>\n\t\t\t\t<section class=\"has_eae_slider elementor-section elementor-top-section elementor-element elementor-element-609610b elementor-section-boxed elementor-section-height-default elementor-section-height-default\" data-id=\"609610b\" data-element_type=\"section\">\n\t\t\t\t\t\t<div class=\"elementor-container elementor-column-gap-default\">\n\t\t\t\t\t<div class=\"has_eae_slider elementor-column elementor-col-100 elementor-top-column elementor-element elementor-element-14d1b60\" data-id=\"14d1b60\" data-element_type=\"column\">\n\t\t\t<div class=\"elementor-widget-wrap elementor-element-populated\">\n\t\t\t\t\t\t<div class=\"elementor-element elementor-element-3c3ec09 elementor-widget elementor-widget-text-editor\" data-id=\"3c3ec09\" data-element_type=\"widget\" data-widget_type=\"text-editor.default\">\n\t\t\t\t<div class=\"elementor-widget-container\">\n\t\t\t\t\t\t\t\t\t<p><span>M-am n\u0103scut \u00een Germania \u00een 1970 din p\u0103rin\u021bi maghiari. Prima mea voca\u021bie mi-am g\u0103sit-o \u00een cerceta\u0219ii maghiari din str\u0103in\u0103tate. Am absolvit facultatea de medicin\u0103 din Mainz \u0219i am dob\u00e2ndit experien\u021b\u0103 profesional\u0103 \u00een clinici de psihiatrie \u0219i psihiatrie pentru copii \u0219i adolescen\u021bi. Am absolvit un curs de formare \u00een psihoterapia copilului, tinerilor \u0219i familiei \u0219i am devenit psihiatru \u0219i psihoterapeut \u00een Germania \u00een 2006.<\/span><\/p>\n<p><span>Am avut \u0219apte copii din rela\u021biile mele. Din 1994, sunt director al Funda\u021biei Satul Copiilor Candleflame din Mariak\u00e9m\u00e9nd, fondat\u0103 cu prieteni cerceta\u0219i, care se bazeaz\u0103 pe spiritul cerceta\u0219ilor \u0219i pe exemplul comunit\u0103\u021bii Taiz\u00e9. Pelerinajul meu personal este inspirat de rug\u0103ciunile zilnice de la Taiz\u00e9.<\/span><\/p>\n<p><span>Sunt pasionat de explorarea modului \u00een care se poate combina puterea vindec\u0103toare a medicinei tradi\u021bionale \u0219i a spiritualit\u0103\u021bii \u00een slujba sufletului. O descoperire personal\u0103 important\u0103 este aceea c\u0103 \u00cemp\u0103r\u0103\u021bia lui Dumnezeu este o realitate direct tangibil\u0103. Atunci c\u00e2nd este tr\u0103it\u0103 cu curaj, ea ne modeleaz\u0103 via\u021ba de zi cu zi \u00een moduri profunde. Poate ap\u0103rea o invita\u021bie care schimb\u0103 via\u021ba \u0219i care dep\u0103\u0219e\u0219te cadrele \u0219i ideile noastre obi\u0219nuite.<\/span><\/p>\n<p><span>Dumnezeu - fidel naturii sale - cheam\u0103 cu o bl\u00e2nde\u021be total\u0103, \u00een t\u0103cere \u0219i aproape imperceptibil. La aceast\u0103 invita\u021bie profund personal\u0103 \u0219i unic\u0103 a\u0219 dori s\u0103 \u00eei sensibilizez pe cei care sunt interesa\u021bi \u0219i caut\u0103. Voi \u00eencerca s\u0103 fac posibil\u0103 aceast\u0103 experien\u021b\u0103 prin rug\u0103ciune, conversa\u021bie \u0219i exerci\u021bii care vor mi\u0219ca trupul \u0219i sufletul.<\/span><\/p>\t\t\t\t\t\t\t\t<\/div>\n\t\t\t\t<\/div>\n\t\t\t\t\t<\/div>\n\t\t<\/div>\n\t\t\t\t\t<\/div>\n\t\t<\/section>\n\t\t\t\t<section class=\"has_eae_slider elementor-section elementor-top-section elementor-element elementor-element-70dcb14 elementor-section-boxed elementor-section-height-default elementor-section-height-default\" data-id=\"70dcb14\" data-element_type=\"section\">\n\t\t\t\t\t\t<div class=\"elementor-container elementor-column-gap-default\">\n\t\t\t\t\t<div class=\"has_eae_slider elementor-column elementor-col-100 elementor-top-column elementor-element elementor-element-ed41d52\" data-id=\"ed41d52\" data-element_type=\"column\">\n\t\t\t<div class=\"elementor-widget-wrap elementor-element-populated\">\n\t\t\t\t\t\t<div class=\"elementor-element elementor-element-9b0987d elementor-widget elementor-widget-spacer\" data-id=\"9b0987d\" data-element_type=\"widget\" data-widget_type=\"spacer.default\">\n\t\t\t\t<div class=\"elementor-widget-container\">\n\t\t\t\t\t\t\t<div class=\"elementor-spacer\">\n\t\t\t<div class=\"elementor-spacer-inner\"><\/div>\n\t\t<\/div>\n\t\t\t\t\t\t<\/div>\n\t\t\t\t<\/div>\n\t\t\t\t\t<\/div>\n\t\t<\/div>\n\t\t\t\t\t<\/div>\n\t\t<\/section>\n\t\t\t\t<\/div>","protected":false},"excerpt":{"rendered":"<p>Dr. Barcsay Andr\u00e1s pszichi\u00e1ter 1970-ben sz\u00fclettem N\u00e9metorsz\u00e1gban, magyar sz\u00fcl\u0151k gyermekek\u00e9nt. Els\u0151 hivat\u00e1somat a k\u00fclf\u00f6ld\u00f6n m\u0171k\u00f6d\u0151 magyar cserk\u00e9szetben tal\u00e1ltam meg. Mainzban v\u00e9geztem az orvosi egyetemet, majd pszichi\u00e1triai, valamint gyermek- \u00e9s ifj\u00fas\u00e1gpszichi\u00e1triai klinik\u00e1kon szereztem szakmai tapasztalatot. Elv\u00e9geztem egy gyermek-, ifj\u00fas\u00e1gi \u00e9s csal\u00e1dpszichoter\u00e1pi\u00e1s k\u00e9pz\u00e9st, \u00e9s 2006-ban N\u00e9metorsz\u00e1gban pszichi\u00e1terr\u00e9 \u00e9s pszichoter\u00e1pi\u00e1s szakorvoss\u00e1 v\u00e1ltam. P\u00e1rkapcsolataimb\u00f3l [&hellip;]<\/p>","protected":false},"author":3,"featured_media":0,"parent":0,"menu_order":0,"comment_status":"closed","ping_status":"closed","template":"","meta":{"_exactmetrics_skip_tracking":false,"_exactmetrics_sitenote_active":false,"_exactmetrics_sitenote_note":"","_exactmetrics_sitenote_category":0,"footnotes":""},"class_list":["post-7025","page","type-page","status-publish","hentry"],"_links":{"self":[{"href":"https:\/\/www.posticum.ro\/ro\/wp-json\/wp\/v2\/pages\/7025","targetHints":{"allow":["GET"]}}],"collection":[{"href":"https:\/\/www.posticum.ro\/ro\/wp-json\/wp\/v2\/pages"}],"about":[{"href":"https:\/\/www.posticum.ro\/ro\/wp-json\/wp\/v2\/types\/page"}],"author":[{"embeddable":true,"href":"https:\/\/www.posticum.ro\/ro\/wp-json\/wp\/v2\/users\/3"}],"replies":[{"embeddable":true,"href":"https:\/\/www.posticum.ro\/ro\/wp-json\/wp\/v2\/comments?post=7025"}],"version-history":[{"count":12,"href":"https:\/\/www.posticum.ro\/ro\/wp-json\/wp\/v2\/pages\/7025\/revisions"}],"predecessor-version":[{"id":7060,"href":"https:\/\/www.posticum.ro\/ro\/wp-json\/wp\/v2\/pages\/7025\/revisions\/7060"}],"wp:attachment":[{"href":"https:\/\/www.posticum.ro\/ro\/wp-json\/wp\/v2\/media?parent=7025"}],"curies":[{"name":"wp","href":"https:\/\/api.w.org\/{rel}","templated":true}]}}