{"id":6837,"date":"2025-03-05T09:26:53","date_gmt":"2025-03-05T07:26:53","guid":{"rendered":"https:\/\/www.posticum.ro\/?page_id=6837"},"modified":"2025-03-07T11:14:14","modified_gmt":"2025-03-07T09:14:14","slug":"programok","status":"publish","type":"page","link":"https:\/\/www.posticum.ro\/ro\/programok\/","title":{"rendered":"Programok"},"content":{"rendered":"<div data-elementor-type=\"wp-page\" data-elementor-id=\"6837\" class=\"elementor elementor-6837\">\n\t\t\t\t\t\t<section class=\"has_eae_slider elementor-section elementor-top-section elementor-element elementor-element-2ba3cee elementor-section-boxed elementor-section-height-default elementor-section-height-default\" data-id=\"2ba3cee\" data-element_type=\"section\">\n\t\t\t\t\t\t<div class=\"elementor-container elementor-column-gap-default\">\n\t\t\t\t\t<div class=\"has_eae_slider elementor-column elementor-col-100 elementor-top-column elementor-element elementor-element-f31eac8\" data-id=\"f31eac8\" data-element_type=\"column\">\n\t\t\t<div class=\"elementor-widget-wrap elementor-element-populated\">\n\t\t\t\t\t\t<div class=\"elementor-element elementor-element-b591de8 elementor-widget elementor-widget-heading\" data-id=\"b591de8\" data-element_type=\"widget\" data-widget_type=\"heading.default\">\n\t\t\t\t<div class=\"elementor-widget-container\">\n\t\t\t\t\t<h2 class=\"elementor-heading-title elementor-size-default\">Programe actuale<\/h2>\t\t\t\t<\/div>\n\t\t\t\t<\/div>\n\t\t\t\t<div class=\"elementor-element elementor-element-dc8ac77 elementor-widget elementor-widget-shortcode\" data-id=\"dc8ac77\" data-element_type=\"widget\" data-widget_type=\"shortcode.default\">\n\t\t\t\t<div class=\"elementor-widget-container\">\n\t\t\t\t\t\t\t<div class=\"elementor-shortcode\"><\/div>\n\t\t\t\t\t\t<\/div>\n\t\t\t\t<\/div>\n\t\t\t\t\t<\/div>\n\t\t<\/div>\n\t\t\t\t\t<\/div>\n\t\t<\/section>\n\t\t\t\t<section class=\"has_eae_slider elementor-section elementor-top-section elementor-element elementor-element-8344bc9 elementor-section-boxed elementor-section-height-default elementor-section-height-default\" data-id=\"8344bc9\" data-element_type=\"section\">\n\t\t\t\t\t\t<div class=\"elementor-container elementor-column-gap-default\">\n\t\t\t\t\t<div class=\"has_eae_slider elementor-column elementor-col-100 elementor-top-column elementor-element elementor-element-1ec6814\" data-id=\"1ec6814\" data-element_type=\"column\">\n\t\t\t<div class=\"elementor-widget-wrap elementor-element-populated\">\n\t\t\t\t\t\t<div class=\"elementor-element elementor-element-d149467 elementor-widget elementor-widget-heading\" data-id=\"d149467\" data-element_type=\"widget\" data-widget_type=\"heading.default\">\n\t\t\t\t<div class=\"elementor-widget-container\">\n\t\t\t\t\t<h2 class=\"elementor-heading-title elementor-size-default\">Arhiv\u0103 la<\/h2>\t\t\t\t<\/div>\n\t\t\t\t<\/div>\n\t\t\t\t<div class=\"elementor-element elementor-element-f1083e6 eae-pl-img-align-left elementor-widget elementor-widget-wts-postlist\" data-id=\"f1083e6\" data-element_type=\"widget\" data-widget_type=\"wts-postlist.default\">\n\t\t\t\t<div class=\"elementor-widget-container\">\n\t\t\t\t\t\t\t\t<div class=\"wts-eae-pl-wrapper\">\n\t\t\t\t\t\t\t\t\t\t<ul>\n\t\t\t\t\t\t\t\t\t\t\t\t\t\t<li>\n\t\t\t\t\t\t\t\t\t\t\t\t\t\t\t\t\t\t\t\t\t\t\t<div class=\"eae-pl-image-wrapper\">\n\t\t\t\t\t\t\t\t\t\t<a href=\"https:\/\/www.posticum.ro\/ro\/march-21-7pm-bad-people-society\/\" title=\"March 21. &#8211; 7pm \/\/ bad.people.society\">\n\t\t\t\t\t\t\t\t\t\t\t\t\t\t\t\t\t\t\t\t\t<\/a>\n\t\t\t\t\t\t\t\t\t<\/div>\n\t\t\t\t\t\t\t\t\t\t\t\t\t\t\t\t\t\t<div class=\"eae-pl-content-box-wrapper\">\n\n\t\t\t\t\t\t\t\t\t\t\t\t\t\t\t\t\t\t\t<h3 class=\"eae-pl-title\"><a href=\"https:\/\/www.posticum.ro\/ro\/march-21-7pm-bad-people-society\/\" title=\"March 21. &#8211; 7pm \/\/ bad.people.society\">March 21. &#8211; 7pm \/\/ bad.people.society<\/a><\/h3>\n\t\t\t\t\t\t\t\t\t\n\t\t\t\t\t\t\t\t\t\t\t\t\t\t\t\t\t\t\t<div class=\"eae-pl-content-box\">\n\t\t\t\t\t\t\t\t\t\t\tOpen mic session with locally sourced Romanian, Hungarian and Queer...\t\t\t\t\t\t\t\t\t\t<\/div>\n\t\t\t\t\t\t\t\t\t\n\t\t\t\t\t\t\t\t\t\t\t\t\t\t\t\t\t\t\t<div class=\"eae-pl-readmore\">\n\t\t\t\t\t\t\t\t\t\t\t<a href=\"https:\/\/www.posticum.ro\/ro\/march-21-7pm-bad-people-society\/\" title=\"March 21. &#8211; 7pm \/\/ bad.people.society\">Cite\u0219te mai mult<\/a>\n\t\t\t\t\t\t\t\t\t\t<\/div>\n\t\t\t\t\t\t\t\t\t\t\t\t\t\t\t\t\t\t<\/div>\n\t\t\t\t\t\t\t\t<\/li>\n\t\t\t\t\t\t\t\t\t\t\t\t\t\t\t<li>\n\t\t\t\t\t\t\t\t\t\t\t\t\t\t\t\t\t\t\t\t\t\t\t<div class=\"eae-pl-image-wrapper\">\n\t\t\t\t\t\t\t\t\t\t<a href=\"https:\/\/www.posticum.ro\/ro\/march-07-7pm-in-the-footsteps-of-gyorgy-sebok-and-janos-starker\/\" title=\"March 07. &#8211; 7pm \/\/ In the Footsteps of Gy\u00f6rgy Seb\u0151k and J\u00e1nos Starker\">\n\t\t\t\t\t\t\t\t\t\t\t\t\t\t\t\t\t\t\t\t\t<\/a>\n\t\t\t\t\t\t\t\t\t<\/div>\n\t\t\t\t\t\t\t\t\t\t\t\t\t\t\t\t\t\t<div class=\"eae-pl-content-box-wrapper\">\n\n\t\t\t\t\t\t\t\t\t\t\t\t\t\t\t\t\t\t\t<h3 class=\"eae-pl-title\"><a href=\"https:\/\/www.posticum.ro\/ro\/march-07-7pm-in-the-footsteps-of-gyorgy-sebok-and-janos-starker\/\" title=\"March 07. &#8211; 7pm \/\/ In the Footsteps of Gy\u00f6rgy Seb\u0151k and J\u00e1nos Starker\">March 07. &#8211; 7pm \/\/ In the Footsteps of Gy\u00f6rgy Seb\u0151k and J\u00e1nos Starker<\/a><\/h3>\n\t\t\t\t\t\t\t\t\t\n\t\t\t\t\t\t\t\t\t\t\t\t\t\t\t\t\t\t\t<div class=\"eae-pl-content-box\">\n\t\t\t\t\t\t\t\t\t\t\t\"In the Footsteps of Gy\u00f6rgy Seb\u0151k and J\u00e1nos Starker\"- Concert...\t\t\t\t\t\t\t\t\t\t<\/div>\n\t\t\t\t\t\t\t\t\t\n\t\t\t\t\t\t\t\t\t\t\t\t\t\t\t\t\t\t\t<div class=\"eae-pl-readmore\">\n\t\t\t\t\t\t\t\t\t\t\t<a href=\"https:\/\/www.posticum.ro\/ro\/march-07-7pm-in-the-footsteps-of-gyorgy-sebok-and-janos-starker\/\" title=\"March 07. &#8211; 7pm \/\/ In the Footsteps of Gy\u00f6rgy Seb\u0151k and J\u00e1nos Starker\">Cite\u0219te mai mult<\/a>\n\t\t\t\t\t\t\t\t\t\t<\/div>\n\t\t\t\t\t\t\t\t\t\t\t\t\t\t\t\t\t\t<\/div>\n\t\t\t\t\t\t\t\t<\/li>\n\t\t\t\t\t\t\t\t\t\t\t\t\t\t\t<li>\n\t\t\t\t\t\t\t\t\t\t\t\t\t\t\t\t\t\t\t\t\t\t\t<div class=\"eae-pl-image-wrapper\">\n\t\t\t\t\t\t\t\t\t\t<a href=\"https:\/\/www.posticum.ro\/ro\/march-06-6pm-restaurant-egalitas-2\/\" title=\"MARCH 06 &#8211; 6pm \/\/ RESTAURANT EGALITAS\">\n\t\t\t\t\t\t\t\t\t\t\t\t\t\t\t\t\t\t\t\t\t<\/a>\n\t\t\t\t\t\t\t\t\t<\/div>\n\t\t\t\t\t\t\t\t\t\t\t\t\t\t\t\t\t\t<div class=\"eae-pl-content-box-wrapper\">\n\n\t\t\t\t\t\t\t\t\t\t\t\t\t\t\t\t\t\t\t<h3 class=\"eae-pl-title\"><a href=\"https:\/\/www.posticum.ro\/ro\/march-06-6pm-restaurant-egalitas-2\/\" title=\"MARCH 06 &#8211; 6pm \/\/ RESTAURANT EGALITAS\">MARCH 06 &#8211; 6pm \/\/ RESTAURANT EGALITAS<\/a><\/h3>\n\t\t\t\t\t\t\t\t\t\n\t\t\t\t\t\t\t\t\t\t\t\t\t\t\t\t\t\t\t<div class=\"eae-pl-content-box\">\n\t\t\t\t\t\t\t\t\t\t\tRestaurant EGALITAS\ud83d\udcdcRORestaurant EGALITAS6 martie 2026, ora 18:00 \u2013 PosticumIn cadrul...\t\t\t\t\t\t\t\t\t\t<\/div>\n\t\t\t\t\t\t\t\t\t\n\t\t\t\t\t\t\t\t\t\t\t\t\t\t\t\t\t\t\t<div class=\"eae-pl-readmore\">\n\t\t\t\t\t\t\t\t\t\t\t<a href=\"https:\/\/www.posticum.ro\/ro\/march-06-6pm-restaurant-egalitas-2\/\" title=\"MARCH 06 &#8211; 6pm \/\/ RESTAURANT EGALITAS\">Cite\u0219te mai mult<\/a>\n\t\t\t\t\t\t\t\t\t\t<\/div>\n\t\t\t\t\t\t\t\t\t\t\t\t\t\t\t\t\t\t<\/div>\n\t\t\t\t\t\t\t\t<\/li>\n\t\t\t\t\t\t\t\t\t\t\t\t\t\t\t<li>\n\t\t\t\t\t\t\t\t\t\t\t\t\t\t\t\t\t\t\t\t\t\t\t<div class=\"eae-pl-image-wrapper\">\n\t\t\t\t\t\t\t\t\t\t<a href=\"https:\/\/www.posticum.ro\/ro\/february-28-7pm-vilagga-mentem-visszajonnek\/\" title=\"FEBRUARY 28 &#8211; 7pm \/\/ Vil\u00e1gg\u00e1 mentem, visszaj\u00f6nn\u00e9k\">\n\t\t\t\t\t\t\t\t\t\t\t\t\t\t\t\t\t\t\t\t\t<\/a>\n\t\t\t\t\t\t\t\t\t<\/div>\n\t\t\t\t\t\t\t\t\t\t\t\t\t\t\t\t\t\t<div class=\"eae-pl-content-box-wrapper\">\n\n\t\t\t\t\t\t\t\t\t\t\t\t\t\t\t\t\t\t\t<h3 class=\"eae-pl-title\"><a href=\"https:\/\/www.posticum.ro\/ro\/february-28-7pm-vilagga-mentem-visszajonnek\/\" title=\"FEBRUARY 28 &#8211; 7pm \/\/ Vil\u00e1gg\u00e1 mentem, visszaj\u00f6nn\u00e9k\">FEBRUARY 28 &#8211; 7pm \/\/ Vil\u00e1gg\u00e1 mentem, visszaj\u00f6nn\u00e9k<\/a><\/h3>\n\t\t\t\t\t\t\t\t\t\n\t\t\t\t\t\t\t\t\t\t\t\t\t\t\t\t\t\t\t<div class=\"eae-pl-content-box\">\n\t\t\t\t\t\t\t\t\t\t\tVil\u00e1gg\u00e1 mentem, visszaj\u00f6nn\u00e9k - horzsol\u00e1sok egy felvon\u00e1sbanTorner Anna Itt sem...\t\t\t\t\t\t\t\t\t\t<\/div>\n\t\t\t\t\t\t\t\t\t\n\t\t\t\t\t\t\t\t\t\t\t\t\t\t\t\t\t\t\t<div class=\"eae-pl-readmore\">\n\t\t\t\t\t\t\t\t\t\t\t<a href=\"https:\/\/www.posticum.ro\/ro\/february-28-7pm-vilagga-mentem-visszajonnek\/\" title=\"FEBRUARY 28 &#8211; 7pm \/\/ Vil\u00e1gg\u00e1 mentem, visszaj\u00f6nn\u00e9k\">Cite\u0219te mai mult<\/a>\n\t\t\t\t\t\t\t\t\t\t<\/div>\n\t\t\t\t\t\t\t\t\t\t\t\t\t\t\t\t\t\t<\/div>\n\t\t\t\t\t\t\t\t<\/li>\n\t\t\t\t\t\t\t\t\t\t\t\t\t\t\t<li>\n\t\t\t\t\t\t\t\t\t\t\t\t\t\t\t\t\t\t\t\t\t\t\t<div class=\"eae-pl-image-wrapper\">\n\t\t\t\t\t\t\t\t\t\t<a href=\"https:\/\/www.posticum.ro\/ro\/march-06-6pm-restaurant-egalitas\/\" title=\"FEBRUARY 26 &#8211; 7pm \/\/ A L\u00c9LEK \u00d6SV\u00c9NYEIN\">\n\t\t\t\t\t\t\t\t\t\t\t\t\t\t\t\t\t\t\t\t\t<\/a>\n\t\t\t\t\t\t\t\t\t<\/div>\n\t\t\t\t\t\t\t\t\t\t\t\t\t\t\t\t\t\t<div class=\"eae-pl-content-box-wrapper\">\n\n\t\t\t\t\t\t\t\t\t\t\t\t\t\t\t\t\t\t\t<h3 class=\"eae-pl-title\"><a href=\"https:\/\/www.posticum.ro\/ro\/march-06-6pm-restaurant-egalitas\/\" title=\"FEBRUARY 26 &#8211; 7pm \/\/ A L\u00c9LEK \u00d6SV\u00c9NYEIN\">FEBRUARY 26 &#8211; 7pm \/\/ A L\u00c9LEK \u00d6SV\u00c9NYEIN<\/a><\/h3>\n\t\t\t\t\t\t\t\t\t\n\t\t\t\t\t\t\t\t\t\t\t\t\t\t\t\t\t\t\t<div class=\"eae-pl-content-box\">\n\t\t\t\t\t\t\t\t\t\t\tA L\u00e9lek \u00d6sv\u00e9nyein, bring\u00e1val Bhut\u00e1non \u00e1t\ud83d\udcdcHU: El\u0151sz\u00f6r ker\u00fcl v\u00e1szonra Zich\u00f3...\t\t\t\t\t\t\t\t\t\t<\/div>\n\t\t\t\t\t\t\t\t\t\n\t\t\t\t\t\t\t\t\t\t\t\t\t\t\t\t\t\t\t<div class=\"eae-pl-readmore\">\n\t\t\t\t\t\t\t\t\t\t\t<a href=\"https:\/\/www.posticum.ro\/ro\/march-06-6pm-restaurant-egalitas\/\" title=\"FEBRUARY 26 &#8211; 7pm \/\/ A L\u00c9LEK \u00d6SV\u00c9NYEIN\">Cite\u0219te mai mult<\/a>\n\t\t\t\t\t\t\t\t\t\t<\/div>\n\t\t\t\t\t\t\t\t\t\t\t\t\t\t\t\t\t\t<\/div>\n\t\t\t\t\t\t\t\t<\/li>\n\t\t\t\t\t\t\t\t\t\t\t\t\t<\/ul>\n\t\t\t\t\t\t\t\t\t<\/div>\n\t\t\t\t\t\t<\/div>\n\t\t\t\t<\/div>\n\t\t\t\t\t<\/div>\n\t\t<\/div>\n\t\t\t\t\t<\/div>\n\t\t<\/section>\n\t\t\t\t<\/div>","protected":false},"excerpt":{"rendered":"<p>Aktu\u00e1lis programok Arch\u00edvum ZEN, ZAZEN, MEDITATION ZEN, ZAZEN, MEDITATIONZen is a practice and a tool. Zen&#8230; Read More NOVEMBER 09 &#8211; 6pm \/\/ RESTAURANT EGALITAS RESTAURANT EGALITASNovember\u00a0 09., 6pm?ROMotoul proiectului nostru:\u201dA oferi ajutor este unul&#8230; Read More OCTOBER 12. \/\/ JAZZTERRACE 2024: SYMBIOSIS 5 2024 October 12.SYMBIOSIS 5Levente Kapolcsi-Szab\u00f3 \u2013 [&hellip;]<\/p>","protected":false},"author":4,"featured_media":0,"parent":0,"menu_order":0,"comment_status":"closed","ping_status":"closed","template":"page-templates\/template-pagebuilder-full-width.php","meta":{"_exactmetrics_skip_tracking":false,"_exactmetrics_sitenote_active":false,"_exactmetrics_sitenote_note":"","_exactmetrics_sitenote_category":0,"footnotes":""},"class_list":["post-6837","page","type-page","status-publish","hentry"],"_links":{"self":[{"href":"https:\/\/www.posticum.ro\/ro\/wp-json\/wp\/v2\/pages\/6837","targetHints":{"allow":["GET"]}}],"collection":[{"href":"https:\/\/www.posticum.ro\/ro\/wp-json\/wp\/v2\/pages"}],"about":[{"href":"https:\/\/www.posticum.ro\/ro\/wp-json\/wp\/v2\/types\/page"}],"author":[{"embeddable":true,"href":"https:\/\/www.posticum.ro\/ro\/wp-json\/wp\/v2\/users\/4"}],"replies":[{"embeddable":true,"href":"https:\/\/www.posticum.ro\/ro\/wp-json\/wp\/v2\/comments?post=6837"}],"version-history":[{"count":14,"href":"https:\/\/www.posticum.ro\/ro\/wp-json\/wp\/v2\/pages\/6837\/revisions"}],"predecessor-version":[{"id":6916,"href":"https:\/\/www.posticum.ro\/ro\/wp-json\/wp\/v2\/pages\/6837\/revisions\/6916"}],"wp:attachment":[{"href":"https:\/\/www.posticum.ro\/ro\/wp-json\/wp\/v2\/media?parent=6837"}],"curies":[{"name":"wp","href":"https:\/\/api.w.org\/{rel}","templated":true}]}}