{"id":6225,"date":"2024-10-19T13:14:06","date_gmt":"2024-10-19T11:14:06","guid":{"rendered":"https:\/\/www.posticum.ro\/?page_id=6225"},"modified":"2025-10-07T09:38:58","modified_gmt":"2025-10-07T07:38:58","slug":"teremberles","status":"publish","type":"page","link":"https:\/\/www.posticum.ro\/ro\/teremberles\/","title":{"rendered":""},"content":{"rendered":"<div data-elementor-type=\"wp-page\" data-elementor-id=\"6225\" class=\"elementor elementor-6225\">\n\t\t\t\t\t\t<section class=\"has_eae_slider elementor-section elementor-top-section elementor-element elementor-element-914de43 elementor-section-boxed elementor-section-height-default elementor-section-height-default\" data-id=\"914de43\" data-element_type=\"section\">\n\t\t\t\t\t\t<div class=\"elementor-container elementor-column-gap-default\">\n\t\t\t\t\t<div class=\"has_eae_slider elementor-column elementor-col-100 elementor-top-column elementor-element elementor-element-e8a0ad1\" data-id=\"e8a0ad1\" data-element_type=\"column\">\n\t\t\t<div class=\"elementor-widget-wrap elementor-element-populated\">\n\t\t\t\t\t\t<div class=\"elementor-element elementor-element-c6fc0e8 elementor-absolute elementor-widget elementor-widget-spacer\" data-id=\"c6fc0e8\" data-element_type=\"widget\" id=\"teremberles\" data-settings=\"{&quot;_position&quot;:&quot;absolute&quot;}\" data-widget_type=\"spacer.default\">\n\t\t\t\t<div class=\"elementor-widget-container\">\n\t\t\t\t\t\t\t<div class=\"elementor-spacer\">\n\t\t\t<div class=\"elementor-spacer-inner\"><\/div>\n\t\t<\/div>\n\t\t\t\t\t\t<\/div>\n\t\t\t\t<\/div>\n\t\t\t\t\t<\/div>\n\t\t<\/div>\n\t\t\t\t\t<\/div>\n\t\t<\/section>\n\t\t\t\t<section class=\"has_eae_slider elementor-section elementor-top-section elementor-element elementor-element-8c89a0c elementor-section-boxed elementor-section-height-default elementor-section-height-default\" data-id=\"8c89a0c\" data-element_type=\"section\">\n\t\t\t\t\t\t<div class=\"elementor-container elementor-column-gap-default\">\n\t\t\t\t\t<div class=\"has_eae_slider elementor-column elementor-col-100 elementor-top-column elementor-element elementor-element-dea543d\" data-id=\"dea543d\" data-element_type=\"column\">\n\t\t\t<div class=\"elementor-widget-wrap elementor-element-populated\">\n\t\t\t\t\t\t<div class=\"elementor-element elementor-element-24920d9 elementor-widget elementor-widget-heading\" data-id=\"24920d9\" data-element_type=\"widget\" data-widget_type=\"heading.default\">\n\t\t\t\t<div class=\"elementor-widget-container\">\n\t\t\t\t\t<h2 class=\"elementor-heading-title elementor-size-default\">\u00cenchiria\u021bi o camer\u0103<\/h2>\t\t\t\t<\/div>\n\t\t\t\t<\/div>\n\t\t\t\t\t<\/div>\n\t\t<\/div>\n\t\t\t\t\t<\/div>\n\t\t<\/section>\n\t\t\t\t<section class=\"has_eae_slider elementor-section elementor-top-section elementor-element elementor-element-92972d8 elementor-section-boxed elementor-section-height-default elementor-section-height-default\" data-id=\"92972d8\" data-element_type=\"section\">\n\t\t\t\t\t\t<div class=\"elementor-container elementor-column-gap-default\">\n\t\t\t\t\t<div class=\"has_eae_slider elementor-column elementor-col-100 elementor-top-column elementor-element elementor-element-e6d01b5\" data-id=\"e6d01b5\" data-element_type=\"column\">\n\t\t\t<div class=\"elementor-widget-wrap elementor-element-populated\">\n\t\t\t\t\t\t<div class=\"elementor-element elementor-element-becae68 elementor-widget elementor-widget-text-editor\" data-id=\"becae68\" data-element_type=\"widget\" data-widget_type=\"text-editor.default\">\n\t\t\t\t<div class=\"elementor-widget-container\">\n\t\t\t\t\t\t\t\t\t<p>Posticum (<a href=\"http:\/\/www.thezenhostel.com\">pe l\u00e2ng\u0103 camerele de oaspe\u021bi<\/a> ) ofer\u0103 mai multe camere ca loc de desf\u0103\u0219urare a evenimentelor, fie c\u0103 este vorba de conferin\u021be, cursuri de formare continu\u0103, discu\u021bii la podium sau \u00eent\u00e2lniri ale absolven\u021bilor.<\/p><p>Posticum este singura unitate de cazare din Oradea care are \u0219i o capel\u0103, ceea ce o face un loc ideal pentru nun\u021bi, retrageri, evenimente religioase \u0219i alte programe care necesit\u0103 un spa\u021biu sacru. Arhitectura captivant\u0103 a capelei noastre este combinat\u0103 cu m\u0103re\u021bia unei orgi din secolul al XIX-lea. Este un loc ideal pentru concerte \u00een cas\u0103, comemor\u0103ri \u0219i \u00eent\u00e2lniri amicale.<\/p>\t\t\t\t\t\t\t\t<\/div>\n\t\t\t\t<\/div>\n\t\t\t\t\t<\/div>\n\t\t<\/div>\n\t\t\t\t\t<\/div>\n\t\t<\/section>\n\t\t\t\t<section class=\"has_eae_slider elementor-section elementor-top-section elementor-element elementor-element-064ea6f elementor-section-boxed elementor-section-height-default elementor-section-height-default\" data-id=\"064ea6f\" data-element_type=\"section\">\n\t\t\t\t\t\t<div class=\"elementor-container elementor-column-gap-default\">\n\t\t\t\t\t<div class=\"has_eae_slider elementor-column elementor-col-100 elementor-top-column elementor-element elementor-element-ae19916\" data-id=\"ae19916\" data-element_type=\"column\">\n\t\t\t<div class=\"elementor-widget-wrap elementor-element-populated\">\n\t\t\t\t\t\t<div class=\"elementor-element elementor-element-1a59f5d elementor-widget elementor-widget-video\" data-id=\"1a59f5d\" data-element_type=\"widget\" data-settings=\"{&quot;youtube_url&quot;:&quot;https:\\\/\\\/www.youtube.com\\\/watch?v=vKCjo5fuTcw&quot;,&quot;video_type&quot;:&quot;youtube&quot;,&quot;controls&quot;:&quot;yes&quot;}\" data-widget_type=\"video.default\">\n\t\t\t\t<div class=\"elementor-widget-container\">\n\t\t\t\t\t\t\t<div class=\"elementor-wrapper elementor-open-inline\">\n\t\t\t<div class=\"elementor-video\"><\/div>\t\t<\/div>\n\t\t\t\t\t\t<\/div>\n\t\t\t\t<\/div>\n\t\t\t\t<div class=\"elementor-element elementor-element-cbb44d9 elementor-widget elementor-widget-spacer\" data-id=\"cbb44d9\" data-element_type=\"widget\" data-widget_type=\"spacer.default\">\n\t\t\t\t<div class=\"elementor-widget-container\">\n\t\t\t\t\t\t\t<div class=\"elementor-spacer\">\n\t\t\t<div class=\"elementor-spacer-inner\"><\/div>\n\t\t<\/div>\n\t\t\t\t\t\t<\/div>\n\t\t\t\t<\/div>\n\t\t\t\t\t<\/div>\n\t\t<\/div>\n\t\t\t\t\t<\/div>\n\t\t<\/section>\n\t\t\t\t<section class=\"has_eae_slider elementor-section elementor-top-section elementor-element elementor-element-1da5699 elementor-section-boxed elementor-section-height-default elementor-section-height-default\" data-id=\"1da5699\" data-element_type=\"section\">\n\t\t\t\t\t\t<div class=\"elementor-container elementor-column-gap-default\">\n\t\t\t\t\t<div class=\"has_eae_slider elementor-column elementor-col-100 elementor-top-column elementor-element elementor-element-07e94ea\" data-id=\"07e94ea\" data-element_type=\"column\">\n\t\t\t<div class=\"elementor-widget-wrap elementor-element-populated\">\n\t\t\t\t\t\t<div class=\"elementor-element elementor-element-31fefc6 elementor-widget elementor-widget-text-editor\" data-id=\"31fefc6\" data-element_type=\"widget\" data-widget_type=\"text-editor.default\">\n\t\t\t\t<div class=\"elementor-widget-container\">\n\t\t\t\t\t\t\t\t\t<p>Interiorul restaurantului nostru a fost proiectat de Attila Kert\u00e9sz, designer de interior \u0219i designer de mobilier stabilit \u00een Budapesta, iar mobilierul a fost realizat de J\u00e1nos Koreny\u00e1k, maestru t\u00e2mplar din Oradea.<\/p><p>Grupurile pot solicita serviciile <a href=\"https:\/\/www.thezenhostel.com\/hu\/egalitas-vendeglo\/\">Restaurantul Egalitas<\/a> , care func\u021bioneaz\u0103 \u00een cadrul pensiunii, iar servicii speciale sunt disponibile \u0219i pe baz\u0103 de aranjament prealabil.<\/p><p><span>Pute\u021bi solicita informa\u021bii complet\u00e2nd formularul, pe care v\u0103 rug\u0103m s\u0103 \u00eel returna\u021bi prin e-mail: info@posticum.ro<\/span>\u00a0<a href=\"mailto:info@posticum.ro\">info@posticum.ro<\/a><\/p>\t\t\t\t\t\t\t\t<\/div>\n\t\t\t\t<\/div>\n\t\t\t\t\t<\/div>\n\t\t<\/div>\n\t\t\t\t\t<\/div>\n\t\t<\/section>\n\t\t\t\t<section class=\"has_eae_slider elementor-section elementor-top-section elementor-element elementor-element-601acb5 elementor-section-boxed elementor-section-height-default elementor-section-height-default\" data-id=\"601acb5\" data-element_type=\"section\">\n\t\t\t\t\t\t<div class=\"elementor-container elementor-column-gap-default\">\n\t\t\t\t\t<div class=\"has_eae_slider elementor-column elementor-col-100 elementor-top-column elementor-element elementor-element-3189b22\" data-id=\"3189b22\" data-element_type=\"column\">\n\t\t\t<div class=\"elementor-widget-wrap elementor-element-populated\">\n\t\t\t\t\t\t<div class=\"elementor-element elementor-element-18e8d1c elementor-align-center elementor-widget elementor-widget-button\" data-id=\"18e8d1c\" data-element_type=\"widget\" data-widget_type=\"button.default\">\n\t\t\t\t<div class=\"elementor-widget-container\">\n\t\t\t\t\t\t\t\t\t<div class=\"elementor-button-wrapper\">\n\t\t\t\t\t<a class=\"elementor-button elementor-button-link elementor-size-lg\" href=\"http:\/\/www.posticum.ro\/wp-content\/uploads\/2024\/10\/Rendezveny-adatlap-2024-HU.pdf\">\n\t\t\t\t\t\t<span class=\"elementor-button-content-wrapper\">\n\t\t\t\t\t\t\t\t\t<span class=\"elementor-button-text\">DESC\u0102RCA\u021aI FORMULARUL<\/span>\n\t\t\t\t\t<\/span>\n\t\t\t\t\t<\/a>\n\t\t\t\t<\/div>\n\t\t\t\t\t\t\t\t<\/div>\n\t\t\t\t<\/div>\n\t\t\t\t\t<\/div>\n\t\t<\/div>\n\t\t\t\t\t<\/div>\n\t\t<\/section>\n\t\t\t\t<section class=\"has_eae_slider elementor-section elementor-top-section elementor-element elementor-element-634cedc elementor-section-boxed elementor-section-height-default elementor-section-height-default\" data-id=\"634cedc\" data-element_type=\"section\">\n\t\t\t\t\t\t<div class=\"elementor-container elementor-column-gap-default\">\n\t\t\t\t\t<div class=\"has_eae_slider elementor-column elementor-col-100 elementor-top-column elementor-element elementor-element-ac2f5a5\" data-id=\"ac2f5a5\" data-element_type=\"column\">\n\t\t\t<div class=\"elementor-widget-wrap elementor-element-populated\">\n\t\t\t\t\t\t<div class=\"elementor-element elementor-element-e4944a7 elementor-widget elementor-widget-spacer\" data-id=\"e4944a7\" data-element_type=\"widget\" data-widget_type=\"spacer.default\">\n\t\t\t\t<div class=\"elementor-widget-container\">\n\t\t\t\t\t\t\t<div class=\"elementor-spacer\">\n\t\t\t<div class=\"elementor-spacer-inner\"><\/div>\n\t\t<\/div>\n\t\t\t\t\t\t<\/div>\n\t\t\t\t<\/div>\n\t\t\t\t\t<\/div>\n\t\t<\/div>\n\t\t\t\t\t<\/div>\n\t\t<\/section>\n\t\t\t\t<\/div>","protected":false},"excerpt":{"rendered":"<p>Teremb\u00e9rl\u00e9s A Posticum (vend\u00e9gszob\u00e1i mellett) t\u00f6bb termet k\u00edn\u00e1l rendezv\u00e9nyek helysz\u00edn\u00e9\u00fcl, legyen az konferencia, tov\u00e1bbk\u00e9pz\u00e9s, p\u00f3diumbesz\u00e9lget\u00e9s, vagy \u00e9pp \u00f6regdi\u00e1k-tal\u00e1lkoz\u00f3. Nagyv\u00e1radon a Posticum az egyed\u00fcli sz\u00e1ll\u00e1sad\u00f3 hely, amelyhez k\u00e1polna is tartozik, \u00edgy ide\u00e1lis helysz\u00edn esk\u00fcv\u0151k, lelkigyakorlatok, elvonul\u00e1sok \u00e9s m\u00e1s olyan programok sz\u00e1m\u00e1ra, amelyek szakr\u00e1lis teret ig\u00e9nyelnek. K\u00e1poln\u00e1nk izgalmas architekt\u00far\u00e1ja egy 19. sz\u00e1zadi [&hellip;]<\/p>","protected":false},"author":3,"featured_media":0,"parent":0,"menu_order":0,"comment_status":"closed","ping_status":"closed","template":"","meta":{"_exactmetrics_skip_tracking":false,"_exactmetrics_sitenote_active":false,"_exactmetrics_sitenote_note":"","_exactmetrics_sitenote_category":0,"footnotes":""},"class_list":["post-6225","page","type-page","status-publish","hentry"],"_links":{"self":[{"href":"https:\/\/www.posticum.ro\/ro\/wp-json\/wp\/v2\/pages\/6225","targetHints":{"allow":["GET"]}}],"collection":[{"href":"https:\/\/www.posticum.ro\/ro\/wp-json\/wp\/v2\/pages"}],"about":[{"href":"https:\/\/www.posticum.ro\/ro\/wp-json\/wp\/v2\/types\/page"}],"author":[{"embeddable":true,"href":"https:\/\/www.posticum.ro\/ro\/wp-json\/wp\/v2\/users\/3"}],"replies":[{"embeddable":true,"href":"https:\/\/www.posticum.ro\/ro\/wp-json\/wp\/v2\/comments?post=6225"}],"version-history":[{"count":119,"href":"https:\/\/www.posticum.ro\/ro\/wp-json\/wp\/v2\/pages\/6225\/revisions"}],"predecessor-version":[{"id":7607,"href":"https:\/\/www.posticum.ro\/ro\/wp-json\/wp\/v2\/pages\/6225\/revisions\/7607"}],"wp:attachment":[{"href":"https:\/\/www.posticum.ro\/ro\/wp-json\/wp\/v2\/media?parent=6225"}],"curies":[{"name":"wp","href":"https:\/\/api.w.org\/{rel}","templated":true}]}}