{"id":2,"date":"2019-01-28T13:30:03","date_gmt":"2019-01-28T13:30:03","guid":{"rendered":"http:\/\/posticum.zenzazen.hu\/?page_id=2"},"modified":"2019-01-28T13:30:03","modified_gmt":"2019-01-28T13:30:03","slug":"ez-egy-minta-oldal","status":"publish","type":"page","link":"https:\/\/www.posticum.ro\/ro\/ez-egy-minta-oldal\/","title":{"rendered":"Aceasta este o pagin\u0103 de exemplu"},"content":{"rendered":"<p>Acesta este un site de exemplu pentru crearea unei pagini pentru un site web bazat pe WordPress. Pagina este diferit\u0103 de o postare deoarece pagina este permanent vizibil\u0103 \u00een meniul paginii de pornire, \u00een timpul navig\u0103rii (\u00een majoritatea \u0219abloanelor). Majoritatea oamenilor folosesc pagina Despre, care este utilizat\u0103 pentru a spune poten\u021bialilor vizitatori c\u00e2teva propozi\u021bii tipice despre ei \u00een\u0219i\u0219i, afacerea lor, site-ul web. O modalitate posibil\u0103 de a face acest lucru este de ex:<\/p>\n<blockquote><p>Bun\u0103 ziua prieteni!Aceast\u0103 traducere a fost realizat\u0103 de echipa de traducere WordPress Ungaria. Sute de ore de munc\u0103 au fost investite pentru a face acest minunat sistem de gestionare a con\u021binutului disponibil \u00een limba maghiar\u0103, limba noastr\u0103 matern\u0103.<\/p><\/blockquote>\n<p>.... sau un alt exemplu:<\/p>\n<blockquote><p>A<strong> WordPress Ungaria<\/strong> a existat de la \u00eenceput f\u0103r\u0103 s\u0103-\u0219i fi proclamat existen\u021ba. <strong>WordPress Ungaria este o comunitate!<\/strong> - ne-am unit for\u021bele pentru a utiliza, \u00eenv\u0103\u021ba \u0219i \u00eenv\u0103\u021ba str\u0103lucitul sistem de gestionare a con\u021binutului open source WordPress.<\/p><\/blockquote>\n<p>Ca utilizator nou al WordPress, pagina <a href=\"http:\/\/posticum.zenzazen.hu\/wp-admin\/\">Panou de control<\/a>pute\u021bi \u0219terge aceast\u0103 pagin\u0103, o pute\u021bi edita \u0219i crea pagini noi cu con\u021binut propriu. Distrac\u021bie pl\u0103cut\u0103 cu Comunitatea intergenera\u021bional\u0103 WordPress!<\/p>","protected":false},"excerpt":{"rendered":"<p>Ez egy mintaoldal, egy WordPress-alap\u00fa honlap egy oldal\u00e1nak l\u00e9trehoz\u00e1s\u00e1hoz. Az oldal k\u00fcl\u00f6nb\u00f6zik a bejegyz\u00e9st\u0151l, mert az oldal \u00e1lland\u00f3an l\u00e1tszik a honlap men\u00fcj\u00e9ben, a navig\u00e1ci\u00f3 sor\u00e1n (a legt\u00f6bb sablonban). Az emberek t\u00f6bbs\u00e9ge haszn\u00e1lja a N\u00e9vjegy oldalt, amely arra szolg\u00e1l, hogy a lehets\u00e9ges l\u00e1togat\u00f3i sz\u00e1m\u00e1ra elmondjanak magukr\u00f3l, v\u00e1llalkoz\u00e1sukr\u00f3l, a honlapr\u00f3l n\u00e9h\u00e1ny jellemz\u0151 [&hellip;]<\/p>","protected":false},"author":1,"featured_media":0,"parent":0,"menu_order":0,"comment_status":"closed","ping_status":"open","template":"","meta":{"_exactmetrics_skip_tracking":false,"_exactmetrics_sitenote_active":false,"_exactmetrics_sitenote_note":"","_exactmetrics_sitenote_category":0,"footnotes":""},"class_list":["post-2","page","type-page","status-publish","hentry"],"_links":{"self":[{"href":"https:\/\/www.posticum.ro\/ro\/wp-json\/wp\/v2\/pages\/2","targetHints":{"allow":["GET"]}}],"collection":[{"href":"https:\/\/www.posticum.ro\/ro\/wp-json\/wp\/v2\/pages"}],"about":[{"href":"https:\/\/www.posticum.ro\/ro\/wp-json\/wp\/v2\/types\/page"}],"author":[{"embeddable":true,"href":"https:\/\/www.posticum.ro\/ro\/wp-json\/wp\/v2\/users\/1"}],"replies":[{"embeddable":true,"href":"https:\/\/www.posticum.ro\/ro\/wp-json\/wp\/v2\/comments?post=2"}],"version-history":[{"count":0,"href":"https:\/\/www.posticum.ro\/ro\/wp-json\/wp\/v2\/pages\/2\/revisions"}],"wp:attachment":[{"href":"https:\/\/www.posticum.ro\/ro\/wp-json\/wp\/v2\/media?parent=2"}],"curies":[{"name":"wp","href":"https:\/\/api.w.org\/{rel}","templated":true}]}}