{"id":7191,"date":"2025-05-25T09:04:49","date_gmt":"2025-05-25T07:04:49","guid":{"rendered":"https:\/\/www.posticum.ro\/?page_id=7191"},"modified":"2025-05-25T09:07:53","modified_gmt":"2025-05-25T07:07:53","slug":"belso-gyermek-terapia","status":"publish","type":"page","link":"https:\/\/www.posticum.ro\/en\/belso-gyermek-terapia\/","title":{"rendered":""},"content":{"rendered":"<div data-elementor-type=\"wp-page\" data-elementor-id=\"7191\" class=\"elementor elementor-7191\">\n\t\t\t\t\t\t<section class=\"has_eae_slider elementor-section elementor-top-section elementor-element elementor-element-f6ec8bc elementor-section-boxed elementor-section-height-default elementor-section-height-default\" data-id=\"f6ec8bc\" data-element_type=\"section\">\n\t\t\t\t\t\t<div class=\"elementor-container elementor-column-gap-default\">\n\t\t\t\t\t<div class=\"has_eae_slider elementor-column elementor-col-100 elementor-top-column elementor-element elementor-element-2c71769\" data-id=\"2c71769\" data-element_type=\"column\">\n\t\t\t<div class=\"elementor-widget-wrap elementor-element-populated\">\n\t\t\t\t\t\t<div class=\"elementor-element elementor-element-94b173e elementor-widget elementor-widget-spacer\" data-id=\"94b173e\" data-element_type=\"widget\" id=\"belso-gyermek-terapia\" data-widget_type=\"spacer.default\">\n\t\t\t\t<div class=\"elementor-widget-container\">\n\t\t\t\t\t\t\t<div class=\"elementor-spacer\">\n\t\t\t<div class=\"elementor-spacer-inner\"><\/div>\n\t\t<\/div>\n\t\t\t\t\t\t<\/div>\n\t\t\t\t<\/div>\n\t\t\t\t\t<\/div>\n\t\t<\/div>\n\t\t\t\t\t<\/div>\n\t\t<\/section>\n\t\t\t\t<section class=\"has_eae_slider elementor-section elementor-top-section elementor-element elementor-element-8c89a0c elementor-section-boxed elementor-section-height-default elementor-section-height-default\" data-id=\"8c89a0c\" data-element_type=\"section\">\n\t\t\t\t\t\t<div class=\"elementor-container elementor-column-gap-default\">\n\t\t\t\t\t<div class=\"has_eae_slider elementor-column elementor-col-100 elementor-top-column elementor-element elementor-element-dea543d\" data-id=\"dea543d\" data-element_type=\"column\">\n\t\t\t<div class=\"elementor-widget-wrap elementor-element-populated\">\n\t\t\t\t\t\t<div class=\"elementor-element elementor-element-24920d9 elementor-widget elementor-widget-heading\" data-id=\"24920d9\" data-element_type=\"widget\" data-widget_type=\"heading.default\">\n\t\t\t\t<div class=\"elementor-widget-container\">\n\t\t\t\t\t<h2 class=\"elementor-heading-title elementor-size-default\">Inner child therapy<\/h2>\t\t\t\t<\/div>\n\t\t\t\t<\/div>\n\t\t\t\t\t<\/div>\n\t\t<\/div>\n\t\t\t\t\t<\/div>\n\t\t<\/section>\n\t\t\t\t<section class=\"has_eae_slider elementor-section elementor-top-section elementor-element elementor-element-92972d8 elementor-section-boxed elementor-section-height-default elementor-section-height-default\" data-id=\"92972d8\" data-element_type=\"section\">\n\t\t\t\t\t\t<div class=\"elementor-container elementor-column-gap-default\">\n\t\t\t\t\t<div class=\"has_eae_slider elementor-column elementor-col-100 elementor-top-column elementor-element elementor-element-e6d01b5\" data-id=\"e6d01b5\" data-element_type=\"column\">\n\t\t\t<div class=\"elementor-widget-wrap elementor-element-populated\">\n\t\t\t\t\t\t<div class=\"elementor-element elementor-element-becae68 elementor-widget elementor-widget-text-editor\" data-id=\"becae68\" data-element_type=\"widget\" data-widget_type=\"text-editor.default\">\n\t\t\t\t<div class=\"elementor-widget-container\">\n\t\t\t\t\t\t\t\t\t<p><span><b>Speaker<br \/><\/b><\/span><span><a href=\"https:\/\/www.posticum.ro\/en\/dr-barcsay-\u00e1kos\/\">Dr. \u00c1kos Barcsay<\/a><\/span><\/p>\t\t\t\t\t\t\t\t<\/div>\n\t\t\t\t<\/div>\n\t\t\t\t<div class=\"elementor-element elementor-element-18ab567 elementor-widget elementor-widget-text-editor\" data-id=\"18ab567\" data-element_type=\"widget\" data-widget_type=\"text-editor.default\">\n\t\t\t\t<div class=\"elementor-widget-container\">\n\t\t\t\t\t\t\t\t\t<p><span><b>Topic:<\/b><\/span><\/p><p>Sometimes we don\u2019t even realize how much emotional baggage we carry around. We don\u2019t even realize that the barrel fills up over the years, until we finally feel: \u201cI often don\u2019t understand why I reacted like this,\u201d \u201cI don\u2019t want to continue like this anymore,\u201d or \u201cHow can I get out of this pit?\u201d<\/p><p>Our soul often finds loopholes to bring past and unprocessed problems to the surface and draws attention to itself in the form of a variety of symptoms: our relationships don\u2019t work, we suffer from anxiety or panic, we feel incomplete and we constantly beat ourselves up with self-criticism, lack of self-confidence, and the pressure to perform, we no longer feel connected to ourselves, as if we have lost ourselves and are dissatisfied, we burn out inside and feel like we have run out of energy. We develop physical complaints, pain, or even illnesses. And we create all kinds of other dramas\u2026<\/p><p>If I heal my inner child, my self-love, self-confidence, self-acceptance and self-knowledge will be strengthened.<\/p><p>Are you ready to deal with your inner world with love and courage?<\/p><p>Would you like to delve deeper into the topics of self-love, emotional healing and inner child work?<\/p><p>Come and take part in the \u201cinner child therapy\u201d self-knowledge group!<\/p>\t\t\t\t\t\t\t\t<\/div>\n\t\t\t\t<\/div>\n\t\t\t\t<div class=\"elementor-element elementor-element-28a1550 elementor-widget elementor-widget-text-editor\" data-id=\"28a1550\" data-element_type=\"widget\" data-widget_type=\"text-editor.default\">\n\t\t\t\t<div class=\"elementor-widget-container\">\n\t\t\t\t\t\t\t\t\t<p><span><b>Location:<\/b><\/span><\/p>\n<p><span>Posticum, Teiului utca 26., Oradea<\/span><\/p>\t\t\t\t\t\t\t\t<\/div>\n\t\t\t\t<\/div>\n\t\t\t\t<div class=\"elementor-element elementor-element-e1c9353 elementor-widget elementor-widget-text-editor\" data-id=\"e1c9353\" data-element_type=\"widget\" data-widget_type=\"text-editor.default\">\n\t\t\t\t<div class=\"elementor-widget-container\">\n\t\t\t\t\t\t\t\t\t<p><span><b>Application:<\/b><\/span><\/p><p><span>At Imre Rencsik, at the following e-mail address:\u00a0<a href=\"mailto:rencsik@yahoo.de\" rel=\"nofollow noopener\" target=\"_blank\">rencsik@yahoo.de<\/a><\/span><\/p>\t\t\t\t\t\t\t\t<\/div>\n\t\t\t\t<\/div>\n\t\t\t\t<div class=\"elementor-element elementor-element-0c43618 elementor-widget elementor-widget-text-editor\" data-id=\"0c43618\" data-element_type=\"widget\" data-widget_type=\"text-editor.default\">\n\t\t\t\t<div class=\"elementor-widget-container\">\n\t\t\t\t\t\t\t\t\t<p><span><b>Date:<\/b><\/span><\/p><p>July 9, 2025<\/p><p>It consists of three blocks:<br \/>10:00-12:00, 14:00-16:00, 17:00-18:00.<\/p>\t\t\t\t\t\t\t\t<\/div>\n\t\t\t\t<\/div>\n\t\t\t\t<div class=\"elementor-element elementor-element-b205420 elementor-widget elementor-widget-text-editor\" data-id=\"b205420\" data-element_type=\"widget\" data-widget_type=\"text-editor.default\">\n\t\t\t\t<div class=\"elementor-widget-container\">\n\t\t\t\t\t\t\t\t\t<p><span><b>Group size:<\/b><\/span><\/p><p>12 people<\/p>\t\t\t\t\t\t\t\t<\/div>\n\t\t\t\t<\/div>\n\t\t\t\t<div class=\"elementor-element elementor-element-2fed4ae elementor-widget elementor-widget-text-editor\" data-id=\"2fed4ae\" data-element_type=\"widget\" data-widget_type=\"text-editor.default\">\n\t\t\t\t<div class=\"elementor-widget-container\">\n\t\t\t\t\t\t\t\t\t<p><span><b>Cost contribution:<\/b><\/span><\/p>\n<p>50 EUR (including lunch and dinner)<\/p>\n<p><span style=\"font-size: inherit;\">Your participation and donation supports the operations and programs of Posticum.<\/span><\/p>\t\t\t\t\t\t\t\t<\/div>\n\t\t\t\t<\/div>\n\t\t\t\t\t<\/div>\n\t\t<\/div>\n\t\t\t\t\t<\/div>\n\t\t<\/section>\n\t\t\t\t<section class=\"has_eae_slider elementor-section elementor-top-section elementor-element elementor-element-634cedc elementor-section-boxed elementor-section-height-default elementor-section-height-default\" data-id=\"634cedc\" data-element_type=\"section\">\n\t\t\t\t\t\t<div class=\"elementor-container elementor-column-gap-default\">\n\t\t\t\t\t<div class=\"has_eae_slider elementor-column elementor-col-100 elementor-top-column elementor-element elementor-element-ac2f5a5\" data-id=\"ac2f5a5\" data-element_type=\"column\">\n\t\t\t<div class=\"elementor-widget-wrap elementor-element-populated\">\n\t\t\t\t\t\t<div class=\"elementor-element elementor-element-e4944a7 elementor-widget elementor-widget-spacer\" data-id=\"e4944a7\" data-element_type=\"widget\" data-widget_type=\"spacer.default\">\n\t\t\t\t<div class=\"elementor-widget-container\">\n\t\t\t\t\t\t\t<div class=\"elementor-spacer\">\n\t\t\t<div class=\"elementor-spacer-inner\"><\/div>\n\t\t<\/div>\n\t\t\t\t\t\t<\/div>\n\t\t\t\t<\/div>\n\t\t\t\t\t<\/div>\n\t\t<\/div>\n\t\t\t\t\t<\/div>\n\t\t<\/section>\n\t\t\t\t<\/div>","protected":false},"excerpt":{"rendered":"<p>Bels\u0151 gyermek ter\u00e1pia El\u0151ad\u00f3k:Dr. Barcsay \u00c1kos T\u00e9ma: N\u00e9ha \u00e9szre sem vessz\u00fck, hogy mennyi \u00e9rzelmi terhet cipel\u00fcnk magunkkal. Azt sem, hogy a hord\u00f3 az \u00e9vek sor\u00e1n egyre jobban megtelik, m\u00edg v\u00e9g\u00fcl \u00fagy \u00e9rezz\u00fck: &#8222;gyakran nem is \u00e9rtem, mi\u00e9rt reag\u00e1ltam \u00edgy&#8221;, &#8222;nem akarom t\u00f6bb\u00e9 \u00edgy folytatni&#8221; vagy &#8222;hogyan juthatok ki ebb\u0151l a [&hellip;]<\/p>","protected":false},"author":3,"featured_media":0,"parent":0,"menu_order":0,"comment_status":"closed","ping_status":"closed","template":"","meta":{"_exactmetrics_skip_tracking":false,"_exactmetrics_sitenote_active":false,"_exactmetrics_sitenote_note":"","_exactmetrics_sitenote_category":0,"footnotes":""},"class_list":["post-7191","page","type-page","status-publish","hentry"],"_links":{"self":[{"href":"https:\/\/www.posticum.ro\/en\/wp-json\/wp\/v2\/pages\/7191","targetHints":{"allow":["GET"]}}],"collection":[{"href":"https:\/\/www.posticum.ro\/en\/wp-json\/wp\/v2\/pages"}],"about":[{"href":"https:\/\/www.posticum.ro\/en\/wp-json\/wp\/v2\/types\/page"}],"author":[{"embeddable":true,"href":"https:\/\/www.posticum.ro\/en\/wp-json\/wp\/v2\/users\/3"}],"replies":[{"embeddable":true,"href":"https:\/\/www.posticum.ro\/en\/wp-json\/wp\/v2\/comments?post=7191"}],"version-history":[{"count":7,"href":"https:\/\/www.posticum.ro\/en\/wp-json\/wp\/v2\/pages\/7191\/revisions"}],"predecessor-version":[{"id":7198,"href":"https:\/\/www.posticum.ro\/en\/wp-json\/wp\/v2\/pages\/7191\/revisions\/7198"}],"wp:attachment":[{"href":"https:\/\/www.posticum.ro\/en\/wp-json\/wp\/v2\/media?parent=7191"}],"curies":[{"name":"wp","href":"https:\/\/api.w.org\/{rel}","templated":true}]}}