{"id":7051,"date":"2025-04-21T19:48:50","date_gmt":"2025-04-21T17:48:50","guid":{"rendered":"https:\/\/www.posticum.ro\/?page_id=7051"},"modified":"2025-05-25T09:31:07","modified_gmt":"2025-05-25T07:31:07","slug":"lelkigyakorlat-maskepp","status":"publish","type":"page","link":"https:\/\/www.posticum.ro\/en\/lelkigyakorlat-maskepp\/","title":{"rendered":""},"content":{"rendered":"<div data-elementor-type=\"wp-page\" data-elementor-id=\"7051\" class=\"elementor elementor-7051\">\n\t\t\t\t\t\t<section class=\"has_eae_slider elementor-section elementor-top-section elementor-element elementor-element-ef0e216 elementor-section-boxed elementor-section-height-default elementor-section-height-default\" data-id=\"ef0e216\" data-element_type=\"section\">\n\t\t\t\t\t\t<div class=\"elementor-container elementor-column-gap-default\">\n\t\t\t\t\t<div class=\"has_eae_slider elementor-column elementor-col-100 elementor-top-column elementor-element elementor-element-fa10480\" data-id=\"fa10480\" data-element_type=\"column\">\n\t\t\t<div class=\"elementor-widget-wrap elementor-element-populated\">\n\t\t\t\t\t\t<div class=\"elementor-element elementor-element-e352646 elementor-absolute elementor-widget elementor-widget-spacer\" data-id=\"e352646\" data-element_type=\"widget\" id=\"lelkigyakorlat\" data-settings=\"{&quot;_position&quot;:&quot;absolute&quot;}\" data-widget_type=\"spacer.default\">\n\t\t\t\t<div class=\"elementor-widget-container\">\n\t\t\t\t\t\t\t<div class=\"elementor-spacer\">\n\t\t\t<div class=\"elementor-spacer-inner\"><\/div>\n\t\t<\/div>\n\t\t\t\t\t\t<\/div>\n\t\t\t\t<\/div>\n\t\t\t\t\t<\/div>\n\t\t<\/div>\n\t\t\t\t\t<\/div>\n\t\t<\/section>\n\t\t\t\t<section class=\"has_eae_slider elementor-section elementor-top-section elementor-element elementor-element-8c89a0c elementor-section-boxed elementor-section-height-default elementor-section-height-default\" data-id=\"8c89a0c\" data-element_type=\"section\">\n\t\t\t\t\t\t<div class=\"elementor-container elementor-column-gap-default\">\n\t\t\t\t\t<div class=\"has_eae_slider elementor-column elementor-col-100 elementor-top-column elementor-element elementor-element-dea543d\" data-id=\"dea543d\" data-element_type=\"column\">\n\t\t\t<div class=\"elementor-widget-wrap elementor-element-populated\">\n\t\t\t\t\t\t<div class=\"elementor-element elementor-element-24920d9 elementor-widget elementor-widget-heading\" data-id=\"24920d9\" data-element_type=\"widget\" data-widget_type=\"heading.default\">\n\t\t\t\t<div class=\"elementor-widget-container\">\n\t\t\t\t\t<h2 class=\"elementor-heading-title elementor-size-default\">Alternative spiritual practice<\/h2>\t\t\t\t<\/div>\n\t\t\t\t<\/div>\n\t\t\t\t<div class=\"elementor-element elementor-element-6e481d6 elementor-widget elementor-widget-spacer\" data-id=\"6e481d6\" data-element_type=\"widget\" data-widget_type=\"spacer.default\">\n\t\t\t\t<div class=\"elementor-widget-container\">\n\t\t\t\t\t\t\t<div class=\"elementor-spacer\">\n\t\t\t<div class=\"elementor-spacer-inner\"><\/div>\n\t\t<\/div>\n\t\t\t\t\t\t<\/div>\n\t\t\t\t<\/div>\n\t\t\t\t\t<\/div>\n\t\t<\/div>\n\t\t\t\t\t<\/div>\n\t\t<\/section>\n\t\t\t\t<section class=\"has_eae_slider elementor-section elementor-top-section elementor-element elementor-element-92972d8 elementor-section-boxed elementor-section-height-default elementor-section-height-default\" data-id=\"92972d8\" data-element_type=\"section\">\n\t\t\t\t\t\t<div class=\"elementor-container elementor-column-gap-default\">\n\t\t\t\t\t<div class=\"has_eae_slider elementor-column elementor-col-100 elementor-top-column elementor-element elementor-element-e6d01b5\" data-id=\"e6d01b5\" data-element_type=\"column\">\n\t\t\t<div class=\"elementor-widget-wrap elementor-element-populated\">\n\t\t\t\t\t\t<div class=\"elementor-element elementor-element-becae68 elementor-widget elementor-widget-text-editor\" data-id=\"becae68\" data-element_type=\"widget\" data-widget_type=\"text-editor.default\">\n\t\t\t\t<div class=\"elementor-widget-container\">\n\t\t\t\t\t\t\t\t\t<p><span><b>Inner child therapy<br \/><\/b><\/span><em>If I heal my inner child, my self-love, self-confidence, <\/em><em>self-acceptance and self-knowledge will be strengthened.<br \/>Speaker <a href=\"https:\/\/www.posticum.ro\/en\/dr-barcsay-akos\/\">Dr. \u00c1kos Barcsay<\/a><br \/>Date: July 9, 2025<br \/><\/em><\/p>\t\t\t\t\t\t\t\t<\/div>\n\t\t\t\t<\/div>\n\t\t\t\t<div class=\"elementor-element elementor-element-84aa4de elementor-align-right elementor-widget elementor-widget-button\" data-id=\"84aa4de\" data-element_type=\"widget\" data-widget_type=\"button.default\">\n\t\t\t\t<div class=\"elementor-widget-container\">\n\t\t\t\t\t\t\t\t\t<div class=\"elementor-button-wrapper\">\n\t\t\t\t\t<a class=\"elementor-button elementor-button-link elementor-size-sm\" href=\"https:\/\/www.posticum.ro\/en\/belso-gyermek-terapia\/#belso-gyermek-terapia\">\n\t\t\t\t\t\t<span class=\"elementor-button-content-wrapper\">\n\t\t\t\t\t\t\t\t\t<span class=\"elementor-button-text\">More<\/span>\n\t\t\t\t\t<\/span>\n\t\t\t\t\t<\/a>\n\t\t\t\t<\/div>\n\t\t\t\t\t\t\t\t<\/div>\n\t\t\t\t<\/div>\n\t\t\t\t<div class=\"elementor-element elementor-element-1039b76 elementor-widget elementor-widget-spacer\" data-id=\"1039b76\" data-element_type=\"widget\" data-widget_type=\"spacer.default\">\n\t\t\t\t<div class=\"elementor-widget-container\">\n\t\t\t\t\t\t\t<div class=\"elementor-spacer\">\n\t\t\t<div class=\"elementor-spacer-inner\"><\/div>\n\t\t<\/div>\n\t\t\t\t\t\t<\/div>\n\t\t\t\t<\/div>\n\t\t\t\t<div class=\"elementor-element elementor-element-28a1550 elementor-widget elementor-widget-text-editor\" data-id=\"28a1550\" data-element_type=\"widget\" data-widget_type=\"text-editor.default\">\n\t\t\t\t<div class=\"elementor-widget-container\">\n\t\t\t\t\t\t\t\t\t<p><b>Psychospiritual and self-knowledge weekend at Posticum<br \/><\/b><span><em>Since God's \"body\" \u2013 that is, his physiology \u2013 can be recognized in the events of Easter, during the spiritual practice we approach these moments from several directions. With the help of meditative and dramatic exercises, we deepen this experience to recognize that God's nature is also present in us.<\/em><br \/><\/span><b><\/b><em>Speaker <a href=\"https:\/\/www.posticum.ro\/en\/dr-barcsay-andras\/\">Dr. Andr\u00e1s Barcsay<\/a> and <a href=\"https:\/\/www.posticum.ro\/en\/dr-mezes-zsolt-laszlo\/\">Dr. Zsolt L\u00e1szl\u00f3 M\u00e9zes<\/a><br \/><\/em><em>Date: July 10-12, 2025<\/em><\/p>\t\t\t\t\t\t\t\t<\/div>\n\t\t\t\t<\/div>\n\t\t\t\t<div class=\"elementor-element elementor-element-64360d1 elementor-align-right elementor-widget elementor-widget-button\" data-id=\"64360d1\" data-element_type=\"widget\" data-widget_type=\"button.default\">\n\t\t\t\t<div class=\"elementor-widget-container\">\n\t\t\t\t\t\t\t\t\t<div class=\"elementor-button-wrapper\">\n\t\t\t\t\t<a class=\"elementor-button elementor-button-link elementor-size-sm\" href=\"https:\/\/www.posticum.ro\/en\/pszichospiritualis-es-onismereti-hetvege\/#pszichospiritualis-hetvege\">\n\t\t\t\t\t\t<span class=\"elementor-button-content-wrapper\">\n\t\t\t\t\t\t\t\t\t<span class=\"elementor-button-text\">More<\/span>\n\t\t\t\t\t<\/span>\n\t\t\t\t\t<\/a>\n\t\t\t\t<\/div>\n\t\t\t\t\t\t\t\t<\/div>\n\t\t\t\t<\/div>\n\t\t\t\t\t<\/div>\n\t\t<\/div>\n\t\t\t\t\t<\/div>\n\t\t<\/section>\n\t\t\t\t<section class=\"has_eae_slider elementor-section elementor-top-section elementor-element elementor-element-634cedc elementor-section-boxed elementor-section-height-default elementor-section-height-default\" data-id=\"634cedc\" data-element_type=\"section\">\n\t\t\t\t\t\t<div class=\"elementor-container elementor-column-gap-default\">\n\t\t\t\t\t<div class=\"has_eae_slider elementor-column elementor-col-100 elementor-top-column elementor-element elementor-element-ac2f5a5\" data-id=\"ac2f5a5\" data-element_type=\"column\">\n\t\t\t<div class=\"elementor-widget-wrap elementor-element-populated\">\n\t\t\t\t\t\t<div class=\"elementor-element elementor-element-e4944a7 elementor-widget elementor-widget-spacer\" data-id=\"e4944a7\" data-element_type=\"widget\" data-widget_type=\"spacer.default\">\n\t\t\t\t<div class=\"elementor-widget-container\">\n\t\t\t\t\t\t\t<div class=\"elementor-spacer\">\n\t\t\t<div class=\"elementor-spacer-inner\"><\/div>\n\t\t<\/div>\n\t\t\t\t\t\t<\/div>\n\t\t\t\t<\/div>\n\t\t\t\t\t<\/div>\n\t\t<\/div>\n\t\t\t\t\t<\/div>\n\t\t<\/section>\n\t\t\t\t<\/div>","protected":false},"excerpt":{"rendered":"<p>Lelkigyakorlat m\u00e1sk\u00e9pp Bels\u0151 gyermek ter\u00e1piaHa meggy\u00f3gy\u00edtom bels\u0151 gyermekemet, meger\u0151s\u00f6dik az \u00f6nszeretetem, az \u00f6nbizalmam, az \u00f6nelfogad\u00e1som \u00e9s az \u00f6nismeretem.El\u0151ad\u00f3: Dr. Barcsay \u00c1kosId\u0151pont: 2025. j\u00falius 9. Tov\u00e1bb Pszichospiritu\u00e1lis \u00e9s \u00f6nismereti h\u00e9tv\u00e9ge a PosticumbanMivel Isten \u201eteste\u201d \u2013 azaz fiziol\u00f3gi\u00e1ja \u2013 a h\u00fasv\u00e9ti esem\u00e9nyekben ismerhet\u0151 fel, a lelkigyakorlat sor\u00e1n e mozzanatokhoz k\u00f6zel\u00edt\u00fcnk t\u00f6bb ir\u00e1nyb\u00f3l. [&hellip;]<\/p>","protected":false},"author":3,"featured_media":0,"parent":0,"menu_order":0,"comment_status":"closed","ping_status":"closed","template":"","meta":{"_exactmetrics_skip_tracking":false,"_exactmetrics_sitenote_active":false,"_exactmetrics_sitenote_note":"","_exactmetrics_sitenote_category":0,"footnotes":""},"class_list":["post-7051","page","type-page","status-publish","hentry"],"_links":{"self":[{"href":"https:\/\/www.posticum.ro\/en\/wp-json\/wp\/v2\/pages\/7051","targetHints":{"allow":["GET"]}}],"collection":[{"href":"https:\/\/www.posticum.ro\/en\/wp-json\/wp\/v2\/pages"}],"about":[{"href":"https:\/\/www.posticum.ro\/en\/wp-json\/wp\/v2\/types\/page"}],"author":[{"embeddable":true,"href":"https:\/\/www.posticum.ro\/en\/wp-json\/wp\/v2\/users\/3"}],"replies":[{"embeddable":true,"href":"https:\/\/www.posticum.ro\/en\/wp-json\/wp\/v2\/comments?post=7051"}],"version-history":[{"count":67,"href":"https:\/\/www.posticum.ro\/en\/wp-json\/wp\/v2\/pages\/7051\/revisions"}],"predecessor-version":[{"id":7225,"href":"https:\/\/www.posticum.ro\/en\/wp-json\/wp\/v2\/pages\/7051\/revisions\/7225"}],"wp:attachment":[{"href":"https:\/\/www.posticum.ro\/en\/wp-json\/wp\/v2\/media?parent=7051"}],"curies":[{"name":"wp","href":"https:\/\/api.w.org\/{rel}","templated":true}]}}