{"id":2066,"date":"2021-03-18T16:17:12","date_gmt":"2021-03-18T16:17:12","guid":{"rendered":"http:\/\/temp.posticum.ro\/?page_id=2066"},"modified":"2021-06-23T12:37:26","modified_gmt":"2021-06-23T12:37:26","slug":"harada-rosi-es-taikyo","status":"publish","type":"page","link":"https:\/\/www.posticum.ro\/en\/harada-rosi-es-taikyo\/","title":{"rendered":"Harada roshi \u00e9s Taikyo"},"content":{"rendered":"<div data-elementor-type=\"wp-page\" data-elementor-id=\"2066\" class=\"elementor elementor-2066\">\n\t\t\t\t\t\t<section class=\"has_eae_slider elementor-section elementor-top-section elementor-element elementor-element-e2dce5d elementor-section-boxed elementor-section-height-default elementor-section-height-default\" data-id=\"e2dce5d\" data-element_type=\"section\">\n\t\t\t\t\t\t<div class=\"elementor-container elementor-column-gap-default\">\n\t\t\t\t\t<div class=\"has_eae_slider elementor-column elementor-col-100 elementor-top-column elementor-element elementor-element-de53383\" data-id=\"de53383\" data-element_type=\"column\">\n\t\t\t<div class=\"elementor-widget-wrap elementor-element-populated\">\n\t\t\t\t\t\t<div class=\"elementor-element elementor-element-f9db0bd elementor-widget elementor-widget-menu-anchor\" data-id=\"f9db0bd\" data-element_type=\"widget\" data-widget_type=\"menu-anchor.default\">\n\t\t\t\t<div class=\"elementor-widget-container\">\n\t\t\t\t\t\t\t<div class=\"elementor-menu-anchor\" id=\"kezdes\"><\/div>\n\t\t\t\t\t\t<\/div>\n\t\t\t\t<\/div>\n\t\t\t\t\t<\/div>\n\t\t<\/div>\n\t\t\t\t\t<\/div>\n\t\t<\/section>\n\t\t\t\t<section class=\"has_eae_slider elementor-section elementor-top-section elementor-element elementor-element-014f5e5 elementor-section-boxed elementor-section-height-default elementor-section-height-default\" data-id=\"014f5e5\" data-element_type=\"section\">\n\t\t\t\t\t\t<div class=\"elementor-container elementor-column-gap-default\">\n\t\t\t\t\t<div class=\"has_eae_slider elementor-column elementor-col-100 elementor-top-column elementor-element elementor-element-0956d31\" data-id=\"0956d31\" data-element_type=\"column\">\n\t\t\t<div class=\"elementor-widget-wrap elementor-element-populated\">\n\t\t\t\t\t\t<div class=\"elementor-element elementor-element-a3a787a elementor-widget elementor-widget-spacer\" data-id=\"a3a787a\" data-element_type=\"widget\" data-widget_type=\"spacer.default\">\n\t\t\t\t<div class=\"elementor-widget-container\">\n\t\t\t\t\t\t\t<div class=\"elementor-spacer\">\n\t\t\t<div class=\"elementor-spacer-inner\"><\/div>\n\t\t<\/div>\n\t\t\t\t\t\t<\/div>\n\t\t\t\t<\/div>\n\t\t\t\t\t<\/div>\n\t\t<\/div>\n\t\t\t\t\t<\/div>\n\t\t<\/section>\n\t\t\t\t<section class=\"has_eae_slider elementor-section elementor-top-section elementor-element elementor-element-d0ae021 elementor-section-boxed elementor-section-height-default elementor-section-height-default\" data-id=\"d0ae021\" data-element_type=\"section\">\n\t\t\t\t\t\t<div class=\"elementor-container elementor-column-gap-default\">\n\t\t\t\t\t<div class=\"has_eae_slider elementor-column elementor-col-100 elementor-top-column elementor-element elementor-element-3402f87\" data-id=\"3402f87\" data-element_type=\"column\">\n\t\t\t<div class=\"elementor-widget-wrap elementor-element-populated\">\n\t\t\t\t\t\t<div class=\"elementor-element elementor-element-8e4224b elementor-widget elementor-widget-heading\" data-id=\"8e4224b\" data-element_type=\"widget\" data-widget_type=\"heading.default\">\n\t\t\t\t<div class=\"elementor-widget-container\">\n\t\t\t\t\t<h2 class=\"elementor-heading-title elementor-size-default\">Taigen Shodo Harada roshi<\/h2>\t\t\t\t<\/div>\n\t\t\t\t<\/div>\n\t\t\t\t\t<\/div>\n\t\t<\/div>\n\t\t\t\t\t<\/div>\n\t\t<\/section>\n\t\t\t\t<section class=\"has_eae_slider elementor-section elementor-top-section elementor-element elementor-element-dec7ac2 elementor-section-boxed elementor-section-height-default elementor-section-height-default\" data-id=\"dec7ac2\" data-element_type=\"section\">\n\t\t\t\t\t\t<div class=\"elementor-container elementor-column-gap-default\">\n\t\t\t\t\t<div class=\"has_eae_slider elementor-column elementor-col-100 elementor-top-column elementor-element elementor-element-cc7f9ac\" data-id=\"cc7f9ac\" data-element_type=\"column\">\n\t\t\t<div class=\"elementor-widget-wrap elementor-element-populated\">\n\t\t\t\t\t\t<div class=\"elementor-element elementor-element-4eaf020 elementor-widget elementor-widget-image\" data-id=\"4eaf020\" data-element_type=\"widget\" data-widget_type=\"image.default\">\n\t\t\t\t<div class=\"elementor-widget-container\">\n\t\t\t\t\t\t\t\t\t\t\t\t\t\t\t<img fetchpriority=\"high\" decoding=\"async\" width=\"400\" height=\"556\" src=\"https:\/\/www.posticum.ro\/wp-content\/uploads\/2021\/01\/shodo-harada-roshi.jpg\" class=\"attachment-full size-full wp-image-1430\" alt=\"\" srcset=\"https:\/\/www.posticum.ro\/wp-content\/uploads\/2021\/01\/shodo-harada-roshi.jpg 400w, https:\/\/www.posticum.ro\/wp-content\/uploads\/2021\/01\/shodo-harada-roshi-216x300.jpg 216w\" sizes=\"(max-width: 400px) 100vw, 400px\" \/>\t\t\t\t\t\t\t\t\t\t\t\t\t\t\t<\/div>\n\t\t\t\t<\/div>\n\t\t\t\t\t<\/div>\n\t\t<\/div>\n\t\t\t\t\t<\/div>\n\t\t<\/section>\n\t\t\t\t<section class=\"has_eae_slider elementor-section elementor-top-section elementor-element elementor-element-586996b elementor-section-boxed elementor-section-height-default elementor-section-height-default\" data-id=\"586996b\" data-element_type=\"section\">\n\t\t\t\t\t\t<div class=\"elementor-container elementor-column-gap-default\">\n\t\t\t\t\t<div class=\"has_eae_slider elementor-column elementor-col-100 elementor-top-column elementor-element elementor-element-eb6a37e\" data-id=\"eb6a37e\" data-element_type=\"column\">\n\t\t\t<div class=\"elementor-widget-wrap elementor-element-populated\">\n\t\t\t\t\t\t<div class=\"elementor-element elementor-element-8fee2f0 elementor-widget elementor-widget-text-editor\" data-id=\"8fee2f0\" data-element_type=\"widget\" data-widget_type=\"text-editor.default\">\n\t\t\t\t<div class=\"elementor-widget-container\">\n\t\t\t\t\t\t\t\t\t<p>Taigen S\u00f3d\u00f3 Harada r\u00f3si (angol \u00e1t\u00edr\u00e1sban: Taigen Shodo Harada roshi) jap\u00e1n zenmester, a One Drop Zen nemzetk\u00f6zi szangha (zen-k\u00f6z\u00f6ss\u00e9g) vezet\u0151 mestere. Tan\u00edtv\u00e1nyai vil\u00e1gszerte sz\u00e1mos One Drop k\u00f6z\u00f6ss\u00e9get alap\u00edtottak, melyek \u00e1lland\u00f3 kapcsolatban \u00e1llnak vele. A gyakorl\u00f3k rendszeresen l\u00e1togatnak Jap\u00e1nba, hogy tud\u00e1sukat, tapasztalataikat tov\u00e1bb m\u00e9ly\u00edts\u00e9k Harada r\u00f3si kolostor\u00e1ban<span style=\"font-size: inherit;\">.<\/span><\/p><p><span style=\"font-size: inherit;\">A r\u00f3si (azaz <i>mester<\/i>) 2016-ban j\u00e1rt a Posticumban, ahol t\u00f6bbnapos szessint vezetett. Az elvonul\u00e1s ut\u00e1n a k\u00e1poln\u00e1ban kalligr\u00e1fia-bemutat\u00f3t tartott, \u00e9s az \u00e9rdekl\u0151d\u0151k a zen-medit\u00e1ci\u00f3t is kipr\u00f3b\u00e1lhatt\u00e1k.<\/span><\/p>\t\t\t\t\t\t\t\t<\/div>\n\t\t\t\t<\/div>\n\t\t\t\t\t<\/div>\n\t\t<\/div>\n\t\t\t\t\t<\/div>\n\t\t<\/section>\n\t\t\t\t<section class=\"has_eae_slider elementor-section elementor-top-section elementor-element elementor-element-c00875d elementor-section-boxed elementor-section-height-default elementor-section-height-default\" data-id=\"c00875d\" data-element_type=\"section\">\n\t\t\t\t\t\t<div class=\"elementor-container elementor-column-gap-default\">\n\t\t\t\t\t<div class=\"has_eae_slider elementor-column elementor-col-100 elementor-top-column elementor-element elementor-element-80bf26d\" data-id=\"80bf26d\" data-element_type=\"column\">\n\t\t\t<div class=\"elementor-widget-wrap elementor-element-populated\">\n\t\t\t\t\t\t<div class=\"elementor-element elementor-element-e724e94 elementor-widget elementor-widget-video\" data-id=\"e724e94\" data-element_type=\"widget\" data-settings=\"{&quot;youtube_url&quot;:&quot;https:\\\/\\\/www.youtube.com\\\/watch?v=xEoWBBVvz74&quot;,&quot;video_type&quot;:&quot;youtube&quot;,&quot;controls&quot;:&quot;yes&quot;}\" data-widget_type=\"video.default\">\n\t\t\t\t<div class=\"elementor-widget-container\">\n\t\t\t\t\t\t\t<div class=\"elementor-wrapper elementor-open-inline\">\n\t\t\t<div class=\"elementor-video\"><\/div>\t\t<\/div>\n\t\t\t\t\t\t<\/div>\n\t\t\t\t<\/div>\n\t\t\t\t\t<\/div>\n\t\t<\/div>\n\t\t\t\t\t<\/div>\n\t\t<\/section>\n\t\t\t\t<section class=\"has_eae_slider elementor-section elementor-top-section elementor-element elementor-element-36a1a27 elementor-section-boxed elementor-section-height-default elementor-section-height-default\" data-id=\"36a1a27\" data-element_type=\"section\">\n\t\t\t\t\t\t<div class=\"elementor-container elementor-column-gap-default\">\n\t\t\t\t\t<div class=\"has_eae_slider elementor-column elementor-col-100 elementor-top-column elementor-element elementor-element-6115449\" data-id=\"6115449\" data-element_type=\"column\">\n\t\t\t<div class=\"elementor-widget-wrap elementor-element-populated\">\n\t\t\t\t\t\t<div class=\"elementor-element elementor-element-d6c5a76 elementor-widget elementor-widget-spacer\" data-id=\"d6c5a76\" data-element_type=\"widget\" data-widget_type=\"spacer.default\">\n\t\t\t\t<div class=\"elementor-widget-container\">\n\t\t\t\t\t\t\t<div class=\"elementor-spacer\">\n\t\t\t<div class=\"elementor-spacer-inner\"><\/div>\n\t\t<\/div>\n\t\t\t\t\t\t<\/div>\n\t\t\t\t<\/div>\n\t\t\t\t\t<\/div>\n\t\t<\/div>\n\t\t\t\t\t<\/div>\n\t\t<\/section>\n\t\t\t\t<section class=\"has_eae_slider elementor-section elementor-top-section elementor-element elementor-element-d817c83 elementor-section-boxed elementor-section-height-default elementor-section-height-default\" data-id=\"d817c83\" data-element_type=\"section\">\n\t\t\t\t\t\t<div class=\"elementor-container elementor-column-gap-default\">\n\t\t\t\t\t<div class=\"has_eae_slider elementor-column elementor-col-100 elementor-top-column elementor-element elementor-element-4d182c0\" data-id=\"4d182c0\" data-element_type=\"column\">\n\t\t\t<div class=\"elementor-widget-wrap elementor-element-populated\">\n\t\t\t\t\t\t<div class=\"elementor-element elementor-element-a72ef8d elementor-widget elementor-widget-heading\" data-id=\"a72ef8d\" data-element_type=\"widget\" data-widget_type=\"heading.default\">\n\t\t\t\t<div class=\"elementor-widget-container\">\n\t\t\t\t\t<h2 class=\"elementor-heading-title elementor-size-default\">Szaladj\u00e1k \"Taikyo\" Istv\u00e1n<\/h2>\t\t\t\t<\/div>\n\t\t\t\t<\/div>\n\t\t\t\t\t<\/div>\n\t\t<\/div>\n\t\t\t\t\t<\/div>\n\t\t<\/section>\n\t\t\t\t<section class=\"has_eae_slider elementor-section elementor-top-section elementor-element elementor-element-6655bbd elementor-section-boxed elementor-section-height-default elementor-section-height-default\" data-id=\"6655bbd\" data-element_type=\"section\">\n\t\t\t\t\t\t<div class=\"elementor-container elementor-column-gap-default\">\n\t\t\t\t\t<div class=\"has_eae_slider elementor-column elementor-col-100 elementor-top-column elementor-element elementor-element-c0e19d3\" data-id=\"c0e19d3\" data-element_type=\"column\">\n\t\t\t<div class=\"elementor-widget-wrap elementor-element-populated\">\n\t\t\t\t\t\t<div class=\"elementor-element elementor-element-1353cca elementor-widget elementor-widget-image\" data-id=\"1353cca\" data-element_type=\"widget\" data-widget_type=\"image.default\">\n\t\t\t\t<div class=\"elementor-widget-container\">\n\t\t\t\t\t\t\t\t\t\t\t\t\t\t\t<img decoding=\"async\" width=\"500\" height=\"500\" src=\"https:\/\/www.posticum.ro\/wp-content\/uploads\/2021\/03\/Szaladjak_Posticum.jpg\" class=\"attachment-full size-full wp-image-2069\" alt=\"\" srcset=\"https:\/\/www.posticum.ro\/wp-content\/uploads\/2021\/03\/Szaladjak_Posticum.jpg 500w, https:\/\/www.posticum.ro\/wp-content\/uploads\/2021\/03\/Szaladjak_Posticum-300x300.jpg 300w, https:\/\/www.posticum.ro\/wp-content\/uploads\/2021\/03\/Szaladjak_Posticum-150x150.jpg 150w\" sizes=\"(max-width: 500px) 100vw, 500px\" \/>\t\t\t\t\t\t\t\t\t\t\t\t\t\t\t<\/div>\n\t\t\t\t<\/div>\n\t\t\t\t\t<\/div>\n\t\t<\/div>\n\t\t\t\t\t<\/div>\n\t\t<\/section>\n\t\t\t\t<section class=\"has_eae_slider elementor-section elementor-top-section elementor-element elementor-element-75fdb27 elementor-section-boxed elementor-section-height-default elementor-section-height-default\" data-id=\"75fdb27\" data-element_type=\"section\">\n\t\t\t\t\t\t<div class=\"elementor-container elementor-column-gap-default\">\n\t\t\t\t\t<div class=\"has_eae_slider elementor-column elementor-col-100 elementor-top-column elementor-element elementor-element-48a954a\" data-id=\"48a954a\" data-element_type=\"column\">\n\t\t\t<div class=\"elementor-widget-wrap elementor-element-populated\">\n\t\t\t\t\t\t<div class=\"elementor-element elementor-element-b910510 elementor-widget elementor-widget-text-editor\" data-id=\"b910510\" data-element_type=\"widget\" data-widget_type=\"text-editor.default\">\n\t\t\t\t<div class=\"elementor-widget-container\">\n\t\t\t\t\t\t\t\t\t<p>T\u00f6bb mint h\u00fasz \u00e9ve gyakorolja a zen medit\u00e1ci\u00f3t, Taigen S\u00f3d\u00f3 Harada zenmester tan\u00edtv\u00e1nya. A magyarorsz\u00e1gi One Drop Zen csoport vezet\u0151je \u00e9s megb\u00edzott tan\u00edt\u00f3ja. Bal\u00e1zs B\u00e9la-d\u00edjas j\u00e1t\u00e9kfilm-operat\u0151r \u00e9s rendez\u0151, kor\u00e1bban a budapesti Metropolitan Egyetem docense.<\/p><p>Szaladj\u00e1k Istv\u00e1n volt az, aki elhozta a zent a Posticumba. M\u0171v\u00e9szeti \u00e9s spiritu\u00e1lis tan\u00e1csad\u00f3nk, bar\u00e1tunk.<\/p>\t\t\t\t\t\t\t\t<\/div>\n\t\t\t\t<\/div>\n\t\t\t\t\t<\/div>\n\t\t<\/div>\n\t\t\t\t\t<\/div>\n\t\t<\/section>\n\t\t\t\t<section class=\"has_eae_slider elementor-section elementor-top-section elementor-element elementor-element-c6d1b04 elementor-section-boxed elementor-section-height-default elementor-section-height-default\" data-id=\"c6d1b04\" data-element_type=\"section\">\n\t\t\t\t\t\t<div class=\"elementor-container elementor-column-gap-default\">\n\t\t\t\t\t<div class=\"has_eae_slider elementor-column elementor-col-100 elementor-top-column elementor-element elementor-element-5d05777\" data-id=\"5d05777\" data-element_type=\"column\">\n\t\t\t<div class=\"elementor-widget-wrap elementor-element-populated\">\n\t\t\t\t\t\t<div class=\"elementor-element elementor-element-0465a49 elementor-align-center elementor-widget elementor-widget-button\" data-id=\"0465a49\" data-element_type=\"widget\" data-widget_type=\"button.default\">\n\t\t\t\t<div class=\"elementor-widget-container\">\n\t\t\t\t\t\t\t\t\t<div class=\"elementor-button-wrapper\">\n\t\t\t\t\t<a class=\"elementor-button elementor-button-link elementor-size-md\" href=\"https:\/\/onedropzen.hu\/\" target=\"_blank\">\n\t\t\t\t\t\t<span class=\"elementor-button-content-wrapper\">\n\t\t\t\t\t\t\t\t\t<span class=\"elementor-button-text\">One Drop Zen<\/span>\n\t\t\t\t\t<\/span>\n\t\t\t\t\t<\/a>\n\t\t\t\t<\/div>\n\t\t\t\t\t\t\t\t<\/div>\n\t\t\t\t<\/div>\n\t\t\t\t\t<\/div>\n\t\t<\/div>\n\t\t\t\t\t<\/div>\n\t\t<\/section>\n\t\t\t\t<section class=\"has_eae_slider elementor-section elementor-top-section elementor-element elementor-element-7c5ac57 elementor-section-boxed elementor-section-height-default elementor-section-height-default\" data-id=\"7c5ac57\" data-element_type=\"section\">\n\t\t\t\t\t\t<div class=\"elementor-container elementor-column-gap-default\">\n\t\t\t\t\t<div class=\"has_eae_slider elementor-column elementor-col-100 elementor-top-column elementor-element elementor-element-a65e53c\" data-id=\"a65e53c\" data-element_type=\"column\">\n\t\t\t<div class=\"elementor-widget-wrap elementor-element-populated\">\n\t\t\t\t\t\t<div class=\"elementor-element elementor-element-46e9833 elementor-widget elementor-widget-spacer\" data-id=\"46e9833\" data-element_type=\"widget\" data-widget_type=\"spacer.default\">\n\t\t\t\t<div class=\"elementor-widget-container\">\n\t\t\t\t\t\t\t<div class=\"elementor-spacer\">\n\t\t\t<div class=\"elementor-spacer-inner\"><\/div>\n\t\t<\/div>\n\t\t\t\t\t\t<\/div>\n\t\t\t\t<\/div>\n\t\t\t\t\t<\/div>\n\t\t<\/div>\n\t\t\t\t\t<\/div>\n\t\t<\/section>\n\t\t\t\t<\/div>","protected":false},"excerpt":{"rendered":"<p>Taigen Shodo Harada roshi Taigen S\u00f3d\u00f3 Harada r\u00f3si (angol \u00e1t\u00edr\u00e1sban: Taigen Shodo Harada roshi) jap\u00e1n zenmester, a One Drop Zen nemzetk\u00f6zi szangha (zen-k\u00f6z\u00f6ss\u00e9g) vezet\u0151 mestere. Tan\u00edtv\u00e1nyai vil\u00e1gszerte sz\u00e1mos One Drop k\u00f6z\u00f6ss\u00e9get alap\u00edtottak, melyek \u00e1lland\u00f3 kapcsolatban \u00e1llnak vele. A gyakorl\u00f3k rendszeresen l\u00e1togatnak Jap\u00e1nba, hogy tud\u00e1sukat, tapasztalataikat tov\u00e1bb m\u00e9ly\u00edts\u00e9k Harada r\u00f3si kolostor\u00e1ban. [&hellip;]<\/p>","protected":false},"author":1,"featured_media":0,"parent":0,"menu_order":0,"comment_status":"closed","ping_status":"closed","template":"","meta":{"_exactmetrics_skip_tracking":false,"_exactmetrics_sitenote_active":false,"_exactmetrics_sitenote_note":"","_exactmetrics_sitenote_category":0,"footnotes":""},"class_list":["post-2066","page","type-page","status-publish","hentry"],"_links":{"self":[{"href":"https:\/\/www.posticum.ro\/en\/wp-json\/wp\/v2\/pages\/2066","targetHints":{"allow":["GET"]}}],"collection":[{"href":"https:\/\/www.posticum.ro\/en\/wp-json\/wp\/v2\/pages"}],"about":[{"href":"https:\/\/www.posticum.ro\/en\/wp-json\/wp\/v2\/types\/page"}],"author":[{"embeddable":true,"href":"https:\/\/www.posticum.ro\/en\/wp-json\/wp\/v2\/users\/1"}],"replies":[{"embeddable":true,"href":"https:\/\/www.posticum.ro\/en\/wp-json\/wp\/v2\/comments?post=2066"}],"version-history":[{"count":33,"href":"https:\/\/www.posticum.ro\/en\/wp-json\/wp\/v2\/pages\/2066\/revisions"}],"predecessor-version":[{"id":2952,"href":"https:\/\/www.posticum.ro\/en\/wp-json\/wp\/v2\/pages\/2066\/revisions\/2952"}],"wp:attachment":[{"href":"https:\/\/www.posticum.ro\/en\/wp-json\/wp\/v2\/media?parent=2066"}],"curies":[{"name":"wp","href":"https:\/\/api.w.org\/{rel}","templated":true}]}}