{"id":1832,"date":"2021-03-01T10:25:12","date_gmt":"2021-03-01T10:25:12","guid":{"rendered":"http:\/\/temp.posticum.ro\/?page_id=1832"},"modified":"2021-05-12T06:41:14","modified_gmt":"2021-05-12T06:41:14","slug":"bader-oliver","status":"publish","type":"page","link":"https:\/\/www.posticum.ro\/en\/bader-oliver\/","title":{"rendered":"B\u00e1der Oliv\u00e9r"},"content":{"rendered":"<div data-elementor-type=\"wp-page\" data-elementor-id=\"1832\" class=\"elementor elementor-1832\">\n\t\t\t\t\t\t<section class=\"has_eae_slider elementor-section elementor-top-section elementor-element elementor-element-1d4f979 elementor-section-boxed elementor-section-height-default elementor-section-height-default\" data-id=\"1d4f979\" data-element_type=\"section\">\n\t\t\t\t\t\t<div class=\"elementor-container elementor-column-gap-default\">\n\t\t\t\t\t<div class=\"has_eae_slider elementor-column elementor-col-100 elementor-top-column elementor-element elementor-element-d6d2b3f\" data-id=\"d6d2b3f\" data-element_type=\"column\">\n\t\t\t<div class=\"elementor-widget-wrap elementor-element-populated\">\n\t\t\t\t\t\t<div class=\"elementor-element elementor-element-d811d97 elementor-widget elementor-widget-menu-anchor\" data-id=\"d811d97\" data-element_type=\"widget\" data-widget_type=\"menu-anchor.default\">\n\t\t\t\t<div class=\"elementor-widget-container\">\n\t\t\t\t\t\t\t<div class=\"elementor-menu-anchor\" id=\"kezdes\"><\/div>\n\t\t\t\t\t\t<\/div>\n\t\t\t\t<\/div>\n\t\t\t\t\t<\/div>\n\t\t<\/div>\n\t\t\t\t\t<\/div>\n\t\t<\/section>\n\t\t\t\t<section class=\"has_eae_slider elementor-section elementor-top-section elementor-element elementor-element-02bbfda elementor-section-boxed elementor-section-height-default elementor-section-height-default\" data-id=\"02bbfda\" data-element_type=\"section\">\n\t\t\t\t\t\t<div class=\"elementor-container elementor-column-gap-default\">\n\t\t\t\t\t<div class=\"has_eae_slider elementor-column elementor-col-100 elementor-top-column elementor-element elementor-element-c3b25a4\" data-id=\"c3b25a4\" data-element_type=\"column\">\n\t\t\t<div class=\"elementor-widget-wrap elementor-element-populated\">\n\t\t\t\t\t\t<div class=\"elementor-element elementor-element-eacff5f elementor-widget elementor-widget-spacer\" data-id=\"eacff5f\" data-element_type=\"widget\" data-widget_type=\"spacer.default\">\n\t\t\t\t<div class=\"elementor-widget-container\">\n\t\t\t\t\t\t\t<div class=\"elementor-spacer\">\n\t\t\t<div class=\"elementor-spacer-inner\"><\/div>\n\t\t<\/div>\n\t\t\t\t\t\t<\/div>\n\t\t\t\t<\/div>\n\t\t\t\t\t<\/div>\n\t\t<\/div>\n\t\t\t\t\t<\/div>\n\t\t<\/section>\n\t\t\t\t<section class=\"has_eae_slider elementor-section elementor-top-section elementor-element elementor-element-bae9618 elementor-section-boxed elementor-section-height-default elementor-section-height-default\" data-id=\"bae9618\" data-element_type=\"section\">\n\t\t\t\t\t\t<div class=\"elementor-container elementor-column-gap-default\">\n\t\t\t\t\t<div class=\"has_eae_slider elementor-column elementor-col-100 elementor-top-column elementor-element elementor-element-d2634b3\" data-id=\"d2634b3\" data-element_type=\"column\">\n\t\t\t<div class=\"elementor-widget-wrap elementor-element-populated\">\n\t\t\t\t\t\t<div class=\"elementor-element elementor-element-5d253c5 elementor-widget elementor-widget-heading\" data-id=\"5d253c5\" data-element_type=\"widget\" data-widget_type=\"heading.default\">\n\t\t\t\t<div class=\"elementor-widget-container\">\n\t\t\t\t\t<h2 class=\"elementor-heading-title elementor-size-default\">B\u00e1der Oliv\u00e9r: Tedd szebb\u00e9 az \u00e9letet<\/h2>\t\t\t\t<\/div>\n\t\t\t\t<\/div>\n\t\t\t\t\t<\/div>\n\t\t<\/div>\n\t\t\t\t\t<\/div>\n\t\t<\/section>\n\t\t\t\t<section class=\"has_eae_slider elementor-section elementor-top-section elementor-element elementor-element-975fa40 elementor-section-boxed elementor-section-height-default elementor-section-height-default\" data-id=\"975fa40\" data-element_type=\"section\">\n\t\t\t\t\t\t<div class=\"elementor-container elementor-column-gap-default\">\n\t\t\t\t\t<div class=\"has_eae_slider elementor-column elementor-col-100 elementor-top-column elementor-element elementor-element-39078ff\" data-id=\"39078ff\" data-element_type=\"column\">\n\t\t\t<div class=\"elementor-widget-wrap elementor-element-populated\">\n\t\t\t\t\t\t<div class=\"elementor-element elementor-element-1042fda elementor-widget elementor-widget-text-editor\" data-id=\"1042fda\" data-element_type=\"widget\" data-widget_type=\"text-editor.default\">\n\t\t\t\t<div class=\"elementor-widget-container\">\n\t\t\t\t\t\t\t\t\t<p class=\"Kopf2\"><i style=\"font-size: inherit;\"><span lang=\"DE-CH\" style=\"font-family: 'Garamond','serif'; mso-bidi-font-weight: bold;\">Make Your Life Better (2010) c\u00edm\u0171 albuma kapcs\u00e1n besz\u00e9lgett\u00fcnk a v\u00e1radi dzsesszgit\u00e1rossal, B\u00e1der Oliv\u00e9rrel<\/span><\/i><\/p>\n<p class=\"MsoNormal\"><span lang=\"DE-CH\" style=\"font-family: 'Garamond','serif'; mso-bidi-font-weight: bold;\"><o:p>&nbsp;<\/o:p><\/span><\/p>\n<p class=\"MsoNormal\" style=\"text-indent: 35.4pt; mso-layout-grid-align: none; text-autospace: none;\"><span lang=\"DE-CH\" style=\"font-family: 'Garamond','serif';\">A nagyv\u00e1radi Posticum Kultur\u00e1lis K\u00f6zpontba bet\u00e9r\u0151k olykor szemtan\u00fai lehetnek a jelenetnek, amint az \u00e9p\u00fclet fest\u0151i terasz\u00e1n egy mag\u00e1nyos zen\u00e9sz a git\u00e1rj\u00e1t pengeti. \u0150 B\u00e1der Oliv\u00e9r, a v\u00e1ros dzsessz\u00e9let\u00e9nek egyik k\u00fcl\u00f6nleges sz\u00ednfoltja. Nem igaz\u00e1n szeret nyilv\u00e1noss\u00e1g el\u0151tt mutatkozni, az interj\u00fakat sem kedveli, de a hozz\u00e1 k\u00f6zel \u00e1ll\u00f3kkal sz\u00edvesen elbesz\u00e9lget. Ilyen bar\u00e1ti \u00e9s k\u00f6tetlen hangulatban besz\u00e9lgett\u00fcnk vele nemr\u00e9g megjelent \u00faj lemez\u00e9r\u0151l, \u00e9let\u00e9r\u0151l, terveir\u0151l.<o:p><\/o:p><\/span><\/p>\n<p class=\"MsoNormal\" style=\"text-indent: 35.4pt; mso-layout-grid-align: none; text-autospace: none;\"><span lang=\"DE-CH\" style=\"font-family: 'Garamond','serif';\">1975. febru\u00e1r 20-\u00e1n sz\u00fcletett. A legnagyobb dzsesszzen\u00e9szekt\u0151l tanult \u2013 autodidakta m\u00f3d\u00f3n. Kezdetben r\u00e1di\u00f3n hallgatta dalaikat, amikor pedig lehet\u0151s\u00e9ge ny\u00edlott r\u00e1, megvette lemezeiket. H\u00e1rom \u00e9vig tanult klasszikus git\u00e1rt, egy \u00e9vet pedig B\u00e9csben t\u00f6lt\u00f6tt tanulm\u00e1nyi \u00faton. Nagy f\u00e1jdalmainak egyike, hogy Rom\u00e1ni\u00e1ban mind a mai napig nem l\u00e9tezik dzsessz-git\u00e1r szak, ahol e k\u00fcl\u00f6nleges k\u00e9szs\u00e9geket ig\u00e9nyl\u0151 \u00e9s rendk\u00edv\u00fcl komplex zenei m\u0171fajt a megfelel\u0151 szinten oktatn\u00e1k. Ez\u00e9rt hossz\u00fa id\u0151n kereszt\u00fcl d\u00e9delgetett sz\u00edv\u00fcgye volt egy dzsessz-kurzus megszervez\u00e9se, amely el\u0151rel\u00e1that\u00f3lag id\u00e9n ny\u00e1ron a Posticum t\u00e1mogat\u00e1s\u00e1val megval\u00f3sulhat. Kevesen tudj\u00e1k, hogy 10 \u00e9vvel ezel\u0151tt Oliv\u00e9r volt a Posticumban m\u0171k\u00f6d\u0151 Jazzland meg\u00e1lmod\u00f3ja. A kezdeti egy\u00fcttm\u0171k\u00f6d\u00e9s els\u0151 gy\u00fcm\u00f6lcse a szer\u00e9ny k\u00f6r\u00fclm\u00e9nyek k\u00f6z\u00f6tt megsz\u00fcletett <i>Jazz Fusion<\/i> (2001) c\u00edm\u0171 CD volt.<o:p><\/o:p><\/span><\/p>\n<p class=\"MsoNormal\" style=\"text-indent: 35.4pt; mso-layout-grid-align: none; text-autospace: none;\"><span lang=\"DE-CH\" style=\"font-family: 'Garamond','serif';\">Az elm\u00falt t\u00edz \u00e9vben Oliv\u00e9r rendk\u00edv\u00fcl v\u00e1ltozatos p\u00e1ly\u00e1t j\u00e1rt be. Legsz\u00edvesebben utcazen\u00e9sz szeretett volna lenni, a vonatkoz\u00f3 t\u00f6rv\u00e9nyi el\u0151\u00edr\u00e1sok \u00e9s jogszab\u00e1lyok \u00e9rtelm\u00e9ben azonban ehhez v\u00e1llalkoz\u00e1st kellene ind\u00edtania, k\u00fcl\u00f6nf\u00e9le illet\u00e9keket, ad\u00f3kat kellene fizetnie, s \u00edgy az \u00fczlet lassan meg\u00f6ln\u00e9 a zen\u00e9t. A felszabadults\u00e1g Oliv\u00e9r szerint elengedhetetlen az igaz\u00e1n m\u00e9lyr\u0151l fakad\u00f3, a szem\u00e9lyis\u00e9get nagym\u00e9rt\u00e9kben bevon\u00f3 dzsessz-zen\u00e9hez. Ez\u00e9rt idegen t\u0151le mindenf\u00e9le k\u00f6t\u00f6tts\u00e9g. B\u00e1r a magyar dzsessz\u00e9let legismertebb egy\u00e9nis\u00e9geivel j\u00e1tszott m\u00e1r egy\u00fctt, amit nagy megtiszteltet\u00e9snek \u00e9rez, saj\u00e1tos szorong\u00f3 szem\u00e9lyis\u00e9ge miatt m\u00e9gis fesz\u00e9lyezik \u0151t a \u201eprofik\u201d. Amikor vel\u00fck zen\u00e9l, a t\u00falzott megfelelni akar\u00e1sb\u00f3l fakad\u00f3 g\u00f6rcs\u00f6ss\u00e9ge megfosztja az \u00f6nfeledt zen\u00e9l\u00e9s \u00f6r\u00f6m\u00e9t\u0151l. A besz\u00e9lget\u00e9s e pontj\u00e1n sz\u00f3ba ker\u00fcl az amat\u0151r \u00e9s profi k\u00f6zti k\u00fcl\u00f6nbs\u00e9g. Oliv\u00e9rnek erre vonatkoz\u00f3an nagyon mark\u00e1ns v\u00e9lem\u00e9nye van: amat\u0151r az, aki \u201ev\u00e9letlen\u00fcl\u201d olykor jobban eltal\u00e1l egy-egy hangot, dallamot, mint egy magasan k\u00e9pzett zen\u00e9sz; profi az, aki minden k\u00f6r\u00fclm\u00e9nyek k\u00f6z\u00f6tt megb\u00edzhat\u00f3an tud egy bizonyos sz\u00ednvonalat produk\u00e1lni. Oliv\u00e9r amat\u0151rnek mondja mag\u00e1t, de minden alkalmat megragad, ami hozz\u00e1j\u00e1rul, hogy profi m\u00f3don zen\u00e9lhessen. Ritk\u00e1n el\u00e9gedett \u00f6nmag\u00e1val, de olykor m\u00e9g saj\u00e1t mag\u00e1nak is okoz meglepet\u00e9st. (Egy alkalommal a Posticum terasz\u00e1n \u00fcld\u00f6g\u00e9lve elragadtat\u00e1ssal hallgatta a recepci\u00f3r\u00f3l kisz\u0171r\u0151d\u0151 zene dallamait, csak n\u00e9h\u00e1ny taktus ut\u00e1n has\u00edt bele hirtelen, ez az \u0151 git\u00e1rj\u00e1t\u00e9ka.) Oliv\u00e9r dalai gyakran \u201ekegyelmi pillanatokban\u201d sz\u00fcletnek, amikor nem \u0151 tal\u00e1lja ki, kompon\u00e1lja a zen\u00e9t, hanem \u201ecsak\u201d megsz\u00f3laltatja a benne felcsend\u00fcl\u0151 dallamot.<o:p><\/o:p><\/span><\/p>\n<p class=\"MsoNormal\" style=\"text-indent: 35.4pt; mso-layout-grid-align: none; text-autospace: none;\"><span lang=\"DE-CH\" style=\"font-family: 'Garamond','serif';\">A Posticum t\u00edzedik sz\u00fclet\u00e9snapj\u00e1ra, a Soros Alap\u00edtv\u00e1ny t\u00e1mogat\u00e1s\u00e1val megjelent <i>Make Your Life Better<\/i> c\u00edm\u0171 album ilyen dalokat tartalmaz. M\u00e9lt\u00e1n \u00edrta r\u00f3la L\u00e1szl\u00f3 Attila Liszt-d\u00edjas dzsesszgit\u00e1ros, zeneszerz\u0151: \u201eNagyszer\u0171, felszabadult zen\u00e9l\u00e9st hallhatunk B\u00e1der Oliv\u00e9r lemez\u00e9n. Tehets\u00e9g \u00e9s a j\u00e1t\u00e9k \u00e9lvezete&#8230; \u00d6r\u00f6m hallgatni!\u201d A rendk\u00edv\u00fcl \u00edzl\u00e9sesen megtervezett bor\u00edt\u00f3 Imre Zolt\u00e1n nagyv\u00e1radi k\u00e9pz\u0151m\u0171v\u00e9sz munk\u00e1ja. A lemez anyag\u00e1t m\u00e1sf\u00e9l nap alatt vett\u00e9k fel egy budapesti st\u00fadi\u00f3ban. Nem a sz\u0171k id\u0151keret indokolta, hogy az apr\u00f3bb hib\u00e1k ut\u00e1n nem r\u00f6gz\u00edtett\u00e9k \u00fajra a dalokat, nem v\u00e1gt\u00e1k meg az anyagot. A dzsessz \u00e9l\u0151 zene \u00e9s Oliv\u00e9r meggy\u0151z\u0151d\u00e9se szerint a lemeznek is ezt \u00e9s nem egy \u201emanipul\u00e1lt verzi\u00f3t\u201d kell k\u00f6zvet\u00edtenie. <o:p><\/o:p><\/span><\/p>\n<p class=\"MsoNormal\" style=\"text-indent: 35.4pt; mso-layout-grid-align: none; text-autospace: none;\"><span lang=\"DE-CH\" style=\"font-family: 'Garamond','serif';\">V\u00e9gezet\u00fcl terveir\u0151l k\u00e9rdezt\u00fck a zen\u00e9szt. Vannak m\u00e1r k\u00e9sz dalai, de egy \u00fajabb album megjelentet\u00e9s\u00e9t m\u00e9g nem tervezi. Jelenleg ismert magyarorsz\u00e1gi dzsessz-zen\u00e9szekkel zsolt\u00e1rok megzen\u00e9s\u00edt\u00e9s\u00e9n dolgozik. B\u00facs\u00faz\u00e1skor elmondja, hogy tov\u00e1bbra is egy\u00fctt zen\u00e9lnek unokatestv\u00e9r\u00e9vel G\u00e1sp\u00e1ri S\u00e1ndorral \u00e9s G\u00f6rbe J\u00f3zseffel (Gino), s \u00e9pp a napokban k\u00e9rt\u00e9k fel, hogy heti k\u00e9t alkalommal egy nagyv\u00e1radi b\u00e1rban zen\u00e9ljen. Most k\u00e9sz\u00fclt el szem\u00e9lyes weboldala is, ahol az \u00e9rdekl\u0151d\u00f6k minden vele kapcsolatos inform\u00e1ci\u00f3t megtal\u00e1lhatnak (www.baderoliver.net).<o:p><\/o:p><\/span><\/p>\n<p class=\"MsoNormal\" style=\"text-indent: 35.4pt; mso-layout-grid-align: none; text-autospace: none;\"><span lang=\"DE-CH\" style=\"font-family: 'Garamond','serif';\"><o:p>&nbsp;<\/o:p><\/span><\/p>\n<p class=\"MsoNormal\" align=\"right\" style=\"text-align: right; mso-layout-grid-align: none; text-autospace: none;\"><i><span lang=\"DE-CH\" style=\"font-family: 'Garamond','serif'; mso-bidi-font-weight: bold;\">Bruncs\u00e1k Istv\u00e1n, Bihari Napl\u00f3<\/span><\/i><i><span lang=\"DE-CH\" style=\"font-family: 'Garamond','serif';\">, 2010. j\u00fanius 19.<o:p><\/o:p><\/span><\/i><\/p>\n<p class=\"MsoNormal\"><span lang=\"DE-CH\" style=\"font-family: 'Garamond','serif';\"><o:p>&nbsp;<\/o:p><\/span><\/p>\n<p><span lang=\"DE-CH\" style=\"font-size: 12.0pt; mso-bidi-font-size: 11.0pt; font-family: 'Garamond','serif'; mso-fareast-font-family: Calibri; mso-fareast-theme-font: minor-latin; mso-bidi-font-family: 'Times New Roman'; mso-bidi-theme-font: minor-bidi; mso-ansi-language: DE-CH; mso-fareast-language: EN-US; mso-bidi-language: AR-SA;\">P. S. Id\u0151k\u00f6zben <i>Psalms<\/i> c\u00edmen elk\u00e9sz\u00fclt a cikkben eml\u00edtett zsolt\u00e1rfeldolgoz\u00e1sok anyaga, mely a szerz\u0151 honlapj\u00e1r\u00f3l ingyenesen let\u00f6lthet\u0151.<\/span><\/p>\t\t\t\t\t\t\t\t<\/div>\n\t\t\t\t<\/div>\n\t\t\t\t\t<\/div>\n\t\t<\/div>\n\t\t\t\t\t<\/div>\n\t\t<\/section>\n\t\t\t\t<section class=\"has_eae_slider elementor-section elementor-top-section elementor-element elementor-element-0d20149 elementor-section-boxed elementor-section-height-default elementor-section-height-default\" data-id=\"0d20149\" data-element_type=\"section\">\n\t\t\t\t\t\t<div class=\"elementor-container elementor-column-gap-default\">\n\t\t\t\t\t<div class=\"has_eae_slider elementor-column elementor-col-100 elementor-top-column elementor-element elementor-element-9a6102e\" data-id=\"9a6102e\" data-element_type=\"column\">\n\t\t\t<div class=\"elementor-widget-wrap elementor-element-populated\">\n\t\t\t\t\t\t<div class=\"elementor-element elementor-element-5d75e3f elementor-widget elementor-widget-spacer\" data-id=\"5d75e3f\" data-element_type=\"widget\" data-widget_type=\"spacer.default\">\n\t\t\t\t<div class=\"elementor-widget-container\">\n\t\t\t\t\t\t\t<div class=\"elementor-spacer\">\n\t\t\t<div class=\"elementor-spacer-inner\"><\/div>\n\t\t<\/div>\n\t\t\t\t\t\t<\/div>\n\t\t\t\t<\/div>\n\t\t\t\t\t<\/div>\n\t\t<\/div>\n\t\t\t\t\t<\/div>\n\t\t<\/section>\n\t\t\t\t<\/div>","protected":false},"excerpt":{"rendered":"<p>B\u00e1der Oliv\u00e9r: Tedd szebb\u00e9 az \u00e9letet Make Your Life Better (2010) c\u00edm\u0171 albuma kapcs\u00e1n besz\u00e9lgett\u00fcnk a v\u00e1radi dzsesszgit\u00e1rossal, B\u00e1der Oliv\u00e9rrel &nbsp; A nagyv\u00e1radi Posticum Kultur\u00e1lis K\u00f6zpontba bet\u00e9r\u0151k olykor szemtan\u00fai lehetnek a jelenetnek, amint az \u00e9p\u00fclet fest\u0151i terasz\u00e1n egy mag\u00e1nyos zen\u00e9sz a git\u00e1rj\u00e1t pengeti. \u0150 B\u00e1der Oliv\u00e9r, a v\u00e1ros dzsessz\u00e9let\u00e9nek egyik [&hellip;]<\/p>","protected":false},"author":1,"featured_media":0,"parent":0,"menu_order":0,"comment_status":"closed","ping_status":"closed","template":"","meta":{"_exactmetrics_skip_tracking":false,"_exactmetrics_sitenote_active":false,"_exactmetrics_sitenote_note":"","_exactmetrics_sitenote_category":0,"footnotes":""},"class_list":["post-1832","page","type-page","status-publish","hentry"],"_links":{"self":[{"href":"https:\/\/www.posticum.ro\/en\/wp-json\/wp\/v2\/pages\/1832","targetHints":{"allow":["GET"]}}],"collection":[{"href":"https:\/\/www.posticum.ro\/en\/wp-json\/wp\/v2\/pages"}],"about":[{"href":"https:\/\/www.posticum.ro\/en\/wp-json\/wp\/v2\/types\/page"}],"author":[{"embeddable":true,"href":"https:\/\/www.posticum.ro\/en\/wp-json\/wp\/v2\/users\/1"}],"replies":[{"embeddable":true,"href":"https:\/\/www.posticum.ro\/en\/wp-json\/wp\/v2\/comments?post=1832"}],"version-history":[{"count":8,"href":"https:\/\/www.posticum.ro\/en\/wp-json\/wp\/v2\/pages\/1832\/revisions"}],"predecessor-version":[{"id":2822,"href":"https:\/\/www.posticum.ro\/en\/wp-json\/wp\/v2\/pages\/1832\/revisions\/2822"}],"wp:attachment":[{"href":"https:\/\/www.posticum.ro\/en\/wp-json\/wp\/v2\/media?parent=1832"}],"curies":[{"name":"wp","href":"https:\/\/api.w.org\/{rel}","templated":true}]}}