{"id":7199,"date":"2025-05-25T09:08:19","date_gmt":"2025-05-25T07:08:19","guid":{"rendered":"https:\/\/www.posticum.ro\/?page_id=7199"},"modified":"2025-05-25T09:15:50","modified_gmt":"2025-05-25T07:15:50","slug":"pszichospiritualis-es-onismereti-hetvege","status":"publish","type":"page","link":"https:\/\/www.posticum.ro\/de\/pszichospiritualis-es-onismereti-hetvege\/","title":{"rendered":""},"content":{"rendered":"<div data-elementor-type=\"wp-page\" data-elementor-id=\"7199\" class=\"elementor elementor-7199\">\n\t\t\t\t\t\t<section class=\"has_eae_slider elementor-section elementor-top-section elementor-element elementor-element-e412381 elementor-section-boxed elementor-section-height-default elementor-section-height-default\" data-id=\"e412381\" data-element_type=\"section\">\n\t\t\t\t\t\t<div class=\"elementor-container elementor-column-gap-default\">\n\t\t\t\t\t<div class=\"has_eae_slider elementor-column elementor-col-100 elementor-top-column elementor-element elementor-element-4304b66\" data-id=\"4304b66\" data-element_type=\"column\">\n\t\t\t<div class=\"elementor-widget-wrap elementor-element-populated\">\n\t\t\t\t\t\t<div class=\"elementor-element elementor-element-d4b17d8 elementor-widget elementor-widget-spacer\" data-id=\"d4b17d8\" data-element_type=\"widget\" id=\"pszichospiritualis-hetvege\" data-widget_type=\"spacer.default\">\n\t\t\t\t<div class=\"elementor-widget-container\">\n\t\t\t\t\t\t\t<div class=\"elementor-spacer\">\n\t\t\t<div class=\"elementor-spacer-inner\"><\/div>\n\t\t<\/div>\n\t\t\t\t\t\t<\/div>\n\t\t\t\t<\/div>\n\t\t\t\t\t<\/div>\n\t\t<\/div>\n\t\t\t\t\t<\/div>\n\t\t<\/section>\n\t\t\t\t<section class=\"has_eae_slider elementor-section elementor-top-section elementor-element elementor-element-8c89a0c elementor-section-boxed elementor-section-height-default elementor-section-height-default\" data-id=\"8c89a0c\" data-element_type=\"section\">\n\t\t\t\t\t\t<div class=\"elementor-container elementor-column-gap-default\">\n\t\t\t\t\t<div class=\"has_eae_slider elementor-column elementor-col-100 elementor-top-column elementor-element elementor-element-dea543d\" data-id=\"dea543d\" data-element_type=\"column\">\n\t\t\t<div class=\"elementor-widget-wrap elementor-element-populated\">\n\t\t\t\t\t\t<div class=\"elementor-element elementor-element-24920d9 elementor-widget elementor-widget-heading\" data-id=\"24920d9\" data-element_type=\"widget\" data-widget_type=\"heading.default\">\n\t\t\t\t<div class=\"elementor-widget-container\">\n\t\t\t\t\t<h2 class=\"elementor-heading-title elementor-size-default\"><p style=\"text-align:\"><strong>Psychospirituelles und Selbsterkenntniswochenende im Posticum<\/strong><\/p><\/h2>\t\t\t\t<\/div>\n\t\t\t\t<\/div>\n\t\t\t\t\t<\/div>\n\t\t<\/div>\n\t\t\t\t\t<\/div>\n\t\t<\/section>\n\t\t\t\t<section class=\"has_eae_slider elementor-section elementor-top-section elementor-element elementor-element-92972d8 elementor-section-boxed elementor-section-height-default elementor-section-height-default\" data-id=\"92972d8\" data-element_type=\"section\">\n\t\t\t\t\t\t<div class=\"elementor-container elementor-column-gap-default\">\n\t\t\t\t\t<div class=\"has_eae_slider elementor-column elementor-col-100 elementor-top-column elementor-element elementor-element-e6d01b5\" data-id=\"e6d01b5\" data-element_type=\"column\">\n\t\t\t<div class=\"elementor-widget-wrap elementor-element-populated\">\n\t\t\t\t\t\t<div class=\"elementor-element elementor-element-becae68 elementor-widget elementor-widget-text-editor\" data-id=\"becae68\" data-element_type=\"widget\" data-widget_type=\"text-editor.default\">\n\t\t\t\t<div class=\"elementor-widget-container\">\n\t\t\t\t\t\t\t\t\t<p><span><b>Referenten:<br \/><\/b><\/span><span><a href=\"https:\/\/www.posticum.ro\/de\/dr-barcsay-andras\/\">Dr. Andr\u00e1s Barcsay<\/a> und <a href=\"https:\/\/www.posticum.ro\/de\/dr-mezes-zsolt-laszlo\/\">Dr. Zsolt L\u00e1szl\u00f3 M\u00e9zes<\/a><\/span><\/p>\t\t\t\t\t\t\t\t<\/div>\n\t\t\t\t<\/div>\n\t\t\t\t<div class=\"elementor-element elementor-element-18ab567 elementor-widget elementor-widget-text-editor\" data-id=\"18ab567\" data-element_type=\"widget\" data-widget_type=\"text-editor.default\">\n\t\t\t\t<div class=\"elementor-widget-container\">\n\t\t\t\t\t\t\t\t\t<p><span><b>Thema:<\/b><\/span><\/p>\n<p><span>Wie kann ich Gottes Gegenwart in mir entdecken?<\/span><\/p>\n<p><span>Da Gottes \u201eLeib\u201c \u2013 also seine Physiologie \u2013 in den Osterereignissen erkennbar ist, n\u00e4hern wir uns diesen Momenten in der spirituellen Praxis aus verschiedenen Richtungen. Mithilfe meditativer und dramatischer \u00dcbungen vertiefen wir diese Erfahrung und erkennen, dass Gottes Natur auch in uns gegenw\u00e4rtig ist.<\/span><\/p>\n<p><span>Auf diese Weise k\u00f6nnen wir Antworten auf die Schwierigkeiten und Fragen unseres Lebens erhalten \u2013 und sogar erfahren, wie Gott durch uns in der materiellen Welt Mensch wird. Dieser Prozess kann Transformation und Heilung bringen, und ein erf\u00fcllteres, tieferes Leben kann das Geschenk unseres Zusammenseins sein.<\/span><\/p>\n<p><span>Die Tage werden von Taiz\u00e9-Gebeten eingerahmt, die uns helfen, innere Ruhe und Vertiefung zu finden.<\/span><\/p>\t\t\t\t\t\t\t\t<\/div>\n\t\t\t\t<\/div>\n\t\t\t\t<div class=\"elementor-element elementor-element-28a1550 elementor-widget elementor-widget-text-editor\" data-id=\"28a1550\" data-element_type=\"widget\" data-widget_type=\"text-editor.default\">\n\t\t\t\t<div class=\"elementor-widget-container\">\n\t\t\t\t\t\t\t\t\t<p><span><b>Ort:<\/b><\/span><\/p>\n<p><span>Posticum, Teiului utca 26, Oradea<\/span><\/p>\t\t\t\t\t\t\t\t<\/div>\n\t\t\t\t<\/div>\n\t\t\t\t<div class=\"elementor-element elementor-element-e1c9353 elementor-widget elementor-widget-text-editor\" data-id=\"e1c9353\" data-element_type=\"widget\" data-widget_type=\"text-editor.default\">\n\t\t\t\t<div class=\"elementor-widget-container\">\n\t\t\t\t\t\t\t\t\t<p><span><b>Anmeldung:<\/b><\/span><\/p>\n<p><span>Bei Imre Rencsik, E-Mail:\u00a0<a href=\"mailto:rencsik@yahoo.de\" rel=\"nofollow noopener\" target=\"_blank\">rencsik@yahoo.de<\/a><\/span><\/p>\n<p>Die Teilnahme ist nur f\u00fcr das gesamte Retreat m\u00f6glich.<\/p>\t\t\t\t\t\t\t\t<\/div>\n\t\t\t\t<\/div>\n\t\t\t\t<div class=\"elementor-element elementor-element-0c43618 elementor-widget elementor-widget-text-editor\" data-id=\"0c43618\" data-element_type=\"widget\" data-widget_type=\"text-editor.default\">\n\t\t\t\t<div class=\"elementor-widget-container\">\n\t\t\t\t\t\t\t\t\t<p><span><b>Anreise:<\/b><\/span><\/p><p><span>Donnerstag, 10. Juli 2025, 10:00 Uhr<\/span><\/p>\t\t\t\t\t\t\t\t<\/div>\n\t\t\t\t<\/div>\n\t\t\t\t<div class=\"elementor-element elementor-element-b205420 elementor-widget elementor-widget-text-editor\" data-id=\"b205420\" data-element_type=\"widget\" data-widget_type=\"text-editor.default\">\n\t\t\t\t<div class=\"elementor-widget-container\">\n\t\t\t\t\t\t\t\t\t<p><span><b>Abreise:<\/b><\/span><\/p><p><span>Samstag, 12. Juli 2025, 21:00 Uhr<\/span><\/p>\t\t\t\t\t\t\t\t<\/div>\n\t\t\t\t<\/div>\n\t\t\t\t<div class=\"elementor-element elementor-element-2fed4ae elementor-widget elementor-widget-text-editor\" data-id=\"2fed4ae\" data-element_type=\"widget\" data-widget_type=\"text-editor.default\">\n\t\t\t\t<div class=\"elementor-widget-container\">\n\t\t\t\t\t\t\t\t\t<p><span><b>Kosten:<\/b><\/span><\/p>\n<p><span>150 EUR (Vollpension)<\/span><\/p>\n<p><span>Ihre Teilnahme und Spende unterst\u00fctzt den Betrieb und die Programme von Posticum.<\/span><\/p>\t\t\t\t\t\t\t\t<\/div>\n\t\t\t\t<\/div>\n\t\t\t\t\t<\/div>\n\t\t<\/div>\n\t\t\t\t\t<\/div>\n\t\t<\/section>\n\t\t\t\t<section class=\"has_eae_slider elementor-section elementor-top-section elementor-element elementor-element-634cedc elementor-section-boxed elementor-section-height-default elementor-section-height-default\" data-id=\"634cedc\" data-element_type=\"section\">\n\t\t\t\t\t\t<div class=\"elementor-container elementor-column-gap-default\">\n\t\t\t\t\t<div class=\"has_eae_slider elementor-column elementor-col-100 elementor-top-column elementor-element elementor-element-ac2f5a5\" data-id=\"ac2f5a5\" data-element_type=\"column\">\n\t\t\t<div class=\"elementor-widget-wrap elementor-element-populated\">\n\t\t\t\t\t\t<div class=\"elementor-element elementor-element-e4944a7 elementor-widget elementor-widget-spacer\" data-id=\"e4944a7\" data-element_type=\"widget\" data-widget_type=\"spacer.default\">\n\t\t\t\t<div class=\"elementor-widget-container\">\n\t\t\t\t\t\t\t<div class=\"elementor-spacer\">\n\t\t\t<div class=\"elementor-spacer-inner\"><\/div>\n\t\t<\/div>\n\t\t\t\t\t\t<\/div>\n\t\t\t\t<\/div>\n\t\t\t\t\t<\/div>\n\t\t<\/div>\n\t\t\t\t\t<\/div>\n\t\t<\/section>\n\t\t\t\t<\/div>","protected":false},"excerpt":{"rendered":"<p>Lelkigyakorlat m\u00e1sk\u00e9pp Pszichospiritu\u00e1lis \u00e9s \u00f6nismereti h\u00e9tv\u00e9ge a Posticumban2025. j\u00falius 10\u201312. El\u0151ad\u00f3k:Dr. Barcsay Andr\u00e1s \u00e9s Dr. M\u00e9zes Zsolt L\u00e1szl\u00f3 T\u00e9ma: Hogyan fedezhetem fel magamban Isten jelenl\u00e9t\u00e9t? Mivel Isten \u201eteste\u201d \u2013 azaz fiziol\u00f3gi\u00e1ja \u2013 a h\u00fasv\u00e9ti esem\u00e9nyekben ismerhet\u0151 fel, a lelkigyakorlat sor\u00e1n e mozzanatokhoz k\u00f6zel\u00edt\u00fcnk t\u00f6bb ir\u00e1nyb\u00f3l. Meditat\u00edv \u00e9s dramatikus gyakorlatok seg\u00edts\u00e9g\u00e9vel [&hellip;]<\/p>","protected":false},"author":3,"featured_media":0,"parent":0,"menu_order":0,"comment_status":"closed","ping_status":"closed","template":"","meta":{"_exactmetrics_skip_tracking":false,"_exactmetrics_sitenote_active":false,"_exactmetrics_sitenote_note":"","_exactmetrics_sitenote_category":0,"footnotes":""},"class_list":["post-7199","page","type-page","status-publish","hentry"],"_links":{"self":[{"href":"https:\/\/www.posticum.ro\/de\/wp-json\/wp\/v2\/pages\/7199","targetHints":{"allow":["GET"]}}],"collection":[{"href":"https:\/\/www.posticum.ro\/de\/wp-json\/wp\/v2\/pages"}],"about":[{"href":"https:\/\/www.posticum.ro\/de\/wp-json\/wp\/v2\/types\/page"}],"author":[{"embeddable":true,"href":"https:\/\/www.posticum.ro\/de\/wp-json\/wp\/v2\/users\/3"}],"replies":[{"embeddable":true,"href":"https:\/\/www.posticum.ro\/de\/wp-json\/wp\/v2\/comments?post=7199"}],"version-history":[{"count":6,"href":"https:\/\/www.posticum.ro\/de\/wp-json\/wp\/v2\/pages\/7199\/revisions"}],"predecessor-version":[{"id":7206,"href":"https:\/\/www.posticum.ro\/de\/wp-json\/wp\/v2\/pages\/7199\/revisions\/7206"}],"wp:attachment":[{"href":"https:\/\/www.posticum.ro\/de\/wp-json\/wp\/v2\/media?parent=7199"}],"curies":[{"name":"wp","href":"https:\/\/api.w.org\/{rel}","templated":true}]}}