{"id":7191,"date":"2025-05-25T09:04:49","date_gmt":"2025-05-25T07:04:49","guid":{"rendered":"https:\/\/www.posticum.ro\/?page_id=7191"},"modified":"2025-05-25T09:07:53","modified_gmt":"2025-05-25T07:07:53","slug":"belso-gyermek-terapia","status":"publish","type":"page","link":"https:\/\/www.posticum.ro\/de\/belso-gyermek-terapia\/","title":{"rendered":""},"content":{"rendered":"<div data-elementor-type=\"wp-page\" data-elementor-id=\"7191\" class=\"elementor elementor-7191\">\n\t\t\t\t\t\t<section class=\"has_eae_slider elementor-section elementor-top-section elementor-element elementor-element-f6ec8bc elementor-section-boxed elementor-section-height-default elementor-section-height-default\" data-id=\"f6ec8bc\" data-element_type=\"section\">\n\t\t\t\t\t\t<div class=\"elementor-container elementor-column-gap-default\">\n\t\t\t\t\t<div class=\"has_eae_slider elementor-column elementor-col-100 elementor-top-column elementor-element elementor-element-2c71769\" data-id=\"2c71769\" data-element_type=\"column\">\n\t\t\t<div class=\"elementor-widget-wrap elementor-element-populated\">\n\t\t\t\t\t\t<div class=\"elementor-element elementor-element-94b173e elementor-widget elementor-widget-spacer\" data-id=\"94b173e\" data-element_type=\"widget\" id=\"belso-gyermek-terapia\" data-widget_type=\"spacer.default\">\n\t\t\t\t<div class=\"elementor-widget-container\">\n\t\t\t\t\t\t\t<div class=\"elementor-spacer\">\n\t\t\t<div class=\"elementor-spacer-inner\"><\/div>\n\t\t<\/div>\n\t\t\t\t\t\t<\/div>\n\t\t\t\t<\/div>\n\t\t\t\t\t<\/div>\n\t\t<\/div>\n\t\t\t\t\t<\/div>\n\t\t<\/section>\n\t\t\t\t<section class=\"has_eae_slider elementor-section elementor-top-section elementor-element elementor-element-8c89a0c elementor-section-boxed elementor-section-height-default elementor-section-height-default\" data-id=\"8c89a0c\" data-element_type=\"section\">\n\t\t\t\t\t\t<div class=\"elementor-container elementor-column-gap-default\">\n\t\t\t\t\t<div class=\"has_eae_slider elementor-column elementor-col-100 elementor-top-column elementor-element elementor-element-dea543d\" data-id=\"dea543d\" data-element_type=\"column\">\n\t\t\t<div class=\"elementor-widget-wrap elementor-element-populated\">\n\t\t\t\t\t\t<div class=\"elementor-element elementor-element-24920d9 elementor-widget elementor-widget-heading\" data-id=\"24920d9\" data-element_type=\"widget\" data-widget_type=\"heading.default\">\n\t\t\t\t<div class=\"elementor-widget-container\">\n\t\t\t\t\t<h2 class=\"elementor-heading-title elementor-size-default\">Therapie des Inneren Kindes<\/h2>\t\t\t\t<\/div>\n\t\t\t\t<\/div>\n\t\t\t\t\t<\/div>\n\t\t<\/div>\n\t\t\t\t\t<\/div>\n\t\t<\/section>\n\t\t\t\t<section class=\"has_eae_slider elementor-section elementor-top-section elementor-element elementor-element-92972d8 elementor-section-boxed elementor-section-height-default elementor-section-height-default\" data-id=\"92972d8\" data-element_type=\"section\">\n\t\t\t\t\t\t<div class=\"elementor-container elementor-column-gap-default\">\n\t\t\t\t\t<div class=\"has_eae_slider elementor-column elementor-col-100 elementor-top-column elementor-element elementor-element-e6d01b5\" data-id=\"e6d01b5\" data-element_type=\"column\">\n\t\t\t<div class=\"elementor-widget-wrap elementor-element-populated\">\n\t\t\t\t\t\t<div class=\"elementor-element elementor-element-becae68 elementor-widget elementor-widget-text-editor\" data-id=\"becae68\" data-element_type=\"widget\" data-widget_type=\"text-editor.default\">\n\t\t\t\t<div class=\"elementor-widget-container\">\n\t\t\t\t\t\t\t\t\t<p><span><b>Referenten:<br \/><\/b><\/span><span><a href=\"https:\/\/www.posticum.ro\/de\/dr-barcsay-\u00e1kos\/\">Dr. \u00c1kos Barcsay<\/a><\/span><\/p>\t\t\t\t\t\t\t\t<\/div>\n\t\t\t\t<\/div>\n\t\t\t\t<div class=\"elementor-element elementor-element-18ab567 elementor-widget elementor-widget-text-editor\" data-id=\"18ab567\" data-element_type=\"widget\" data-widget_type=\"text-editor.default\">\n\t\t\t\t<div class=\"elementor-widget-container\">\n\t\t\t\t\t\t\t\t\t<p><span><b>Thema:<\/b><\/span><\/p><p>Manchmal ist uns gar nicht bewusst, wie viel emotionaler Ballast wir mit uns herumschleppen. Wir merken gar nicht, wie sich dieses Fass \u00fcber die Jahre f\u00fcllt, bis wir schlie\u00dflich sp\u00fcren: \u201eIch verstehe oft nicht, warum ich so reagiert habe\u201c, \u201eIch will so nicht mehr weitermachen\u201c oder \u201eWie komme ich aus diesem Loch heraus?\u201c<\/p><p>Unsere Seele findet oft Schlupfl\u00f6cher, um vergangene und unverarbeitete Probleme an die Oberfl\u00e4che zu bringen und macht sich in Form vielf\u00e4ltiger Symptome bemerkbar: Unsere Beziehungen funktionieren nicht, wir leiden unter Angstzust\u00e4nden oder Panik, wir f\u00fchlen uns unvollst\u00e4ndig und machen uns st\u00e4ndig mit Selbstkritik, mangelndem Selbstvertrauen und Leistungsdruck fertig, wir f\u00fchlen uns nicht mehr mit uns selbst verbunden, als h\u00e4tten wir uns selbst verloren und sind unzufrieden, wir brennen innerlich aus und haben das Gef\u00fchl, keine Energie mehr zu haben. Wir entwickeln k\u00f6rperliche Beschwerden, Schmerzen oder sogar Krankheiten. Und wir erschaffen alle m\u00f6glichen anderen Dramen\u2026<\/p><p>Wenn ich mein inneres Kind heile, werden meine Selbstliebe, mein Selbstvertrauen, meine Selbstakzeptanz und meine Selbsterkenntnis gest\u00e4rkt.<\/p><p>Bist du bereit, dich mit Liebe und Mut deiner inneren Welt zu stellen?<\/p><p>M\u00f6chtest du tiefer in die Themen Selbstliebe, emotionale Heilung und Arbeit mit dem inneren Kind eintauchen?<\/p><p>Nehmen Sie an der Selbsterkenntnisgruppe \u201eTherapie des inneren Kindes\u201c teil!<\/p>\t\t\t\t\t\t\t\t<\/div>\n\t\t\t\t<\/div>\n\t\t\t\t<div class=\"elementor-element elementor-element-28a1550 elementor-widget elementor-widget-text-editor\" data-id=\"28a1550\" data-element_type=\"widget\" data-widget_type=\"text-editor.default\">\n\t\t\t\t<div class=\"elementor-widget-container\">\n\t\t\t\t\t\t\t\t\t<p><span><b>Ort:<\/b><\/span><\/p>\n<p><span>Posticum, Teiului utca 26, Oradea<\/span><\/p>\t\t\t\t\t\t\t\t<\/div>\n\t\t\t\t<\/div>\n\t\t\t\t<div class=\"elementor-element elementor-element-e1c9353 elementor-widget elementor-widget-text-editor\" data-id=\"e1c9353\" data-element_type=\"widget\" data-widget_type=\"text-editor.default\">\n\t\t\t\t<div class=\"elementor-widget-container\">\n\t\t\t\t\t\t\t\t\t<p><span><b>Anmeldung:<\/b><\/span><\/p><p><span>Bei Imre Rencsik, E-Mail:\u00a0<a href=\"mailto:rencsik@yahoo.de\" rel=\"nofollow noopener\" target=\"_blank\">rencsik@yahoo.de<\/a><\/span><\/p>\t\t\t\t\t\t\t\t<\/div>\n\t\t\t\t<\/div>\n\t\t\t\t<div class=\"elementor-element elementor-element-0c43618 elementor-widget elementor-widget-text-editor\" data-id=\"0c43618\" data-element_type=\"widget\" data-widget_type=\"text-editor.default\">\n\t\t\t\t<div class=\"elementor-widget-container\">\n\t\t\t\t\t\t\t\t\t<p><span><b>Datum:<\/b><\/span><\/p><p>9. Juli 2025<\/p><p>Die Sitzung besteht aus drei Bl\u00f6cken:<br \/>10:00\u201312:00 Uhr, 14:00\u201316:00 Uhr und 17:00\u201318:00 Uhr.<\/p>\t\t\t\t\t\t\t\t<\/div>\n\t\t\t\t<\/div>\n\t\t\t\t<div class=\"elementor-element elementor-element-b205420 elementor-widget elementor-widget-text-editor\" data-id=\"b205420\" data-element_type=\"widget\" data-widget_type=\"text-editor.default\">\n\t\t\t\t<div class=\"elementor-widget-container\">\n\t\t\t\t\t\t\t\t\t<p><span><b>Gruppengr\u00f6\u00dfe:<\/b><\/span><\/p><p>12 Personen<\/p>\t\t\t\t\t\t\t\t<\/div>\n\t\t\t\t<\/div>\n\t\t\t\t<div class=\"elementor-element elementor-element-2fed4ae elementor-widget elementor-widget-text-editor\" data-id=\"2fed4ae\" data-element_type=\"widget\" data-widget_type=\"text-editor.default\">\n\t\t\t\t<div class=\"elementor-widget-container\">\n\t\t\t\t\t\t\t\t\t<p><span><b>Kosten:<\/b><\/span><\/p>\n<p>50 EUR (inkl. Mittag- und Abendessen)<\/p>\n<p><span style=\"font-size: inherit;\">Ihre Teilnahme und Spende unterst\u00fctzt den Betrieb und die Programme von Posticum.<\/span><\/p>\t\t\t\t\t\t\t\t<\/div>\n\t\t\t\t<\/div>\n\t\t\t\t\t<\/div>\n\t\t<\/div>\n\t\t\t\t\t<\/div>\n\t\t<\/section>\n\t\t\t\t<section class=\"has_eae_slider elementor-section elementor-top-section elementor-element elementor-element-634cedc elementor-section-boxed elementor-section-height-default elementor-section-height-default\" data-id=\"634cedc\" data-element_type=\"section\">\n\t\t\t\t\t\t<div class=\"elementor-container elementor-column-gap-default\">\n\t\t\t\t\t<div class=\"has_eae_slider elementor-column elementor-col-100 elementor-top-column elementor-element elementor-element-ac2f5a5\" data-id=\"ac2f5a5\" data-element_type=\"column\">\n\t\t\t<div class=\"elementor-widget-wrap elementor-element-populated\">\n\t\t\t\t\t\t<div class=\"elementor-element elementor-element-e4944a7 elementor-widget elementor-widget-spacer\" data-id=\"e4944a7\" data-element_type=\"widget\" data-widget_type=\"spacer.default\">\n\t\t\t\t<div class=\"elementor-widget-container\">\n\t\t\t\t\t\t\t<div class=\"elementor-spacer\">\n\t\t\t<div class=\"elementor-spacer-inner\"><\/div>\n\t\t<\/div>\n\t\t\t\t\t\t<\/div>\n\t\t\t\t<\/div>\n\t\t\t\t\t<\/div>\n\t\t<\/div>\n\t\t\t\t\t<\/div>\n\t\t<\/section>\n\t\t\t\t<\/div>","protected":false},"excerpt":{"rendered":"<p>Bels\u0151 gyermek ter\u00e1pia El\u0151ad\u00f3k:Dr. Barcsay \u00c1kos T\u00e9ma: N\u00e9ha \u00e9szre sem vessz\u00fck, hogy mennyi \u00e9rzelmi terhet cipel\u00fcnk magunkkal. Azt sem, hogy a hord\u00f3 az \u00e9vek sor\u00e1n egyre jobban megtelik, m\u00edg v\u00e9g\u00fcl \u00fagy \u00e9rezz\u00fck: &#8222;gyakran nem is \u00e9rtem, mi\u00e9rt reag\u00e1ltam \u00edgy&#8221;, &#8222;nem akarom t\u00f6bb\u00e9 \u00edgy folytatni&#8221; vagy &#8222;hogyan juthatok ki ebb\u0151l a [&hellip;]<\/p>","protected":false},"author":3,"featured_media":0,"parent":0,"menu_order":0,"comment_status":"closed","ping_status":"closed","template":"","meta":{"_exactmetrics_skip_tracking":false,"_exactmetrics_sitenote_active":false,"_exactmetrics_sitenote_note":"","_exactmetrics_sitenote_category":0,"footnotes":""},"class_list":["post-7191","page","type-page","status-publish","hentry"],"_links":{"self":[{"href":"https:\/\/www.posticum.ro\/de\/wp-json\/wp\/v2\/pages\/7191","targetHints":{"allow":["GET"]}}],"collection":[{"href":"https:\/\/www.posticum.ro\/de\/wp-json\/wp\/v2\/pages"}],"about":[{"href":"https:\/\/www.posticum.ro\/de\/wp-json\/wp\/v2\/types\/page"}],"author":[{"embeddable":true,"href":"https:\/\/www.posticum.ro\/de\/wp-json\/wp\/v2\/users\/3"}],"replies":[{"embeddable":true,"href":"https:\/\/www.posticum.ro\/de\/wp-json\/wp\/v2\/comments?post=7191"}],"version-history":[{"count":7,"href":"https:\/\/www.posticum.ro\/de\/wp-json\/wp\/v2\/pages\/7191\/revisions"}],"predecessor-version":[{"id":7198,"href":"https:\/\/www.posticum.ro\/de\/wp-json\/wp\/v2\/pages\/7191\/revisions\/7198"}],"wp:attachment":[{"href":"https:\/\/www.posticum.ro\/de\/wp-json\/wp\/v2\/media?parent=7191"}],"curies":[{"name":"wp","href":"https:\/\/api.w.org\/{rel}","templated":true}]}}