{"id":7067,"date":"2025-04-26T11:25:08","date_gmt":"2025-04-26T09:25:08","guid":{"rendered":"https:\/\/www.posticum.ro\/?page_id=7067"},"modified":"2025-05-25T08:43:48","modified_gmt":"2025-05-25T06:43:48","slug":"dr-mezes-zsolt-laszlo","status":"publish","type":"page","link":"https:\/\/www.posticum.ro\/de\/dr-mezes-zsolt-laszlo\/","title":{"rendered":""},"content":{"rendered":"<div data-elementor-type=\"wp-page\" data-elementor-id=\"7067\" class=\"elementor elementor-7067\">\n\t\t\t\t\t\t<section class=\"has_eae_slider elementor-section elementor-top-section elementor-element elementor-element-57e105d elementor-section-boxed elementor-section-height-default elementor-section-height-default\" data-id=\"57e105d\" data-element_type=\"section\">\n\t\t\t\t\t\t<div class=\"elementor-container elementor-column-gap-default\">\n\t\t\t\t\t<div class=\"has_eae_slider elementor-column elementor-col-100 elementor-top-column elementor-element elementor-element-5fdb0e2\" data-id=\"5fdb0e2\" data-element_type=\"column\">\n\t\t\t<div class=\"elementor-widget-wrap elementor-element-populated\">\n\t\t\t\t\t\t<div class=\"elementor-element elementor-element-2ce6e0d elementor-widget elementor-widget-heading\" data-id=\"2ce6e0d\" data-element_type=\"widget\" data-widget_type=\"heading.default\">\n\t\t\t\t<div class=\"elementor-widget-container\">\n\t\t\t\t\t<h2 class=\"elementor-heading-title elementor-size-default\">Dr. Zsolt L\u00e1szl\u00f3 M\u00e9zes<\/h2>\t\t\t\t<\/div>\n\t\t\t\t<\/div>\n\t\t\t\t\t<\/div>\n\t\t<\/div>\n\t\t\t\t\t<\/div>\n\t\t<\/section>\n\t\t\t\t<section class=\"has_eae_slider elementor-section elementor-top-section elementor-element elementor-element-5a64229 elementor-section-boxed elementor-section-height-default elementor-section-height-default\" data-id=\"5a64229\" data-element_type=\"section\">\n\t\t\t\t\t\t<div class=\"elementor-container elementor-column-gap-default\">\n\t\t\t\t\t<div class=\"has_eae_slider elementor-column elementor-col-100 elementor-top-column elementor-element elementor-element-d9ee677\" data-id=\"d9ee677\" data-element_type=\"column\">\n\t\t\t<div class=\"elementor-widget-wrap elementor-element-populated\">\n\t\t\t\t\t\t<div class=\"elementor-element elementor-element-45c8e57 elementor-widget elementor-widget-spacer\" data-id=\"45c8e57\" data-element_type=\"widget\" data-widget_type=\"spacer.default\">\n\t\t\t\t<div class=\"elementor-widget-container\">\n\t\t\t\t\t\t\t<div class=\"elementor-spacer\">\n\t\t\t<div class=\"elementor-spacer-inner\"><\/div>\n\t\t<\/div>\n\t\t\t\t\t\t<\/div>\n\t\t\t\t<\/div>\n\t\t\t\t\t<\/div>\n\t\t<\/div>\n\t\t\t\t\t<\/div>\n\t\t<\/section>\n\t\t\t\t<section class=\"has_eae_slider elementor-section elementor-top-section elementor-element elementor-element-8345297 elementor-section-boxed elementor-section-height-default elementor-section-height-default\" data-id=\"8345297\" data-element_type=\"section\">\n\t\t\t\t\t\t<div class=\"elementor-container elementor-column-gap-default\">\n\t\t\t\t\t<div class=\"has_eae_slider elementor-column elementor-col-100 elementor-top-column elementor-element elementor-element-5993591\" data-id=\"5993591\" data-element_type=\"column\">\n\t\t\t<div class=\"elementor-widget-wrap elementor-element-populated\">\n\t\t\t\t\t\t<div class=\"elementor-element elementor-element-3fb6a7a elementor-widget elementor-widget-image\" data-id=\"3fb6a7a\" data-element_type=\"widget\" data-widget_type=\"image.default\">\n\t\t\t\t<div class=\"elementor-widget-container\">\n\t\t\t\t\t\t\t\t\t\t\t\t\t\t\t<img fetchpriority=\"high\" decoding=\"async\" width=\"750\" height=\"873\" src=\"https:\/\/www.posticum.ro\/wp-content\/uploads\/2025\/04\/mezes_zsolt-768x894.jpg\" class=\"attachment-medium_large size-medium_large wp-image-7069\" alt=\"\" srcset=\"https:\/\/www.posticum.ro\/wp-content\/uploads\/2025\/04\/mezes_zsolt-768x894.jpg 768w, https:\/\/www.posticum.ro\/wp-content\/uploads\/2025\/04\/mezes_zsolt-258x300.jpg 258w, https:\/\/www.posticum.ro\/wp-content\/uploads\/2025\/04\/mezes_zsolt-879x1024.jpg 879w, https:\/\/www.posticum.ro\/wp-content\/uploads\/2025\/04\/mezes_zsolt-1319x1536.jpg 1319w, https:\/\/www.posticum.ro\/wp-content\/uploads\/2025\/04\/mezes_zsolt-1758x2048.jpg 1758w, https:\/\/www.posticum.ro\/wp-content\/uploads\/2025\/04\/mezes_zsolt-10x12.jpg 10w, https:\/\/www.posticum.ro\/wp-content\/uploads\/2025\/04\/mezes_zsolt.jpg 1864w\" sizes=\"(max-width: 750px) 100vw, 750px\" \/>\t\t\t\t\t\t\t\t\t\t\t\t\t\t\t<\/div>\n\t\t\t\t<\/div>\n\t\t\t\t\t<\/div>\n\t\t<\/div>\n\t\t\t\t\t<\/div>\n\t\t<\/section>\n\t\t\t\t<section class=\"has_eae_slider elementor-section elementor-top-section elementor-element elementor-element-8cd33fe elementor-section-boxed elementor-section-height-default elementor-section-height-default\" data-id=\"8cd33fe\" data-element_type=\"section\">\n\t\t\t\t\t\t<div class=\"elementor-container elementor-column-gap-default\">\n\t\t\t\t\t<div class=\"has_eae_slider elementor-column elementor-col-100 elementor-top-column elementor-element elementor-element-a8c3bd7\" data-id=\"a8c3bd7\" data-element_type=\"column\">\n\t\t\t<div class=\"elementor-widget-wrap elementor-element-populated\">\n\t\t\t\t\t\t<div class=\"elementor-element elementor-element-23a3427 elementor-widget elementor-widget-spacer\" data-id=\"23a3427\" data-element_type=\"widget\" data-widget_type=\"spacer.default\">\n\t\t\t\t<div class=\"elementor-widget-container\">\n\t\t\t\t\t\t\t<div class=\"elementor-spacer\">\n\t\t\t<div class=\"elementor-spacer-inner\"><\/div>\n\t\t<\/div>\n\t\t\t\t\t\t<\/div>\n\t\t\t\t<\/div>\n\t\t\t\t\t<\/div>\n\t\t<\/div>\n\t\t\t\t\t<\/div>\n\t\t<\/section>\n\t\t\t\t<section class=\"has_eae_slider elementor-section elementor-top-section elementor-element elementor-element-609610b elementor-section-boxed elementor-section-height-default elementor-section-height-default\" data-id=\"609610b\" data-element_type=\"section\">\n\t\t\t\t\t\t<div class=\"elementor-container elementor-column-gap-default\">\n\t\t\t\t\t<div class=\"has_eae_slider elementor-column elementor-col-100 elementor-top-column elementor-element elementor-element-14d1b60\" data-id=\"14d1b60\" data-element_type=\"column\">\n\t\t\t<div class=\"elementor-widget-wrap elementor-element-populated\">\n\t\t\t\t\t\t<div class=\"elementor-element elementor-element-3c3ec09 elementor-widget elementor-widget-text-editor\" data-id=\"3c3ec09\" data-element_type=\"widget\" data-widget_type=\"text-editor.default\">\n\t\t\t\t<div class=\"elementor-widget-container\">\n\t\t\t\t\t\t\t\t\t<p>Bibeldrama- und Psychodramaleiterin, Fachfrau f\u00fcr psychische Gesundheit, evangelische Pfarrerin. Seit etwa zehn Jahren leitet sie Selbsterfahrungsgruppen. Ihr Interesse gilt der Beziehung zwischen Spiritualit\u00e4t und Dramamethoden (biblisches Drama, Psychodrama, Familiendrama, unsichtbares Theater). Sie ist Lehrbeauftragte an der Abteilung f\u00fcr praktische Studien der Reformierten Theologischen Universit\u00e4t in Debrecen und unter anderem Ausbilderin der Kurse des Studios f\u00fcr spirituelle Selbsterfahrung, die an der Universit\u00e4t ins Leben gerufen wurden, sowie Entwicklerin und Verantwortliche f\u00fcr den Kurs f\u00fcr Familienpastoral, der 2024 eingef\u00fchrt wurde.<\/p>\t\t\t\t\t\t\t\t<\/div>\n\t\t\t\t<\/div>\n\t\t\t\t\t<\/div>\n\t\t<\/div>\n\t\t\t\t\t<\/div>\n\t\t<\/section>\n\t\t\t\t<section class=\"has_eae_slider elementor-section elementor-top-section elementor-element elementor-element-70dcb14 elementor-section-boxed elementor-section-height-default elementor-section-height-default\" data-id=\"70dcb14\" data-element_type=\"section\">\n\t\t\t\t\t\t<div class=\"elementor-container elementor-column-gap-default\">\n\t\t\t\t\t<div class=\"has_eae_slider elementor-column elementor-col-100 elementor-top-column elementor-element elementor-element-ed41d52\" data-id=\"ed41d52\" data-element_type=\"column\">\n\t\t\t<div class=\"elementor-widget-wrap elementor-element-populated\">\n\t\t\t\t\t\t<div class=\"elementor-element elementor-element-9b0987d elementor-widget elementor-widget-spacer\" data-id=\"9b0987d\" data-element_type=\"widget\" data-widget_type=\"spacer.default\">\n\t\t\t\t<div class=\"elementor-widget-container\">\n\t\t\t\t\t\t\t<div class=\"elementor-spacer\">\n\t\t\t<div class=\"elementor-spacer-inner\"><\/div>\n\t\t<\/div>\n\t\t\t\t\t\t<\/div>\n\t\t\t\t<\/div>\n\t\t\t\t\t<\/div>\n\t\t<\/div>\n\t\t\t\t\t<\/div>\n\t\t<\/section>\n\t\t\t\t<\/div>","protected":false},"excerpt":{"rendered":"<p>Dr. M\u00e9zes Zsolt L\u00e1szl\u00f3 Bibliodr\u00e1ma \u00e9s pszichodr\u00e1ma vezet\u0151, ment\u00e1lhigi\u00e9n\u00e9s szakember, evang\u00e9likus lelk\u00e9sz. Mintegy t\u00edz \u00e9ve vezet \u00f6nismereti csoportokat. \u00c9rdekl\u0151d\u00e9s\u00e9nek k\u00f6z\u00e9ppontj\u00e1ban a spiritualit\u00e1s \u00e9s a dr\u00e1mam\u00f3dszerek (biblio-, pszichodr\u00e1ma, csal\u00e1d\u00e1ll\u00edt\u00e1s, l\u00e1thatatlan sz\u00ednh\u00e1z) \u00f6sszef\u00fcgg\u00e9seinek vizsg\u00e1lata \u00e1ll. A Debreceni Reform\u00e1tus Hittudom\u00e1nyi Egyetem Gyakorlati Tansz\u00e9k\u00e9nek adjunktusa, t\u00f6bbek k\u00f6z\u00f6tt az egyetemen \u00fatt\u00f6r\u0151k\u00e9nt bevezetett Spiritu\u00e1lis \u00d6nismereti st\u00fadiumok [&hellip;]<\/p>","protected":false},"author":3,"featured_media":0,"parent":0,"menu_order":0,"comment_status":"closed","ping_status":"closed","template":"","meta":{"_exactmetrics_skip_tracking":false,"_exactmetrics_sitenote_active":false,"_exactmetrics_sitenote_note":"","_exactmetrics_sitenote_category":0,"footnotes":""},"class_list":["post-7067","page","type-page","status-publish","hentry"],"_links":{"self":[{"href":"https:\/\/www.posticum.ro\/de\/wp-json\/wp\/v2\/pages\/7067","targetHints":{"allow":["GET"]}}],"collection":[{"href":"https:\/\/www.posticum.ro\/de\/wp-json\/wp\/v2\/pages"}],"about":[{"href":"https:\/\/www.posticum.ro\/de\/wp-json\/wp\/v2\/types\/page"}],"author":[{"embeddable":true,"href":"https:\/\/www.posticum.ro\/de\/wp-json\/wp\/v2\/users\/3"}],"replies":[{"embeddable":true,"href":"https:\/\/www.posticum.ro\/de\/wp-json\/wp\/v2\/comments?post=7067"}],"version-history":[{"count":9,"href":"https:\/\/www.posticum.ro\/de\/wp-json\/wp\/v2\/pages\/7067\/revisions"}],"predecessor-version":[{"id":7181,"href":"https:\/\/www.posticum.ro\/de\/wp-json\/wp\/v2\/pages\/7067\/revisions\/7181"}],"wp:attachment":[{"href":"https:\/\/www.posticum.ro\/de\/wp-json\/wp\/v2\/media?parent=7067"}],"curies":[{"name":"wp","href":"https:\/\/api.w.org\/{rel}","templated":true}]}}