{"id":6861,"date":"2025-03-06T15:35:54","date_gmt":"2025-03-06T13:35:54","guid":{"rendered":"https:\/\/www.posticum.ro\/?page_id=6861"},"modified":"2025-11-11T09:50:41","modified_gmt":"2025-11-11T07:50:41","slug":"adomany","status":"publish","type":"page","link":"https:\/\/www.posticum.ro\/de\/adomany\/","title":{"rendered":""},"content":{"rendered":"<div data-elementor-type=\"wp-page\" data-elementor-id=\"6861\" class=\"elementor elementor-6861\">\n\t\t\t\t\t\t<section class=\"has_eae_slider elementor-section elementor-top-section elementor-element elementor-element-38938f2 elementor-section-boxed elementor-section-height-default elementor-section-height-default\" data-id=\"38938f2\" data-element_type=\"section\">\n\t\t\t\t\t\t<div class=\"elementor-container elementor-column-gap-default\">\n\t\t\t\t\t<div class=\"has_eae_slider elementor-column elementor-col-100 elementor-top-column elementor-element elementor-element-4283dd2\" data-id=\"4283dd2\" data-element_type=\"column\">\n\t\t\t<div class=\"elementor-widget-wrap elementor-element-populated\">\n\t\t\t\t\t\t<div class=\"elementor-element elementor-element-cbec702 elementor-absolute elementor-widget elementor-widget-spacer\" data-id=\"cbec702\" data-element_type=\"widget\" id=\"adomany\" data-settings=\"{&quot;_position&quot;:&quot;absolute&quot;}\" data-widget_type=\"spacer.default\">\n\t\t\t\t<div class=\"elementor-widget-container\">\n\t\t\t\t\t\t\t<div class=\"elementor-spacer\">\n\t\t\t<div class=\"elementor-spacer-inner\"><\/div>\n\t\t<\/div>\n\t\t\t\t\t\t<\/div>\n\t\t\t\t<\/div>\n\t\t\t\t\t<\/div>\n\t\t<\/div>\n\t\t\t\t\t<\/div>\n\t\t<\/section>\n\t\t\t\t<section class=\"has_eae_slider elementor-section elementor-top-section elementor-element elementor-element-ad37ee1 elementor-section-boxed elementor-section-height-default elementor-section-height-default\" data-id=\"ad37ee1\" data-element_type=\"section\">\n\t\t\t\t\t\t<div class=\"elementor-container elementor-column-gap-default\">\n\t\t\t\t\t<div class=\"has_eae_slider elementor-column elementor-col-100 elementor-top-column elementor-element elementor-element-25190c7\" data-id=\"25190c7\" data-element_type=\"column\">\n\t\t\t<div class=\"elementor-widget-wrap elementor-element-populated\">\n\t\t\t\t\t\t<div class=\"elementor-element elementor-element-8a57067 elementor-widget elementor-widget-heading\" data-id=\"8a57067\" data-element_type=\"widget\" data-widget_type=\"heading.default\">\n\t\t\t\t<div class=\"elementor-widget-container\">\n\t\t\t\t\t<h2 class=\"elementor-heading-title elementor-size-default\">Spende<\/h2>\t\t\t\t<\/div>\n\t\t\t\t<\/div>\n\t\t\t\t\t<\/div>\n\t\t<\/div>\n\t\t\t\t\t<\/div>\n\t\t<\/section>\n\t\t\t\t<section class=\"has_eae_slider elementor-section elementor-top-section elementor-element elementor-element-4311b29 elementor-section-boxed elementor-section-height-default elementor-section-height-default\" data-id=\"4311b29\" data-element_type=\"section\">\n\t\t\t\t\t\t<div class=\"elementor-container elementor-column-gap-default\">\n\t\t\t\t\t<div class=\"has_eae_slider elementor-column elementor-col-100 elementor-top-column elementor-element elementor-element-433820c\" data-id=\"433820c\" data-element_type=\"column\">\n\t\t\t<div class=\"elementor-widget-wrap elementor-element-populated\">\n\t\t\t\t\t\t<div class=\"elementor-element elementor-element-603c8cb elementor-widget elementor-widget-text-editor\" data-id=\"603c8cb\" data-element_type=\"widget\" data-widget_type=\"text-editor.default\">\n\t\t\t\t<div class=\"elementor-widget-container\">\n\t\t\t\t\t\t\t\t\t<p><span style=\"color: #18a9bf;\"><strong>DE<\/strong>:<\/span><\/p><p><span>Durch das Ausf\u00fcllen des folgenden Formulars k\u00f6nnen Sie 3,5 % Ihrer Einkommensteuer zur Unterst\u00fctzung des POSTICUM M.I.C. Vereins beitragen und so den Fortbestand sowie die Weiterf\u00fchrung und Entwicklung seiner kulturellen und sozialen Projekte f\u00f6rdern.<br \/><\/span><\/p><p><span>Eine Minute f\u00fcr Sie kann bis zu zwei Jahre Unterst\u00fctzung f\u00fcr uns bedeuten!<\/span><\/p><p><span>Formular230:\u00a0<a href=\"https:\/\/formular230.ro\/asociatia-posticum-movimentum-iuventutis-christianae\" data-saferedirecturl=\"https:\/\/www.google.com\/url?q=https:\/\/formular230.ro\/asociatia-posticum-movimentum-iuventutis-christianae&amp;source=gmail&amp;ust=1747395079708000&amp;usg=AOvVaw1OKuZbyRhnpiwZqMpdYbeh\">https:\/\/formular230.ro\/asociatia-posticum-movimentum-iuventutis-christianae<\/a><\/span><\/p><p><span>Ich danke Ihnen!<\/span><\/p>\t\t\t\t\t\t\t\t<\/div>\n\t\t\t\t<\/div>\n\t\t\t\t\t<\/div>\n\t\t<\/div>\n\t\t\t\t\t<\/div>\n\t\t<\/section>\n\t\t\t\t<section class=\"has_eae_slider elementor-section elementor-top-section elementor-element elementor-element-b2a758a elementor-section-boxed elementor-section-height-default elementor-section-height-default\" data-id=\"b2a758a\" data-element_type=\"section\">\n\t\t\t\t\t\t<div class=\"elementor-container elementor-column-gap-default\">\n\t\t\t\t\t<div class=\"has_eae_slider elementor-column elementor-col-100 elementor-top-column elementor-element elementor-element-61734ef\" data-id=\"61734ef\" data-element_type=\"column\">\n\t\t\t<div class=\"elementor-widget-wrap elementor-element-populated\">\n\t\t\t\t\t\t<div class=\"elementor-element elementor-element-07f76cb elementor-widget elementor-widget-spacer\" data-id=\"07f76cb\" data-element_type=\"widget\" data-widget_type=\"spacer.default\">\n\t\t\t\t<div class=\"elementor-widget-container\">\n\t\t\t\t\t\t\t<div class=\"elementor-spacer\">\n\t\t\t<div class=\"elementor-spacer-inner\"><\/div>\n\t\t<\/div>\n\t\t\t\t\t\t<\/div>\n\t\t\t\t<\/div>\n\t\t\t\t\t<\/div>\n\t\t<\/div>\n\t\t\t\t\t<\/div>\n\t\t<\/section>\n\t\t\t\t<section class=\"has_eae_slider elementor-section elementor-top-section elementor-element elementor-element-fb9d74e elementor-section-boxed elementor-section-height-default elementor-section-height-default\" data-id=\"fb9d74e\" data-element_type=\"section\">\n\t\t\t\t\t\t<div class=\"elementor-container elementor-column-gap-default\">\n\t\t\t\t\t<div class=\"has_eae_slider elementor-column elementor-col-100 elementor-top-column elementor-element elementor-element-3ba05cc\" data-id=\"3ba05cc\" data-element_type=\"column\">\n\t\t\t<div class=\"elementor-widget-wrap elementor-element-populated\">\n\t\t\t\t\t\t<div class=\"elementor-element elementor-element-326bd2e elementor-widget elementor-widget-image\" data-id=\"326bd2e\" data-element_type=\"widget\" data-widget_type=\"image.default\">\n\t\t\t\t<div class=\"elementor-widget-container\">\n\t\t\t\t\t\t\t\t\t\t\t\t\t\t\t\t<a href=\"https:\/\/formular230.ro\/asociatia-posticum-movimentum-iuventutis-christianae\">\n\t\t\t\t\t\t\t<img decoding=\"async\" width=\"374\" height=\"117\" src=\"https:\/\/www.posticum.ro\/wp-content\/uploads\/2025\/06\/formular-230_vilagos.png\" class=\"attachment-large size-large wp-image-7234\" alt=\"\" srcset=\"https:\/\/www.posticum.ro\/wp-content\/uploads\/2025\/06\/formular-230_vilagos.png 374w, https:\/\/www.posticum.ro\/wp-content\/uploads\/2025\/06\/formular-230_vilagos-300x94.png 300w, https:\/\/www.posticum.ro\/wp-content\/uploads\/2025\/06\/formular-230_vilagos-18x6.png 18w\" sizes=\"(max-width: 374px) 100vw, 374px\" \/>\t\t\t\t\t\t\t\t<\/a>\n\t\t\t\t\t\t\t\t\t\t\t\t\t\t\t<\/div>\n\t\t\t\t<\/div>\n\t\t\t\t\t<\/div>\n\t\t<\/div>\n\t\t\t\t\t<\/div>\n\t\t<\/section>\n\t\t\t\t<section class=\"has_eae_slider elementor-section elementor-top-section elementor-element elementor-element-a51e738 elementor-section-boxed elementor-section-height-default elementor-section-height-default\" data-id=\"a51e738\" data-element_type=\"section\">\n\t\t\t\t\t\t<div class=\"elementor-container elementor-column-gap-default\">\n\t\t\t\t\t<div class=\"has_eae_slider elementor-column elementor-col-100 elementor-top-column elementor-element elementor-element-865987d\" data-id=\"865987d\" data-element_type=\"column\">\n\t\t\t<div class=\"elementor-widget-wrap elementor-element-populated\">\n\t\t\t\t\t\t<div class=\"elementor-element elementor-element-1b21d6e elementor-widget elementor-widget-spacer\" data-id=\"1b21d6e\" data-element_type=\"widget\" data-widget_type=\"spacer.default\">\n\t\t\t\t<div class=\"elementor-widget-container\">\n\t\t\t\t\t\t\t<div class=\"elementor-spacer\">\n\t\t\t<div class=\"elementor-spacer-inner\"><\/div>\n\t\t<\/div>\n\t\t\t\t\t\t<\/div>\n\t\t\t\t<\/div>\n\t\t\t\t\t<\/div>\n\t\t<\/div>\n\t\t\t\t\t<\/div>\n\t\t<\/section>\n\t\t\t\t<\/div>","protected":false},"excerpt":{"rendered":"<p>Adom\u00e1ny HU: Az al\u00e1bbi nyomtatv\u00e1ny kit\u00f6lt\u00e9se \u00e1ltal ad\u00f3j\u00e1nak 3,5%-\u00e1val t\u00e1mogathatja a POSTICUM M.I.C. Egyes\u00fclet fennmarad\u00e1s\u00e1t, \u00e9s kultur\u00e1lis, szoci\u00e1lis projektjeinek folytat\u00e1s\u00e1t, fejleszt\u00e9s\u00e9t. Ami \u00d6nnek egy perc, az nek\u00fcnk ak\u00e1r k\u00e9t \u00e9ves t\u00e1mogat\u00e1st is jelenthet! Formular230:\u00a0https:\/\/formular230.ro\/asociatia-posticum-movimentum-iuventutis-christianae K\u00f6sz\u00f6nj\u00fck!<\/p>","protected":false},"author":3,"featured_media":0,"parent":0,"menu_order":0,"comment_status":"closed","ping_status":"closed","template":"","meta":{"_exactmetrics_skip_tracking":false,"_exactmetrics_sitenote_active":false,"_exactmetrics_sitenote_note":"","_exactmetrics_sitenote_category":0,"footnotes":""},"class_list":["post-6861","page","type-page","status-publish","hentry"],"_links":{"self":[{"href":"https:\/\/www.posticum.ro\/de\/wp-json\/wp\/v2\/pages\/6861","targetHints":{"allow":["GET"]}}],"collection":[{"href":"https:\/\/www.posticum.ro\/de\/wp-json\/wp\/v2\/pages"}],"about":[{"href":"https:\/\/www.posticum.ro\/de\/wp-json\/wp\/v2\/types\/page"}],"author":[{"embeddable":true,"href":"https:\/\/www.posticum.ro\/de\/wp-json\/wp\/v2\/users\/3"}],"replies":[{"embeddable":true,"href":"https:\/\/www.posticum.ro\/de\/wp-json\/wp\/v2\/comments?post=6861"}],"version-history":[{"count":67,"href":"https:\/\/www.posticum.ro\/de\/wp-json\/wp\/v2\/pages\/6861\/revisions"}],"predecessor-version":[{"id":7762,"href":"https:\/\/www.posticum.ro\/de\/wp-json\/wp\/v2\/pages\/6861\/revisions\/7762"}],"wp:attachment":[{"href":"https:\/\/www.posticum.ro\/de\/wp-json\/wp\/v2\/media?parent=6861"}],"curies":[{"name":"wp","href":"https:\/\/api.w.org\/{rel}","templated":true}]}}