{"id":6799,"date":"2025-03-03T11:05:21","date_gmt":"2025-03-03T09:05:21","guid":{"rendered":"https:\/\/www.posticum.ro\/?page_id=6799"},"modified":"2025-03-05T09:32:27","modified_gmt":"2025-03-05T07:32:27","slug":"programok-temp","status":"publish","type":"page","link":"https:\/\/www.posticum.ro\/de\/programok-temp\/","title":{"rendered":""},"content":{"rendered":"<div data-elementor-type=\"wp-page\" data-elementor-id=\"6799\" class=\"elementor elementor-6799\">\n\t\t\t\t\t\t<section class=\"has_eae_slider elementor-section elementor-top-section elementor-element elementor-element-c474045 elementor-section-boxed elementor-section-height-default elementor-section-height-default\" data-id=\"c474045\" data-element_type=\"section\">\n\t\t\t\t\t\t<div class=\"elementor-container elementor-column-gap-default\">\n\t\t\t\t\t<div class=\"has_eae_slider elementor-column elementor-col-100 elementor-top-column elementor-element elementor-element-c7531b7\" data-id=\"c7531b7\" data-element_type=\"column\">\n\t\t\t<div class=\"elementor-widget-wrap elementor-element-populated\">\n\t\t\t\t\t\t<div class=\"elementor-element elementor-element-edece99 elementor-widget elementor-widget-shortcode\" data-id=\"edece99\" data-element_type=\"widget\" data-widget_type=\"shortcode.default\">\n\t\t\t\t<div class=\"elementor-widget-container\">\n\t\t\t\t\t\t\t<div class=\"elementor-shortcode\">\t<div class=\"elementor-widget-container\">\r\n\t\t<div class=\"wts-eae-pl-wrapper\">\r\n\t\t\t<ul>\r\n\t\t\t\t\r\n\t\t\t\t\t\t\t\t\t<li>\r\n\t\t\t\t\t\t<div class=\"eae-pl-image-wrapper\">\r\n\t\t\t\t\t\t\t<a href=\"https:\/\/www.posticum.ro\/de\/?p=7865\" title=\"MAY 24 &#8211; 2pm \/\/ SELECTED SUNDAYS\"><\/a>\r\n\t\t\t\t\t\t<\/div>\r\n\t\t\t\t\t\t<div class=\"eae-pl-content-box-wrapper\">\r\n\t\t\t\t\t\t\t<h3 class=\"eae-pl-title\">\r\n\t\t\t\t\t\t\t\t<a href=\"https:\/\/www.posticum.ro\/de\/?p=7865\" title=\"MAY 24 &#8211; 2pm \/\/ SELECTED SUNDAYS\">MAY 24 &#8211; 2pm \/\/ SELECTED SUNDAYS<\/a>\r\n\t\t\t\t\t\t\t<\/h3>\t\t\t\t\t\t\t\t\t\r\n\t\t\t\t\t\t\t<div class=\"eae-pl-content-box\"><p>SELECTED SUNDAYS Long awaited Sunday afternoon chillout sessions back at Posticum!Join us and taste our wonderful lemonades and little bistro-specialties DJ KLAUS EB and ANOBIUM will take care of the smooth vibes and chilled-out grooves throughout the afternoon!! Vinyllaz and VibesOnWax will bring their vinyl stock with fine selections for [&hellip;]<\/p>\n<\/div>\r\n\t\t\t\t\t\t\t<div class=\"eae-pl-readmore\">\r\n\t\t\t\t\t\t\t\t<a href=\"https:\/\/www.posticum.ro\/de\/?p=7865\" title=\"MAY 24 &#8211; 2pm \/\/ SELECTED SUNDAYS\">Read More<\/a>\r\n\t\t\t\t\t\t\t<\/div>\r\n\t\t\t\t\t\t<\/div>\r\n\t\t\t\t\t<\/li>\r\n\t\t\t\t\t\t\t<\/ul>\r\n\t\t<\/div>\r\n\t<\/div>\r\n<\/div>\n\t\t\t\t\t\t<\/div>\n\t\t\t\t<\/div>\n\t\t\t\t\t<\/div>\n\t\t<\/div>\n\t\t\t\t\t<\/div>\n\t\t<\/section>\n\t\t\t\t<section class=\"has_eae_slider elementor-section elementor-top-section elementor-element elementor-element-c50662b elementor-section-boxed elementor-section-height-default elementor-section-height-default\" data-id=\"c50662b\" data-element_type=\"section\">\n\t\t\t\t\t\t<div class=\"elementor-container elementor-column-gap-default\">\n\t\t\t\t\t<div class=\"has_eae_slider elementor-column elementor-col-100 elementor-top-column elementor-element elementor-element-ab58537\" data-id=\"ab58537\" data-element_type=\"column\">\n\t\t\t<div class=\"elementor-widget-wrap elementor-element-populated\">\n\t\t\t\t\t\t<div class=\"elementor-element elementor-element-96f1073 elementor-widget elementor-widget-heading\" data-id=\"96f1073\" data-element_type=\"widget\" id=\"aktualis_programok\" data-widget_type=\"heading.default\">\n\t\t\t\t<div class=\"elementor-widget-container\">\n\t\t\t\t\t<h2 class=\"elementor-heading-title elementor-size-default\">Aktualis programok<\/h2>\t\t\t\t<\/div>\n\t\t\t\t<\/div>\n\t\t\t\t<div class=\"elementor-element elementor-element-0f02ff0 eae-pl-img-align-left elementor-widget elementor-widget-wts-postlist\" data-id=\"0f02ff0\" data-element_type=\"widget\" data-widget_type=\"wts-postlist.default\">\n\t\t\t\t<div class=\"elementor-widget-container\">\n\t\t\t\t\t\t\t\t<div class=\"wts-eae-pl-wrapper\">\n\t\t\t\t\t\t\t\t\t\t<ul>\n\t\t\t\t\t\t\t\t\t\t\t\t\t\t<li>\n\t\t\t\t\t\t\t\t\t\t\t\t\t\t\t\t\t\t\t\t\t\t\t<div class=\"eae-pl-image-wrapper\">\n\t\t\t\t\t\t\t\t\t\t<a href=\"https:\/\/www.posticum.ro\/de\/may-15-6pm-restaurant-egalitas\/\" title=\"MAY 15 &#8211; 6pm \/\/ RESTAURANT EGALITAS\">\n\t\t\t\t\t\t\t\t\t\t\t\t\t\t\t\t\t\t\t\t\t<\/a>\n\t\t\t\t\t\t\t\t\t<\/div>\n\t\t\t\t\t\t\t\t\t\t\t\t\t\t\t\t\t\t<div class=\"eae-pl-content-box-wrapper\">\n\n\t\t\t\t\t\t\t\t\t\t\t\t\t\t\t\t\t\t\t<h3 class=\"eae-pl-title\"><a href=\"https:\/\/www.posticum.ro\/de\/may-15-6pm-restaurant-egalitas\/\" title=\"MAY 15 &#8211; 6pm \/\/ RESTAURANT EGALITAS\">MAY 15 &#8211; 6pm \/\/ RESTAURANT EGALITAS<\/a><\/h3>\n\t\t\t\t\t\t\t\t\t\n\t\t\t\t\t\t\t\t\t\t\t\t\t\t\t\t\t\t\t<div class=\"eae-pl-content-box\">\n\t\t\t\t\t\t\t\t\t\t\tRestaurant EGALITAS\ud83d\udcdcRORestaurant EGALITAS15 mai 2026, ora 18:00 \u2013 PosticumVei fi...\t\t\t\t\t\t\t\t\t\t<\/div>\n\t\t\t\t\t\t\t\t\t\n\t\t\t\t\t\t\t\t\t\t\t\t\t\t\t\t\t\t\t<div class=\"eae-pl-readmore\">\n\t\t\t\t\t\t\t\t\t\t\t<a href=\"https:\/\/www.posticum.ro\/de\/may-15-6pm-restaurant-egalitas\/\" title=\"MAY 15 &#8211; 6pm \/\/ RESTAURANT EGALITAS\">Read More<\/a>\n\t\t\t\t\t\t\t\t\t\t<\/div>\n\t\t\t\t\t\t\t\t\t\t\t\t\t\t\t\t\t\t<\/div>\n\t\t\t\t\t\t\t\t<\/li>\n\t\t\t\t\t\t\t\t\t\t\t\t\t\t\t<li>\n\t\t\t\t\t\t\t\t\t\t\t\t\t\t\t\t\t\t\t\t\t\t\t<div class=\"eae-pl-image-wrapper\">\n\t\t\t\t\t\t\t\t\t\t<a href=\"https:\/\/www.posticum.ro\/de\/march-21-7pm-bad-people-society\/\" title=\"March 21. &#8211; 7pm \/\/ bad.people.society\">\n\t\t\t\t\t\t\t\t\t\t\t\t\t\t\t\t\t\t\t\t\t<\/a>\n\t\t\t\t\t\t\t\t\t<\/div>\n\t\t\t\t\t\t\t\t\t\t\t\t\t\t\t\t\t\t<div class=\"eae-pl-content-box-wrapper\">\n\n\t\t\t\t\t\t\t\t\t\t\t\t\t\t\t\t\t\t\t<h3 class=\"eae-pl-title\"><a href=\"https:\/\/www.posticum.ro\/de\/march-21-7pm-bad-people-society\/\" title=\"March 21. &#8211; 7pm \/\/ bad.people.society\">March 21. &#8211; 7pm \/\/ bad.people.society<\/a><\/h3>\n\t\t\t\t\t\t\t\t\t\n\t\t\t\t\t\t\t\t\t\t\t\t\t\t\t\t\t\t\t<div class=\"eae-pl-content-box\">\n\t\t\t\t\t\t\t\t\t\t\tOpen mic session with locally sourced Romanian, Hungarian and Queer...\t\t\t\t\t\t\t\t\t\t<\/div>\n\t\t\t\t\t\t\t\t\t\n\t\t\t\t\t\t\t\t\t\t\t\t\t\t\t\t\t\t\t<div class=\"eae-pl-readmore\">\n\t\t\t\t\t\t\t\t\t\t\t<a href=\"https:\/\/www.posticum.ro\/de\/march-21-7pm-bad-people-society\/\" title=\"March 21. &#8211; 7pm \/\/ bad.people.society\">Read More<\/a>\n\t\t\t\t\t\t\t\t\t\t<\/div>\n\t\t\t\t\t\t\t\t\t\t\t\t\t\t\t\t\t\t<\/div>\n\t\t\t\t\t\t\t\t<\/li>\n\t\t\t\t\t\t\t\t\t\t\t\t\t\t\t<li>\n\t\t\t\t\t\t\t\t\t\t\t\t\t\t\t\t\t\t\t\t\t\t\t<div class=\"eae-pl-image-wrapper\">\n\t\t\t\t\t\t\t\t\t\t<a href=\"https:\/\/www.posticum.ro\/de\/march-07-7pm-in-the-footsteps-of-gyorgy-sebok-and-janos-starker\/\" title=\"March 07. &#8211; 7pm \/\/ In the Footsteps of Gy\u00f6rgy Seb\u0151k and J\u00e1nos Starker\">\n\t\t\t\t\t\t\t\t\t\t\t\t\t\t\t\t\t\t\t\t\t<\/a>\n\t\t\t\t\t\t\t\t\t<\/div>\n\t\t\t\t\t\t\t\t\t\t\t\t\t\t\t\t\t\t<div class=\"eae-pl-content-box-wrapper\">\n\n\t\t\t\t\t\t\t\t\t\t\t\t\t\t\t\t\t\t\t<h3 class=\"eae-pl-title\"><a href=\"https:\/\/www.posticum.ro\/de\/march-07-7pm-in-the-footsteps-of-gyorgy-sebok-and-janos-starker\/\" title=\"March 07. &#8211; 7pm \/\/ In the Footsteps of Gy\u00f6rgy Seb\u0151k and J\u00e1nos Starker\">March 07. &#8211; 7pm \/\/ In the Footsteps of Gy\u00f6rgy Seb\u0151k and J\u00e1nos Starker<\/a><\/h3>\n\t\t\t\t\t\t\t\t\t\n\t\t\t\t\t\t\t\t\t\t\t\t\t\t\t\t\t\t\t<div class=\"eae-pl-content-box\">\n\t\t\t\t\t\t\t\t\t\t\t\"In the Footsteps of Gy\u00f6rgy Seb\u0151k and J\u00e1nos Starker\"- Concert...\t\t\t\t\t\t\t\t\t\t<\/div>\n\t\t\t\t\t\t\t\t\t\n\t\t\t\t\t\t\t\t\t\t\t\t\t\t\t\t\t\t\t<div class=\"eae-pl-readmore\">\n\t\t\t\t\t\t\t\t\t\t\t<a href=\"https:\/\/www.posticum.ro\/de\/march-07-7pm-in-the-footsteps-of-gyorgy-sebok-and-janos-starker\/\" title=\"March 07. &#8211; 7pm \/\/ In the Footsteps of Gy\u00f6rgy Seb\u0151k and J\u00e1nos Starker\">Read More<\/a>\n\t\t\t\t\t\t\t\t\t\t<\/div>\n\t\t\t\t\t\t\t\t\t\t\t\t\t\t\t\t\t\t<\/div>\n\t\t\t\t\t\t\t\t<\/li>\n\t\t\t\t\t\t\t\t\t\t\t\t\t\t\t<li>\n\t\t\t\t\t\t\t\t\t\t\t\t\t\t\t\t\t\t\t\t\t\t\t<div class=\"eae-pl-image-wrapper\">\n\t\t\t\t\t\t\t\t\t\t<a href=\"https:\/\/www.posticum.ro\/de\/march-06-6pm-restaurant-egalitas-2\/\" title=\"MARCH 06 &#8211; 6pm \/\/ RESTAURANT EGALITAS\">\n\t\t\t\t\t\t\t\t\t\t\t\t\t\t\t\t\t\t\t\t\t<\/a>\n\t\t\t\t\t\t\t\t\t<\/div>\n\t\t\t\t\t\t\t\t\t\t\t\t\t\t\t\t\t\t<div class=\"eae-pl-content-box-wrapper\">\n\n\t\t\t\t\t\t\t\t\t\t\t\t\t\t\t\t\t\t\t<h3 class=\"eae-pl-title\"><a href=\"https:\/\/www.posticum.ro\/de\/march-06-6pm-restaurant-egalitas-2\/\" title=\"MARCH 06 &#8211; 6pm \/\/ RESTAURANT EGALITAS\">MARCH 06 &#8211; 6pm \/\/ RESTAURANT EGALITAS<\/a><\/h3>\n\t\t\t\t\t\t\t\t\t\n\t\t\t\t\t\t\t\t\t\t\t\t\t\t\t\t\t\t\t<div class=\"eae-pl-content-box\">\n\t\t\t\t\t\t\t\t\t\t\tRestaurant EGALITAS\ud83d\udcdcRORestaurant EGALITAS6 martie 2026, ora 18:00 \u2013 PosticumIn cadrul...\t\t\t\t\t\t\t\t\t\t<\/div>\n\t\t\t\t\t\t\t\t\t\n\t\t\t\t\t\t\t\t\t\t\t\t\t\t\t\t\t\t\t<div class=\"eae-pl-readmore\">\n\t\t\t\t\t\t\t\t\t\t\t<a href=\"https:\/\/www.posticum.ro\/de\/march-06-6pm-restaurant-egalitas-2\/\" title=\"MARCH 06 &#8211; 6pm \/\/ RESTAURANT EGALITAS\">Read More<\/a>\n\t\t\t\t\t\t\t\t\t\t<\/div>\n\t\t\t\t\t\t\t\t\t\t\t\t\t\t\t\t\t\t<\/div>\n\t\t\t\t\t\t\t\t<\/li>\n\t\t\t\t\t\t\t\t\t\t\t\t\t\t\t<li>\n\t\t\t\t\t\t\t\t\t\t\t\t\t\t\t\t\t\t\t\t\t\t\t<div class=\"eae-pl-image-wrapper\">\n\t\t\t\t\t\t\t\t\t\t<a href=\"https:\/\/www.posticum.ro\/de\/february-28-7pm-vilagga-mentem-visszajonnek\/\" title=\"FEBRUARY 28 &#8211; 7pm \/\/ Vil\u00e1gg\u00e1 mentem, visszaj\u00f6nn\u00e9k\">\n\t\t\t\t\t\t\t\t\t\t\t\t\t\t\t\t\t\t\t\t\t<\/a>\n\t\t\t\t\t\t\t\t\t<\/div>\n\t\t\t\t\t\t\t\t\t\t\t\t\t\t\t\t\t\t<div class=\"eae-pl-content-box-wrapper\">\n\n\t\t\t\t\t\t\t\t\t\t\t\t\t\t\t\t\t\t\t<h3 class=\"eae-pl-title\"><a href=\"https:\/\/www.posticum.ro\/de\/february-28-7pm-vilagga-mentem-visszajonnek\/\" title=\"FEBRUARY 28 &#8211; 7pm \/\/ Vil\u00e1gg\u00e1 mentem, visszaj\u00f6nn\u00e9k\">FEBRUARY 28 &#8211; 7pm \/\/ Vil\u00e1gg\u00e1 mentem, visszaj\u00f6nn\u00e9k<\/a><\/h3>\n\t\t\t\t\t\t\t\t\t\n\t\t\t\t\t\t\t\t\t\t\t\t\t\t\t\t\t\t\t<div class=\"eae-pl-content-box\">\n\t\t\t\t\t\t\t\t\t\t\tVil\u00e1gg\u00e1 mentem, visszaj\u00f6nn\u00e9k - horzsol\u00e1sok egy felvon\u00e1sbanTorner Anna Itt sem...\t\t\t\t\t\t\t\t\t\t<\/div>\n\t\t\t\t\t\t\t\t\t\n\t\t\t\t\t\t\t\t\t\t\t\t\t\t\t\t\t\t\t<div class=\"eae-pl-readmore\">\n\t\t\t\t\t\t\t\t\t\t\t<a href=\"https:\/\/www.posticum.ro\/de\/february-28-7pm-vilagga-mentem-visszajonnek\/\" title=\"FEBRUARY 28 &#8211; 7pm \/\/ Vil\u00e1gg\u00e1 mentem, visszaj\u00f6nn\u00e9k\">Read More<\/a>\n\t\t\t\t\t\t\t\t\t\t<\/div>\n\t\t\t\t\t\t\t\t\t\t\t\t\t\t\t\t\t\t<\/div>\n\t\t\t\t\t\t\t\t<\/li>\n\t\t\t\t\t\t\t\t\t\t\t\t\t\t\t<li>\n\t\t\t\t\t\t\t\t\t\t\t\t\t\t\t\t\t\t\t\t\t\t\t<div class=\"eae-pl-image-wrapper\">\n\t\t\t\t\t\t\t\t\t\t<a href=\"https:\/\/www.posticum.ro\/de\/march-06-6pm-restaurant-egalitas\/\" title=\"FEBRUARY 26 &#8211; 7pm \/\/ A L\u00c9LEK \u00d6SV\u00c9NYEIN\">\n\t\t\t\t\t\t\t\t\t\t\t\t\t\t\t\t\t\t\t\t\t<\/a>\n\t\t\t\t\t\t\t\t\t<\/div>\n\t\t\t\t\t\t\t\t\t\t\t\t\t\t\t\t\t\t<div class=\"eae-pl-content-box-wrapper\">\n\n\t\t\t\t\t\t\t\t\t\t\t\t\t\t\t\t\t\t\t<h3 class=\"eae-pl-title\"><a href=\"https:\/\/www.posticum.ro\/de\/march-06-6pm-restaurant-egalitas\/\" title=\"FEBRUARY 26 &#8211; 7pm \/\/ A L\u00c9LEK \u00d6SV\u00c9NYEIN\">FEBRUARY 26 &#8211; 7pm \/\/ A L\u00c9LEK \u00d6SV\u00c9NYEIN<\/a><\/h3>\n\t\t\t\t\t\t\t\t\t\n\t\t\t\t\t\t\t\t\t\t\t\t\t\t\t\t\t\t\t<div class=\"eae-pl-content-box\">\n\t\t\t\t\t\t\t\t\t\t\tA L\u00e9lek \u00d6sv\u00e9nyein, bring\u00e1val Bhut\u00e1non \u00e1t\ud83d\udcdcHU: El\u0151sz\u00f6r ker\u00fcl v\u00e1szonra Zich\u00f3...\t\t\t\t\t\t\t\t\t\t<\/div>\n\t\t\t\t\t\t\t\t\t\n\t\t\t\t\t\t\t\t\t\t\t\t\t\t\t\t\t\t\t<div class=\"eae-pl-readmore\">\n\t\t\t\t\t\t\t\t\t\t\t<a href=\"https:\/\/www.posticum.ro\/de\/march-06-6pm-restaurant-egalitas\/\" title=\"FEBRUARY 26 &#8211; 7pm \/\/ A L\u00c9LEK \u00d6SV\u00c9NYEIN\">Read More<\/a>\n\t\t\t\t\t\t\t\t\t\t<\/div>\n\t\t\t\t\t\t\t\t\t\t\t\t\t\t\t\t\t\t<\/div>\n\t\t\t\t\t\t\t\t<\/li>\n\t\t\t\t\t\t\t\t\t\t\t\t\t\t\t<li>\n\t\t\t\t\t\t\t\t\t\t\t\t\t\t\t\t\t\t\t\t\t\t\t<div class=\"eae-pl-image-wrapper\">\n\t\t\t\t\t\t\t\t\t\t<a href=\"https:\/\/www.posticum.ro\/de\/februar-13-6pm-restaurant-egalitas\/\" title=\"FEBRUAR 13 &#8211; 6pm \/\/ RESTAURANT EGALITAS\">\n\t\t\t\t\t\t\t\t\t\t\t\t\t\t\t\t\t\t\t\t\t<\/a>\n\t\t\t\t\t\t\t\t\t<\/div>\n\t\t\t\t\t\t\t\t\t\t\t\t\t\t\t\t\t\t<div class=\"eae-pl-content-box-wrapper\">\n\n\t\t\t\t\t\t\t\t\t\t\t\t\t\t\t\t\t\t\t<h3 class=\"eae-pl-title\"><a href=\"https:\/\/www.posticum.ro\/de\/februar-13-6pm-restaurant-egalitas\/\" title=\"FEBRUAR 13 &#8211; 6pm \/\/ RESTAURANT EGALITAS\">FEBRUAR 13 &#8211; 6pm \/\/ RESTAURANT EGALITAS<\/a><\/h3>\n\t\t\t\t\t\t\t\t\t\n\t\t\t\t\t\t\t\t\t\t\t\t\t\t\t\t\t\t\t<div class=\"eae-pl-content-box\">\n\t\t\t\t\t\t\t\t\t\t\tRestaurant EGALITAS\ud83d\udcdcRORestaurant EGALITAS13 februarie 2026, ora 18:00 \u2013 PosticumMotoul proiectului...\t\t\t\t\t\t\t\t\t\t<\/div>\n\t\t\t\t\t\t\t\t\t\n\t\t\t\t\t\t\t\t\t\t\t\t\t\t\t\t\t\t\t<div class=\"eae-pl-readmore\">\n\t\t\t\t\t\t\t\t\t\t\t<a href=\"https:\/\/www.posticum.ro\/de\/februar-13-6pm-restaurant-egalitas\/\" title=\"FEBRUAR 13 &#8211; 6pm \/\/ RESTAURANT EGALITAS\">Read More<\/a>\n\t\t\t\t\t\t\t\t\t\t<\/div>\n\t\t\t\t\t\t\t\t\t\t\t\t\t\t\t\t\t\t<\/div>\n\t\t\t\t\t\t\t\t<\/li>\n\t\t\t\t\t\t\t\t\t\t\t\t\t\t\t<li>\n\t\t\t\t\t\t\t\t\t\t\t\t\t\t\t\t\t\t\t\t\t\t\t<div class=\"eae-pl-image-wrapper\">\n\t\t\t\t\t\t\t\t\t\t<a href=\"https:\/\/www.posticum.ro\/de\/december-12-6pm-restaurant-egalitas\/\" title=\"DEZEMBER 12 - 18 Uhr \/\/ RESTAURANT EGALITAS\">\n\t\t\t\t\t\t\t\t\t\t\t\t\t\t\t\t\t\t\t\t\t<\/a>\n\t\t\t\t\t\t\t\t\t<\/div>\n\t\t\t\t\t\t\t\t\t\t\t\t\t\t\t\t\t\t<div class=\"eae-pl-content-box-wrapper\">\n\n\t\t\t\t\t\t\t\t\t\t\t\t\t\t\t\t\t\t\t<h3 class=\"eae-pl-title\"><a href=\"https:\/\/www.posticum.ro\/de\/december-12-6pm-restaurant-egalitas\/\" title=\"DEZEMBER 12 - 18 Uhr \/\/ RESTAURANT EGALITAS\">DEZEMBER 12 - 18 Uhr \/\/ RESTAURANT EGALITAS<\/a><\/h3>\n\t\t\t\t\t\t\t\t\t\n\t\t\t\t\t\t\t\t\t\t\t\t\t\t\t\t\t\t\t<div class=\"eae-pl-content-box\">\n\t\t\t\t\t\t\t\t\t\t\tRestaurant EGALITAS\ud83d\udcdcROCina de Advent EGALITAS12 decembrie 2025, ora 18:00 \u2013...\t\t\t\t\t\t\t\t\t\t<\/div>\n\t\t\t\t\t\t\t\t\t\n\t\t\t\t\t\t\t\t\t\t\t\t\t\t\t\t\t\t\t<div class=\"eae-pl-readmore\">\n\t\t\t\t\t\t\t\t\t\t\t<a href=\"https:\/\/www.posticum.ro\/de\/december-12-6pm-restaurant-egalitas\/\" title=\"DEZEMBER 12 - 18 Uhr \/\/ RESTAURANT EGALITAS\">Read More<\/a>\n\t\t\t\t\t\t\t\t\t\t<\/div>\n\t\t\t\t\t\t\t\t\t\t\t\t\t\t\t\t\t\t<\/div>\n\t\t\t\t\t\t\t\t<\/li>\n\t\t\t\t\t\t\t\t\t\t\t\t\t\t\t<li>\n\t\t\t\t\t\t\t\t\t\t\t\t\t\t\t\t\t\t\t\t\t\t\t<div class=\"eae-pl-image-wrapper\">\n\t\t\t\t\t\t\t\t\t\t<a href=\"https:\/\/www.posticum.ro\/de\/july-18-20-posticum-jazzblues-weekend-2025-2\/\" title=\"DEZEMBER 06 \/\/ ADVEDNTCONCERT Kl\u00e1ra Hajdu &amp; Mil\u00e1n Szakonyi\">\n\t\t\t\t\t\t\t\t\t\t\t\t\t\t\t\t\t\t\t\t\t<\/a>\n\t\t\t\t\t\t\t\t\t<\/div>\n\t\t\t\t\t\t\t\t\t\t\t\t\t\t\t\t\t\t<div class=\"eae-pl-content-box-wrapper\">\n\n\t\t\t\t\t\t\t\t\t\t\t\t\t\t\t\t\t\t\t<h3 class=\"eae-pl-title\"><a href=\"https:\/\/www.posticum.ro\/de\/july-18-20-posticum-jazzblues-weekend-2025-2\/\" title=\"DEZEMBER 06 \/\/ ADVEDNTCONCERT Kl\u00e1ra Hajdu &amp; Mil\u00e1n Szakonyi\">DEZEMBER 06 \/\/ ADVEDNTCONCERT Kl\u00e1ra Hajdu &amp; Mil\u00e1n Szakonyi<\/a><\/h3>\n\t\t\t\t\t\t\t\t\t\n\t\t\t\t\t\t\t\t\t\t\t\t\t\t\t\t\t\t\t<div class=\"eae-pl-content-box\">\n\t\t\t\t\t\t\t\t\t\t\thttps:\/\/youtu.be\/BAuD6jXQs8U?si=PBcN5kz69WXZuIUFIN CONCERT: Kl\u00e1ra Hajdu &amp; Mil\u00e1n Szakonyi !!\ud83c\udf1f Start: 19:00...\t\t\t\t\t\t\t\t\t\t<\/div>\n\t\t\t\t\t\t\t\t\t\n\t\t\t\t\t\t\t\t\t\t\t\t\t\t\t\t\t\t\t<div class=\"eae-pl-readmore\">\n\t\t\t\t\t\t\t\t\t\t\t<a href=\"https:\/\/www.posticum.ro\/de\/july-18-20-posticum-jazzblues-weekend-2025-2\/\" title=\"DEZEMBER 06 \/\/ ADVEDNTCONCERT Kl\u00e1ra Hajdu &amp; Mil\u00e1n Szakonyi\">Read More<\/a>\n\t\t\t\t\t\t\t\t\t\t<\/div>\n\t\t\t\t\t\t\t\t\t\t\t\t\t\t\t\t\t\t<\/div>\n\t\t\t\t\t\t\t\t<\/li>\n\t\t\t\t\t\t\t\t\t\t\t\t\t\t\t<li>\n\t\t\t\t\t\t\t\t\t\t\t\t\t\t\t\t\t\t\t\t\t\t\t<div class=\"eae-pl-image-wrapper\">\n\t\t\t\t\t\t\t\t\t\t<a href=\"https:\/\/www.posticum.ro\/de\/november-07-6pm-restaurant-egalitas\/\" title=\"NOVEMBER 07 - 18 Uhr \/\/ RESTAURANT EGALITAS\">\n\t\t\t\t\t\t\t\t\t\t\t\t\t\t\t\t\t\t\t\t\t<\/a>\n\t\t\t\t\t\t\t\t\t<\/div>\n\t\t\t\t\t\t\t\t\t\t\t\t\t\t\t\t\t\t<div class=\"eae-pl-content-box-wrapper\">\n\n\t\t\t\t\t\t\t\t\t\t\t\t\t\t\t\t\t\t\t<h3 class=\"eae-pl-title\"><a href=\"https:\/\/www.posticum.ro\/de\/november-07-6pm-restaurant-egalitas\/\" title=\"NOVEMBER 07 - 18 Uhr \/\/ RESTAURANT EGALITAS\">NOVEMBER 07 - 18 Uhr \/\/ RESTAURANT EGALITAS<\/a><\/h3>\n\t\t\t\t\t\t\t\t\t\n\t\t\t\t\t\t\t\t\t\t\t\t\t\t\t\t\t\t\t<div class=\"eae-pl-content-box\">\n\t\t\t\t\t\t\t\t\t\t\tRestaurant EGALITAS\ud83d\udcdcROMotoul proiectului nostru:\u201dA oferi ajutor este unul din lian\u021bii...\t\t\t\t\t\t\t\t\t\t<\/div>\n\t\t\t\t\t\t\t\t\t\n\t\t\t\t\t\t\t\t\t\t\t\t\t\t\t\t\t\t\t<div class=\"eae-pl-readmore\">\n\t\t\t\t\t\t\t\t\t\t\t<a href=\"https:\/\/www.posticum.ro\/de\/november-07-6pm-restaurant-egalitas\/\" title=\"NOVEMBER 07 - 18 Uhr \/\/ RESTAURANT EGALITAS\">Read More<\/a>\n\t\t\t\t\t\t\t\t\t\t<\/div>\n\t\t\t\t\t\t\t\t\t\t\t\t\t\t\t\t\t\t<\/div>\n\t\t\t\t\t\t\t\t<\/li>\n\t\t\t\t\t\t\t\t\t\t\t\t\t<\/ul>\n\t\t\t\t\t\t\t\t\t<\/div>\n\t\t\t\t\t\t<\/div>\n\t\t\t\t<\/div>\n\t\t\t\t\t<\/div>\n\t\t<\/div>\n\t\t\t\t\t<\/div>\n\t\t<\/section>\n\t\t\t\t<\/div>","protected":false},"excerpt":{"rendered":"<p>Aktualis programok ARCHIMEDES Vas\u00e1rnapj\u00e1tszunk \u00e9s zen\u00e9l\u00fcnka Posticum k\u00e1poln\u00e1j\u00e1ban: 10.00 \u2013 16.00A programot 2024&#8230; Read More ZEN, ZAZEN, MEDITATION ZEN, ZAZEN, MEDITATIONZen is a practice and a tool. Zen&#8230; Read More NOVEMBER 09 &#8211; 6pm \/\/ RESTAURANT EGALITAS RESTAURANT EGALITASNovember\u00a0 09., 6pm?ROMotoul proiectului nostru:\u201dA oferi ajutor este unul&#8230; Read More OCTOBER [&hellip;]<\/p>","protected":false},"author":4,"featured_media":0,"parent":0,"menu_order":0,"comment_status":"closed","ping_status":"closed","template":"","meta":{"_exactmetrics_skip_tracking":false,"_exactmetrics_sitenote_active":false,"_exactmetrics_sitenote_note":"","_exactmetrics_sitenote_category":0,"footnotes":""},"class_list":["post-6799","page","type-page","status-publish","hentry"],"_links":{"self":[{"href":"https:\/\/www.posticum.ro\/de\/wp-json\/wp\/v2\/pages\/6799","targetHints":{"allow":["GET"]}}],"collection":[{"href":"https:\/\/www.posticum.ro\/de\/wp-json\/wp\/v2\/pages"}],"about":[{"href":"https:\/\/www.posticum.ro\/de\/wp-json\/wp\/v2\/types\/page"}],"author":[{"embeddable":true,"href":"https:\/\/www.posticum.ro\/de\/wp-json\/wp\/v2\/users\/4"}],"replies":[{"embeddable":true,"href":"https:\/\/www.posticum.ro\/de\/wp-json\/wp\/v2\/comments?post=6799"}],"version-history":[{"count":24,"href":"https:\/\/www.posticum.ro\/de\/wp-json\/wp\/v2\/pages\/6799\/revisions"}],"predecessor-version":[{"id":6825,"href":"https:\/\/www.posticum.ro\/de\/wp-json\/wp\/v2\/pages\/6799\/revisions\/6825"}],"wp:attachment":[{"href":"https:\/\/www.posticum.ro\/de\/wp-json\/wp\/v2\/media?parent=6799"}],"curies":[{"name":"wp","href":"https:\/\/api.w.org\/{rel}","templated":true}]}}