{"id":6511,"date":"2024-10-24T08:42:59","date_gmt":"2024-10-24T06:42:59","guid":{"rendered":"https:\/\/www.posticum.ro\/?page_id=6511"},"modified":"2025-05-25T08:38:51","modified_gmt":"2025-05-25T06:38:51","slug":"dr-barcsay-akos","status":"publish","type":"page","link":"https:\/\/www.posticum.ro\/de\/dr-barcsay-akos\/","title":{"rendered":""},"content":{"rendered":"<div data-elementor-type=\"wp-page\" data-elementor-id=\"6511\" class=\"elementor elementor-6511\">\n\t\t\t\t\t\t<section class=\"has_eae_slider elementor-section elementor-top-section elementor-element elementor-element-57e105d elementor-section-boxed elementor-section-height-default elementor-section-height-default\" data-id=\"57e105d\" data-element_type=\"section\">\n\t\t\t\t\t\t<div class=\"elementor-container elementor-column-gap-default\">\n\t\t\t\t\t<div class=\"has_eae_slider elementor-column elementor-col-100 elementor-top-column elementor-element elementor-element-5fdb0e2\" data-id=\"5fdb0e2\" data-element_type=\"column\">\n\t\t\t<div class=\"elementor-widget-wrap elementor-element-populated\">\n\t\t\t\t\t\t<div class=\"elementor-element elementor-element-2ce6e0d elementor-widget elementor-widget-heading\" data-id=\"2ce6e0d\" data-element_type=\"widget\" data-widget_type=\"heading.default\">\n\t\t\t\t<div class=\"elementor-widget-container\">\n\t\t\t\t\t<h2 class=\"elementor-heading-title elementor-size-default\">Dr. \u00c1kos Barcsay<\/h2>\t\t\t\t<\/div>\n\t\t\t\t<\/div>\n\t\t\t\t\t<\/div>\n\t\t<\/div>\n\t\t\t\t\t<\/div>\n\t\t<\/section>\n\t\t\t\t<section class=\"has_eae_slider elementor-section elementor-top-section elementor-element elementor-element-5a64229 elementor-section-boxed elementor-section-height-default elementor-section-height-default\" data-id=\"5a64229\" data-element_type=\"section\">\n\t\t\t\t\t\t<div class=\"elementor-container elementor-column-gap-default\">\n\t\t\t\t\t<div class=\"has_eae_slider elementor-column elementor-col-100 elementor-top-column elementor-element elementor-element-d9ee677\" data-id=\"d9ee677\" data-element_type=\"column\">\n\t\t\t<div class=\"elementor-widget-wrap elementor-element-populated\">\n\t\t\t\t\t\t<div class=\"elementor-element elementor-element-45c8e57 elementor-widget elementor-widget-spacer\" data-id=\"45c8e57\" data-element_type=\"widget\" data-widget_type=\"spacer.default\">\n\t\t\t\t<div class=\"elementor-widget-container\">\n\t\t\t\t\t\t\t<div class=\"elementor-spacer\">\n\t\t\t<div class=\"elementor-spacer-inner\"><\/div>\n\t\t<\/div>\n\t\t\t\t\t\t<\/div>\n\t\t\t\t<\/div>\n\t\t\t\t\t<\/div>\n\t\t<\/div>\n\t\t\t\t\t<\/div>\n\t\t<\/section>\n\t\t\t\t<section class=\"has_eae_slider elementor-section elementor-top-section elementor-element elementor-element-8345297 elementor-section-boxed elementor-section-height-default elementor-section-height-default\" data-id=\"8345297\" data-element_type=\"section\">\n\t\t\t\t\t\t<div class=\"elementor-container elementor-column-gap-default\">\n\t\t\t\t\t<div class=\"has_eae_slider elementor-column elementor-col-100 elementor-top-column elementor-element elementor-element-5993591\" data-id=\"5993591\" data-element_type=\"column\">\n\t\t\t<div class=\"elementor-widget-wrap elementor-element-populated\">\n\t\t\t\t\t\t<div class=\"elementor-element elementor-element-3fb6a7a elementor-widget elementor-widget-image\" data-id=\"3fb6a7a\" data-element_type=\"widget\" data-widget_type=\"image.default\">\n\t\t\t\t<div class=\"elementor-widget-container\">\n\t\t\t\t\t\t\t\t\t\t\t\t\t\t\t<img fetchpriority=\"high\" decoding=\"async\" width=\"750\" height=\"658\" src=\"https:\/\/www.posticum.ro\/wp-content\/uploads\/2024\/10\/462551303_1071917884402116_2703289154602522870_n-1-768x674.jpg\" class=\"attachment-medium_large size-medium_large wp-image-6571\" alt=\"\" srcset=\"https:\/\/www.posticum.ro\/wp-content\/uploads\/2024\/10\/462551303_1071917884402116_2703289154602522870_n-1-768x674.jpg 768w, https:\/\/www.posticum.ro\/wp-content\/uploads\/2024\/10\/462551303_1071917884402116_2703289154602522870_n-1-300x263.jpg 300w, https:\/\/www.posticum.ro\/wp-content\/uploads\/2024\/10\/462551303_1071917884402116_2703289154602522870_n-1-1024x899.jpg 1024w, https:\/\/www.posticum.ro\/wp-content\/uploads\/2024\/10\/462551303_1071917884402116_2703289154602522870_n-1-1536x1348.jpg 1536w, https:\/\/www.posticum.ro\/wp-content\/uploads\/2024\/10\/462551303_1071917884402116_2703289154602522870_n-1.jpg 2048w\" sizes=\"(max-width: 750px) 100vw, 750px\" \/>\t\t\t\t\t\t\t\t\t\t\t\t\t\t\t<\/div>\n\t\t\t\t<\/div>\n\t\t\t\t<div class=\"elementor-element elementor-element-f751334 elementor-widget elementor-widget-text-editor\" data-id=\"f751334\" data-element_type=\"widget\" data-widget_type=\"text-editor.default\">\n\t\t\t\t<div class=\"elementor-widget-container\">\n\t\t\t\t\t\t\t\t\t<p><span>Psychospiritueller Berater, Doktor der Rechtswissenschaften, Wirtschaftswissenschaftler<\/span><\/p>\t\t\t\t\t\t\t\t<\/div>\n\t\t\t\t<\/div>\n\t\t\t\t\t<\/div>\n\t\t<\/div>\n\t\t\t\t\t<\/div>\n\t\t<\/section>\n\t\t\t\t<section class=\"has_eae_slider elementor-section elementor-top-section elementor-element elementor-element-8cd33fe elementor-section-boxed elementor-section-height-default elementor-section-height-default\" data-id=\"8cd33fe\" data-element_type=\"section\">\n\t\t\t\t\t\t<div class=\"elementor-container elementor-column-gap-default\">\n\t\t\t\t\t<div class=\"has_eae_slider elementor-column elementor-col-100 elementor-top-column elementor-element elementor-element-a8c3bd7\" data-id=\"a8c3bd7\" data-element_type=\"column\">\n\t\t\t<div class=\"elementor-widget-wrap elementor-element-populated\">\n\t\t\t\t\t\t<div class=\"elementor-element elementor-element-23a3427 elementor-widget elementor-widget-spacer\" data-id=\"23a3427\" data-element_type=\"widget\" data-widget_type=\"spacer.default\">\n\t\t\t\t<div class=\"elementor-widget-container\">\n\t\t\t\t\t\t\t<div class=\"elementor-spacer\">\n\t\t\t<div class=\"elementor-spacer-inner\"><\/div>\n\t\t<\/div>\n\t\t\t\t\t\t<\/div>\n\t\t\t\t<\/div>\n\t\t\t\t\t<\/div>\n\t\t<\/div>\n\t\t\t\t\t<\/div>\n\t\t<\/section>\n\t\t\t\t<section class=\"has_eae_slider elementor-section elementor-top-section elementor-element elementor-element-609610b elementor-section-boxed elementor-section-height-default elementor-section-height-default\" data-id=\"609610b\" data-element_type=\"section\">\n\t\t\t\t\t\t<div class=\"elementor-container elementor-column-gap-default\">\n\t\t\t\t\t<div class=\"has_eae_slider elementor-column elementor-col-100 elementor-top-column elementor-element elementor-element-14d1b60\" data-id=\"14d1b60\" data-element_type=\"column\">\n\t\t\t<div class=\"elementor-widget-wrap elementor-element-populated\">\n\t\t\t\t\t\t<div class=\"elementor-element elementor-element-3c3ec09 elementor-widget elementor-widget-text-editor\" data-id=\"3c3ec09\" data-element_type=\"widget\" data-widget_type=\"text-editor.default\">\n\t\t\t\t<div class=\"elementor-widget-container\">\n\t\t\t\t\t\t\t\t\t<p><span style=\"font-weight: 400;\">Ich wurde 1941 in Budapest geboren.  Im Jahr 1945 floh meine Familie in den Westen. In Deutschland besuchte ich eine bayerische Volksschule und ein ungarisches Gymnasium. Ich machte 1959 mein Abitur und promovierte anschlie\u00dfend in Belgien an der Universit\u00e4t L\u00f8wen in Rechtswissenschaften, gefolgt von einem Abschluss in Wirtschaftswissenschaften.<br \/>Ich habe in verschiedenen kleinen und gro\u00dfen Unternehmen und Institutionen als Exportmanagerin, Wirtschaftsforscherin, Assistentin des Direktors, au\u00dferordentliche Professorin f\u00fcr Wirtschaftswissenschaften, Systemingenieurin und schlie\u00dflich als Leiterin einer Controlling-Abteilung gearbeitet. Ich habe eine psycho-spirituelle Begleitungsausbildung absolviert. Ich habe jahrelange Erfahrung in der Anwendung der Therapie des inneren Kindes und in der Vermittlung von Meditation.<br \/>Seit 25 Jahren praktiziere ich fast t\u00e4glich kontemplative (Gebets-)Methoden (Zazen, Jesusgebet, Zentriertes Gebet). Als Rentnerin helfe ich der Candleflame Children's Village Foundation in Mariak\u00e9m\u00e9ndi und bin jetzt f\u00fcr den spirituellen Dienst in ihren Einrichtungen verantwortlich. <\/span><\/p>\t\t\t\t\t\t\t\t<\/div>\n\t\t\t\t<\/div>\n\t\t\t\t\t<\/div>\n\t\t<\/div>\n\t\t\t\t\t<\/div>\n\t\t<\/section>\n\t\t\t\t<section class=\"has_eae_slider elementor-section elementor-top-section elementor-element elementor-element-70dcb14 elementor-section-boxed elementor-section-height-default elementor-section-height-default\" data-id=\"70dcb14\" data-element_type=\"section\">\n\t\t\t\t\t\t<div class=\"elementor-container elementor-column-gap-default\">\n\t\t\t\t\t<div class=\"has_eae_slider elementor-column elementor-col-100 elementor-top-column elementor-element elementor-element-ed41d52\" data-id=\"ed41d52\" data-element_type=\"column\">\n\t\t\t<div class=\"elementor-widget-wrap elementor-element-populated\">\n\t\t\t\t\t\t<div class=\"elementor-element elementor-element-9b0987d elementor-widget elementor-widget-spacer\" data-id=\"9b0987d\" data-element_type=\"widget\" data-widget_type=\"spacer.default\">\n\t\t\t\t<div class=\"elementor-widget-container\">\n\t\t\t\t\t\t\t<div class=\"elementor-spacer\">\n\t\t\t<div class=\"elementor-spacer-inner\"><\/div>\n\t\t<\/div>\n\t\t\t\t\t\t<\/div>\n\t\t\t\t<\/div>\n\t\t\t\t\t<\/div>\n\t\t<\/div>\n\t\t\t\t\t<\/div>\n\t\t<\/section>\n\t\t\t\t<\/div>","protected":false},"excerpt":{"rendered":"<p>Dr. Barcsay \u00c1kos pszichospiritu\u00e1lis k\u00eds\u00e9r\u0151, jogi doktor, k\u00f6zgazd\u00e1sz Budapesten sz\u00fclettem 1941-ben.\u00a0 1945-ben a csal\u00e1dom nyugatra menek\u00fclt. N\u00e9metorsz\u00e1gban bajor elemi iskol\u00e1ba \u00e9s magyar gimn\u00e1ziumba j\u00e1rtam. 1959-ben \u00e9retts\u00e9giztem, majd Belgiumban, a l\u00f6weni egyetemen doktor\u00e1tussal jogi, majd ezt k\u00f6vetve k\u00f6zgazdas\u00e1gi diplom\u00e1t szereztem.K\u00fcl\u00f6nb\u00f6z\u0151 kis \u00e9s nagy v\u00e1llalatokban, int\u00e9zm\u00e9nyekben mint export felel\u0151s, gazdas\u00e1gi kutat\u00f3, igazgat\u00f3i [&hellip;]<\/p>","protected":false},"author":3,"featured_media":0,"parent":0,"menu_order":0,"comment_status":"closed","ping_status":"closed","template":"","meta":{"_exactmetrics_skip_tracking":false,"_exactmetrics_sitenote_active":false,"_exactmetrics_sitenote_note":"","_exactmetrics_sitenote_category":0,"footnotes":""},"class_list":["post-6511","page","type-page","status-publish","hentry"],"_links":{"self":[{"href":"https:\/\/www.posticum.ro\/de\/wp-json\/wp\/v2\/pages\/6511","targetHints":{"allow":["GET"]}}],"collection":[{"href":"https:\/\/www.posticum.ro\/de\/wp-json\/wp\/v2\/pages"}],"about":[{"href":"https:\/\/www.posticum.ro\/de\/wp-json\/wp\/v2\/types\/page"}],"author":[{"embeddable":true,"href":"https:\/\/www.posticum.ro\/de\/wp-json\/wp\/v2\/users\/3"}],"replies":[{"embeddable":true,"href":"https:\/\/www.posticum.ro\/de\/wp-json\/wp\/v2\/comments?post=6511"}],"version-history":[{"count":52,"href":"https:\/\/www.posticum.ro\/de\/wp-json\/wp\/v2\/pages\/6511\/revisions"}],"predecessor-version":[{"id":7050,"href":"https:\/\/www.posticum.ro\/de\/wp-json\/wp\/v2\/pages\/6511\/revisions\/7050"}],"wp:attachment":[{"href":"https:\/\/www.posticum.ro\/de\/wp-json\/wp\/v2\/media?parent=6511"}],"curies":[{"name":"wp","href":"https:\/\/api.w.org\/{rel}","templated":true}]}}