{"id":6225,"date":"2024-10-19T13:14:06","date_gmt":"2024-10-19T11:14:06","guid":{"rendered":"https:\/\/www.posticum.ro\/?page_id=6225"},"modified":"2025-10-07T09:38:58","modified_gmt":"2025-10-07T07:38:58","slug":"teremberles","status":"publish","type":"page","link":"https:\/\/www.posticum.ro\/de\/teremberles\/","title":{"rendered":""},"content":{"rendered":"<div data-elementor-type=\"wp-page\" data-elementor-id=\"6225\" class=\"elementor elementor-6225\">\n\t\t\t\t\t\t<section class=\"has_eae_slider elementor-section elementor-top-section elementor-element elementor-element-914de43 elementor-section-boxed elementor-section-height-default elementor-section-height-default\" data-id=\"914de43\" data-element_type=\"section\">\n\t\t\t\t\t\t<div class=\"elementor-container elementor-column-gap-default\">\n\t\t\t\t\t<div class=\"has_eae_slider elementor-column elementor-col-100 elementor-top-column elementor-element elementor-element-e8a0ad1\" data-id=\"e8a0ad1\" data-element_type=\"column\">\n\t\t\t<div class=\"elementor-widget-wrap elementor-element-populated\">\n\t\t\t\t\t\t<div class=\"elementor-element elementor-element-c6fc0e8 elementor-absolute elementor-widget elementor-widget-spacer\" data-id=\"c6fc0e8\" data-element_type=\"widget\" id=\"teremberles\" data-settings=\"{&quot;_position&quot;:&quot;absolute&quot;}\" data-widget_type=\"spacer.default\">\n\t\t\t\t<div class=\"elementor-widget-container\">\n\t\t\t\t\t\t\t<div class=\"elementor-spacer\">\n\t\t\t<div class=\"elementor-spacer-inner\"><\/div>\n\t\t<\/div>\n\t\t\t\t\t\t<\/div>\n\t\t\t\t<\/div>\n\t\t\t\t\t<\/div>\n\t\t<\/div>\n\t\t\t\t\t<\/div>\n\t\t<\/section>\n\t\t\t\t<section class=\"has_eae_slider elementor-section elementor-top-section elementor-element elementor-element-8c89a0c elementor-section-boxed elementor-section-height-default elementor-section-height-default\" data-id=\"8c89a0c\" data-element_type=\"section\">\n\t\t\t\t\t\t<div class=\"elementor-container elementor-column-gap-default\">\n\t\t\t\t\t<div class=\"has_eae_slider elementor-column elementor-col-100 elementor-top-column elementor-element elementor-element-dea543d\" data-id=\"dea543d\" data-element_type=\"column\">\n\t\t\t<div class=\"elementor-widget-wrap elementor-element-populated\">\n\t\t\t\t\t\t<div class=\"elementor-element elementor-element-24920d9 elementor-widget elementor-widget-heading\" data-id=\"24920d9\" data-element_type=\"widget\" data-widget_type=\"heading.default\">\n\t\t\t\t<div class=\"elementor-widget-container\">\n\t\t\t\t\t<h2 class=\"elementor-heading-title elementor-size-default\">Ein Zimmer mieten<\/h2>\t\t\t\t<\/div>\n\t\t\t\t<\/div>\n\t\t\t\t\t<\/div>\n\t\t<\/div>\n\t\t\t\t\t<\/div>\n\t\t<\/section>\n\t\t\t\t<section class=\"has_eae_slider elementor-section elementor-top-section elementor-element elementor-element-92972d8 elementor-section-boxed elementor-section-height-default elementor-section-height-default\" data-id=\"92972d8\" data-element_type=\"section\">\n\t\t\t\t\t\t<div class=\"elementor-container elementor-column-gap-default\">\n\t\t\t\t\t<div class=\"has_eae_slider elementor-column elementor-col-100 elementor-top-column elementor-element elementor-element-e6d01b5\" data-id=\"e6d01b5\" data-element_type=\"column\">\n\t\t\t<div class=\"elementor-widget-wrap elementor-element-populated\">\n\t\t\t\t\t\t<div class=\"elementor-element elementor-element-becae68 elementor-widget elementor-widget-text-editor\" data-id=\"becae68\" data-element_type=\"widget\" data-widget_type=\"text-editor.default\">\n\t\t\t\t<div class=\"elementor-widget-container\">\n\t\t\t\t\t\t\t\t\t<p>Das Posticum bietet neben seinen (<a href=\"http:\/\/www.thezenhostel.com\">G\u00e4stezimmern<\/a> ) auch mehrere R\u00e4umlichkeiten f\u00fcr Veranstaltungen wie Konferenzen, Weiterbildungen, Podiumsdiskussionen oder Alumni-Treffen.<\/p><p>Das Posticum ist die einzige Unterkunft in Oradea mit einer Kapelle. Dies macht es zum idealen Ort f\u00fcr Hochzeiten, Exerzitien, Klausuren und andere Veranstaltungen, die einen sakralen Raum erfordern. Die faszinierende Architektur unserer Kapelle verbindet sich mit der majest\u00e4tischen Orgel aus dem 19. Jahrhundert. Sie ist der ideale Ort f\u00fcr Hauskonzerte, Gedenkfeiern und gesellige Zusammenk\u00fcnfte.<\/p>\t\t\t\t\t\t\t\t<\/div>\n\t\t\t\t<\/div>\n\t\t\t\t\t<\/div>\n\t\t<\/div>\n\t\t\t\t\t<\/div>\n\t\t<\/section>\n\t\t\t\t<section class=\"has_eae_slider elementor-section elementor-top-section elementor-element elementor-element-064ea6f elementor-section-boxed elementor-section-height-default elementor-section-height-default\" data-id=\"064ea6f\" data-element_type=\"section\">\n\t\t\t\t\t\t<div class=\"elementor-container elementor-column-gap-default\">\n\t\t\t\t\t<div class=\"has_eae_slider elementor-column elementor-col-100 elementor-top-column elementor-element elementor-element-ae19916\" data-id=\"ae19916\" data-element_type=\"column\">\n\t\t\t<div class=\"elementor-widget-wrap elementor-element-populated\">\n\t\t\t\t\t\t<div class=\"elementor-element elementor-element-1a59f5d elementor-widget elementor-widget-video\" data-id=\"1a59f5d\" data-element_type=\"widget\" data-settings=\"{&quot;youtube_url&quot;:&quot;https:\\\/\\\/www.youtube.com\\\/watch?v=vKCjo5fuTcw&quot;,&quot;video_type&quot;:&quot;youtube&quot;,&quot;controls&quot;:&quot;yes&quot;}\" data-widget_type=\"video.default\">\n\t\t\t\t<div class=\"elementor-widget-container\">\n\t\t\t\t\t\t\t<div class=\"elementor-wrapper elementor-open-inline\">\n\t\t\t<div class=\"elementor-video\"><\/div>\t\t<\/div>\n\t\t\t\t\t\t<\/div>\n\t\t\t\t<\/div>\n\t\t\t\t<div class=\"elementor-element elementor-element-cbb44d9 elementor-widget elementor-widget-spacer\" data-id=\"cbb44d9\" data-element_type=\"widget\" data-widget_type=\"spacer.default\">\n\t\t\t\t<div class=\"elementor-widget-container\">\n\t\t\t\t\t\t\t<div class=\"elementor-spacer\">\n\t\t\t<div class=\"elementor-spacer-inner\"><\/div>\n\t\t<\/div>\n\t\t\t\t\t\t<\/div>\n\t\t\t\t<\/div>\n\t\t\t\t\t<\/div>\n\t\t<\/div>\n\t\t\t\t\t<\/div>\n\t\t<\/section>\n\t\t\t\t<section class=\"has_eae_slider elementor-section elementor-top-section elementor-element elementor-element-1da5699 elementor-section-boxed elementor-section-height-default elementor-section-height-default\" data-id=\"1da5699\" data-element_type=\"section\">\n\t\t\t\t\t\t<div class=\"elementor-container elementor-column-gap-default\">\n\t\t\t\t\t<div class=\"has_eae_slider elementor-column elementor-col-100 elementor-top-column elementor-element elementor-element-07e94ea\" data-id=\"07e94ea\" data-element_type=\"column\">\n\t\t\t<div class=\"elementor-widget-wrap elementor-element-populated\">\n\t\t\t\t\t\t<div class=\"elementor-element elementor-element-31fefc6 elementor-widget elementor-widget-text-editor\" data-id=\"31fefc6\" data-element_type=\"widget\" data-widget_type=\"text-editor.default\">\n\t\t\t\t<div class=\"elementor-widget-container\">\n\t\t\t\t\t\t\t\t\t<p>Die Inneneinrichtung unseres Restaurants wurde von Attila Kert\u00e9sz, einem Budapester Innenarchitekten und M\u00f6beldesigner, entworfen, die M\u00f6bel wurden von J\u00e1nos Koreny\u00e1k, einem Tischlermeister aus Oradea, gefertigt.<\/p><p>Gruppen k\u00f6nnen die Dienste des im Haus befindlichen <a href=\"https:\/\/www.thezenhostel.com\/hu\/egalitas-vendeglo\/\">Restaurants Egalitas<\/a> in Anspruch nehmen. Nach Absprache sind auch besondere Dienstleistungen m\u00f6glich.<\/p><p><span>Sie k\u00f6nnen sich \u00fcber das Formular erkundigen. Bitte senden Sie es per E-Mail an<\/span>\u00a0<a href=\"mailto:info@posticum.ro\">info@posticum.ro<\/a><\/p>\t\t\t\t\t\t\t\t<\/div>\n\t\t\t\t<\/div>\n\t\t\t\t\t<\/div>\n\t\t<\/div>\n\t\t\t\t\t<\/div>\n\t\t<\/section>\n\t\t\t\t<section class=\"has_eae_slider elementor-section elementor-top-section elementor-element elementor-element-601acb5 elementor-section-boxed elementor-section-height-default elementor-section-height-default\" data-id=\"601acb5\" data-element_type=\"section\">\n\t\t\t\t\t\t<div class=\"elementor-container elementor-column-gap-default\">\n\t\t\t\t\t<div class=\"has_eae_slider elementor-column elementor-col-100 elementor-top-column elementor-element elementor-element-3189b22\" data-id=\"3189b22\" data-element_type=\"column\">\n\t\t\t<div class=\"elementor-widget-wrap elementor-element-populated\">\n\t\t\t\t\t\t<div class=\"elementor-element elementor-element-18e8d1c elementor-align-center elementor-widget elementor-widget-button\" data-id=\"18e8d1c\" data-element_type=\"widget\" data-widget_type=\"button.default\">\n\t\t\t\t<div class=\"elementor-widget-container\">\n\t\t\t\t\t\t\t\t\t<div class=\"elementor-button-wrapper\">\n\t\t\t\t\t<a class=\"elementor-button elementor-button-link elementor-size-lg\" href=\"http:\/\/www.posticum.ro\/wp-content\/uploads\/2024\/10\/Rendezveny-adatlap-2024-HU.pdf\">\n\t\t\t\t\t\t<span class=\"elementor-button-content-wrapper\">\n\t\t\t\t\t\t\t\t\t<span class=\"elementor-button-text\">FORMULAR HERUNTERLADEN<\/span>\n\t\t\t\t\t<\/span>\n\t\t\t\t\t<\/a>\n\t\t\t\t<\/div>\n\t\t\t\t\t\t\t\t<\/div>\n\t\t\t\t<\/div>\n\t\t\t\t\t<\/div>\n\t\t<\/div>\n\t\t\t\t\t<\/div>\n\t\t<\/section>\n\t\t\t\t<section class=\"has_eae_slider elementor-section elementor-top-section elementor-element elementor-element-634cedc elementor-section-boxed elementor-section-height-default elementor-section-height-default\" data-id=\"634cedc\" data-element_type=\"section\">\n\t\t\t\t\t\t<div class=\"elementor-container elementor-column-gap-default\">\n\t\t\t\t\t<div class=\"has_eae_slider elementor-column elementor-col-100 elementor-top-column elementor-element elementor-element-ac2f5a5\" data-id=\"ac2f5a5\" data-element_type=\"column\">\n\t\t\t<div class=\"elementor-widget-wrap elementor-element-populated\">\n\t\t\t\t\t\t<div class=\"elementor-element elementor-element-e4944a7 elementor-widget elementor-widget-spacer\" data-id=\"e4944a7\" data-element_type=\"widget\" data-widget_type=\"spacer.default\">\n\t\t\t\t<div class=\"elementor-widget-container\">\n\t\t\t\t\t\t\t<div class=\"elementor-spacer\">\n\t\t\t<div class=\"elementor-spacer-inner\"><\/div>\n\t\t<\/div>\n\t\t\t\t\t\t<\/div>\n\t\t\t\t<\/div>\n\t\t\t\t\t<\/div>\n\t\t<\/div>\n\t\t\t\t\t<\/div>\n\t\t<\/section>\n\t\t\t\t<\/div>","protected":false},"excerpt":{"rendered":"<p>Teremb\u00e9rl\u00e9s A Posticum (vend\u00e9gszob\u00e1i mellett) t\u00f6bb termet k\u00edn\u00e1l rendezv\u00e9nyek helysz\u00edn\u00e9\u00fcl, legyen az konferencia, tov\u00e1bbk\u00e9pz\u00e9s, p\u00f3diumbesz\u00e9lget\u00e9s, vagy \u00e9pp \u00f6regdi\u00e1k-tal\u00e1lkoz\u00f3. Nagyv\u00e1radon a Posticum az egyed\u00fcli sz\u00e1ll\u00e1sad\u00f3 hely, amelyhez k\u00e1polna is tartozik, \u00edgy ide\u00e1lis helysz\u00edn esk\u00fcv\u0151k, lelkigyakorlatok, elvonul\u00e1sok \u00e9s m\u00e1s olyan programok sz\u00e1m\u00e1ra, amelyek szakr\u00e1lis teret ig\u00e9nyelnek. K\u00e1poln\u00e1nk izgalmas architekt\u00far\u00e1ja egy 19. sz\u00e1zadi [&hellip;]<\/p>","protected":false},"author":3,"featured_media":0,"parent":0,"menu_order":0,"comment_status":"closed","ping_status":"closed","template":"","meta":{"_exactmetrics_skip_tracking":false,"_exactmetrics_sitenote_active":false,"_exactmetrics_sitenote_note":"","_exactmetrics_sitenote_category":0,"footnotes":""},"class_list":["post-6225","page","type-page","status-publish","hentry"],"_links":{"self":[{"href":"https:\/\/www.posticum.ro\/de\/wp-json\/wp\/v2\/pages\/6225","targetHints":{"allow":["GET"]}}],"collection":[{"href":"https:\/\/www.posticum.ro\/de\/wp-json\/wp\/v2\/pages"}],"about":[{"href":"https:\/\/www.posticum.ro\/de\/wp-json\/wp\/v2\/types\/page"}],"author":[{"embeddable":true,"href":"https:\/\/www.posticum.ro\/de\/wp-json\/wp\/v2\/users\/3"}],"replies":[{"embeddable":true,"href":"https:\/\/www.posticum.ro\/de\/wp-json\/wp\/v2\/comments?post=6225"}],"version-history":[{"count":119,"href":"https:\/\/www.posticum.ro\/de\/wp-json\/wp\/v2\/pages\/6225\/revisions"}],"predecessor-version":[{"id":7607,"href":"https:\/\/www.posticum.ro\/de\/wp-json\/wp\/v2\/pages\/6225\/revisions\/7607"}],"wp:attachment":[{"href":"https:\/\/www.posticum.ro\/de\/wp-json\/wp\/v2\/media?parent=6225"}],"curies":[{"name":"wp","href":"https:\/\/api.w.org\/{rel}","templated":true}]}}