{"id":2229,"date":"2021-03-26T10:01:40","date_gmt":"2021-03-26T10:01:40","guid":{"rendered":"http:\/\/temp.posticum.ro\/?page_id=2229"},"modified":"2025-11-28T11:47:14","modified_gmt":"2025-11-28T09:47:14","slug":"kuratorium","status":"publish","type":"page","link":"https:\/\/www.posticum.ro\/de\/kuratorium\/","title":{"rendered":"Kurat\u00f3rium"},"content":{"rendered":"<div data-elementor-type=\"wp-page\" data-elementor-id=\"2229\" class=\"elementor elementor-2229\">\n\t\t\t\t\t\t<section class=\"has_eae_slider elementor-section elementor-top-section elementor-element elementor-element-44559e0 elementor-section-boxed elementor-section-height-default elementor-section-height-default\" data-id=\"44559e0\" data-element_type=\"section\">\n\t\t\t\t\t\t<div class=\"elementor-container elementor-column-gap-default\">\n\t\t\t\t\t<div class=\"has_eae_slider elementor-column elementor-col-100 elementor-top-column elementor-element elementor-element-2f74abb\" data-id=\"2f74abb\" data-element_type=\"column\">\n\t\t\t<div class=\"elementor-widget-wrap elementor-element-populated\">\n\t\t\t\t\t\t<div class=\"elementor-element elementor-element-0e17203 elementor-widget elementor-widget-menu-anchor\" data-id=\"0e17203\" data-element_type=\"widget\" data-widget_type=\"menu-anchor.default\">\n\t\t\t\t<div class=\"elementor-widget-container\">\n\t\t\t\t\t\t\t<div class=\"elementor-menu-anchor\" id=\"kezdes\"><\/div>\n\t\t\t\t\t\t<\/div>\n\t\t\t\t<\/div>\n\t\t\t\t\t<\/div>\n\t\t<\/div>\n\t\t\t\t\t<\/div>\n\t\t<\/section>\n\t\t\t\t<section class=\"has_eae_slider elementor-section elementor-top-section elementor-element elementor-element-bd45065 elementor-section-boxed elementor-section-height-default elementor-section-height-default\" data-id=\"bd45065\" data-element_type=\"section\">\n\t\t\t\t\t\t<div class=\"elementor-container elementor-column-gap-default\">\n\t\t\t\t\t<div class=\"has_eae_slider elementor-column elementor-col-100 elementor-top-column elementor-element elementor-element-031b7ac\" data-id=\"031b7ac\" data-element_type=\"column\">\n\t\t\t<div class=\"elementor-widget-wrap elementor-element-populated\">\n\t\t\t\t\t\t<div class=\"elementor-element elementor-element-f544e01 elementor-widget elementor-widget-spacer\" data-id=\"f544e01\" data-element_type=\"widget\" data-widget_type=\"spacer.default\">\n\t\t\t\t<div class=\"elementor-widget-container\">\n\t\t\t\t\t\t\t<div class=\"elementor-spacer\">\n\t\t\t<div class=\"elementor-spacer-inner\"><\/div>\n\t\t<\/div>\n\t\t\t\t\t\t<\/div>\n\t\t\t\t<\/div>\n\t\t\t\t\t<\/div>\n\t\t<\/div>\n\t\t\t\t\t<\/div>\n\t\t<\/section>\n\t\t\t\t<section class=\"has_eae_slider elementor-section elementor-top-section elementor-element elementor-element-fe0abc4 elementor-section-boxed elementor-section-height-default elementor-section-height-default\" data-id=\"fe0abc4\" data-element_type=\"section\">\n\t\t\t\t\t\t<div class=\"elementor-container elementor-column-gap-default\">\n\t\t\t\t\t<div class=\"has_eae_slider elementor-column elementor-col-100 elementor-top-column elementor-element elementor-element-aaac5b4\" data-id=\"aaac5b4\" data-element_type=\"column\">\n\t\t\t<div class=\"elementor-widget-wrap elementor-element-populated\">\n\t\t\t\t\t\t<div class=\"elementor-element elementor-element-0347319 elementor-widget elementor-widget-heading\" data-id=\"0347319\" data-element_type=\"widget\" data-widget_type=\"heading.default\">\n\t\t\t\t<div class=\"elementor-widget-container\">\n\t\t\t\t\t<h2 class=\"elementor-heading-title elementor-size-default\">Kurat\u00f3riumunk tagjai<\/h2>\t\t\t\t<\/div>\n\t\t\t\t<\/div>\n\t\t\t\t\t<\/div>\n\t\t<\/div>\n\t\t\t\t\t<\/div>\n\t\t<\/section>\n\t\t\t\t<section class=\"has_eae_slider elementor-section elementor-top-section elementor-element elementor-element-cdaa387 elementor-section-boxed elementor-section-height-default elementor-section-height-default\" data-id=\"cdaa387\" data-element_type=\"section\">\n\t\t\t\t\t\t<div class=\"elementor-container elementor-column-gap-default\">\n\t\t\t\t\t<div class=\"has_eae_slider elementor-column elementor-col-100 elementor-top-column elementor-element elementor-element-158a641\" data-id=\"158a641\" data-element_type=\"column\">\n\t\t\t<div class=\"elementor-widget-wrap elementor-element-populated\">\n\t\t\t\t\t\t<div class=\"elementor-element elementor-element-07009a6 elementor-widget elementor-widget-text-editor\" data-id=\"07009a6\" data-element_type=\"widget\" data-widget_type=\"text-editor.default\">\n\t\t\t\t<div class=\"elementor-widget-container\">\n\t\t\t\t\t\t\t\t\t<ol><li data-start=\"47\" data-end=\"64\"><p data-start=\"50\" data-end=\"64\">Csern\u00e1k B\u00e9la<\/p><\/li><li data-start=\"65\" data-end=\"82\"><p data-start=\"68\" data-end=\"82\">Imre Rencsik<\/p><\/li><li data-start=\"83\" data-end=\"109\"><p data-start=\"86\" data-end=\"109\">Wagner Andrea &#8211; M\u00e1ria<\/p><\/li><li data-start=\"110\" data-end=\"126\"><p data-start=\"113\" data-end=\"126\">Bak\u00f3 Istv\u00e1n<\/p><\/li><li data-start=\"127\" data-end=\"147\"><p data-start=\"130\" data-end=\"147\">Bruncs\u00e1k Istv\u00e1n<\/p><\/li><li data-start=\"148\" data-end=\"165\"><p data-start=\"151\" data-end=\"165\">Csibi Ferenc<\/p><\/li><li data-start=\"166\" data-end=\"195\"><p data-start=\"169\" data-end=\"195\">Fekete Alexandru Szil\u00e1rd<\/p><\/li><li data-start=\"196\" data-end=\"216\"><p data-start=\"199\" data-end=\"216\">Gy\u00f6rgy Francisc<\/p><\/li><li data-start=\"217\" data-end=\"232\"><p data-start=\"220\" data-end=\"232\">P\u00e1l Istv\u00e1n<\/p><\/li><li data-start=\"233\" data-end=\"253\"><p data-start=\"237\" data-end=\"253\">Rencsik Istv\u00e1n<\/p><\/li><li data-start=\"254\" data-end=\"273\"><p data-start=\"258\" data-end=\"273\">Rencsik Tibor<\/p><\/li><li data-start=\"274\" data-end=\"294\"><p data-start=\"278\" data-end=\"294\">S\u00e1ghy Aloysius<\/p><\/li><li data-start=\"295\" data-end=\"320\"><p data-start=\"299\" data-end=\"320\">Zsug\u00e1n Gedeon Gyula<\/p><\/li><li data-start=\"321\" data-end=\"351\"><p data-start=\"325\" data-end=\"351\">Costea Constantin Daniel<\/p><\/li><li data-start=\"352\" data-end=\"381\"><p data-start=\"356\" data-end=\"381\">Krist\u00f3fi J\u00e1nos Zsigmond<\/p><\/li><li data-start=\"382\" data-end=\"404\"><p data-start=\"386\" data-end=\"404\">Istv\u00e1n Szaladj\u00e1k<\/p><\/li><li data-start=\"405\" data-end=\"422\"><p data-start=\"409\" data-end=\"422\">Jecs Viktor<\/p><\/li><li data-start=\"423\" data-end=\"441\"><p data-start=\"427\" data-end=\"441\">Kov\u00e1cs J\u00e1nos<\/p><\/li><li data-start=\"442\" data-end=\"460\"><p data-start=\"446\" data-end=\"460\">Gyalai Artur<\/p><\/li><li data-start=\"461\" data-end=\"482\"><p data-start=\"465\" data-end=\"482\">Balogh Erzs\u00e9bet<\/p><\/li><li data-start=\"483\" data-end=\"501\"><p data-start=\"487\" data-end=\"501\">Kov\u00e1cs Enik\u0151<\/p><\/li><li data-start=\"502\" data-end=\"522\"><p data-start=\"506\" data-end=\"522\">Barcsay Andr\u00e1s<\/p><\/li><li data-start=\"523\" data-end=\"549\"><p data-start=\"527\" data-end=\"549\">M\u00e9zes Zsolt \u2013 L\u00e1szl\u00f3<\/p><\/li><li data-start=\"550\" data-end=\"571\"><p data-start=\"554\" data-end=\"571\">Christof Kaiser<\/p><\/li><\/ol>\t\t\t\t\t\t\t\t<\/div>\n\t\t\t\t<\/div>\n\t\t\t\t\t<\/div>\n\t\t<\/div>\n\t\t\t\t\t<\/div>\n\t\t<\/section>\n\t\t\t\t<section class=\"has_eae_slider elementor-section elementor-top-section elementor-element elementor-element-86b1593 elementor-section-boxed elementor-section-height-default elementor-section-height-default\" data-id=\"86b1593\" data-element_type=\"section\">\n\t\t\t\t\t\t<div class=\"elementor-container elementor-column-gap-default\">\n\t\t\t\t\t<div class=\"has_eae_slider elementor-column elementor-col-100 elementor-top-column elementor-element elementor-element-492cce2\" data-id=\"492cce2\" data-element_type=\"column\">\n\t\t\t<div class=\"elementor-widget-wrap elementor-element-populated\">\n\t\t\t\t\t\t<div class=\"elementor-element elementor-element-68cd39b elementor-widget elementor-widget-spacer\" data-id=\"68cd39b\" data-element_type=\"widget\" data-widget_type=\"spacer.default\">\n\t\t\t\t<div class=\"elementor-widget-container\">\n\t\t\t\t\t\t\t<div class=\"elementor-spacer\">\n\t\t\t<div class=\"elementor-spacer-inner\"><\/div>\n\t\t<\/div>\n\t\t\t\t\t\t<\/div>\n\t\t\t\t<\/div>\n\t\t\t\t\t<\/div>\n\t\t<\/div>\n\t\t\t\t\t<\/div>\n\t\t<\/section>\n\t\t\t\t<\/div>","protected":false},"excerpt":{"rendered":"<p>Kurat\u00f3riumunk tagjai Csern\u00e1k B\u00e9la Rencsik Imre Wagner Andrea &#8211; M\u00e1ria Bak\u00f3 Istv\u00e1n Bruncs\u00e1k Istv\u00e1n Csibi Ferenc Fekete Alexandru Szil\u00e1rd Gy\u00f6rgy Francisc P\u00e1l Istv\u00e1n Rencsik Istv\u00e1n Rencsik Tibor S\u00e1ghy Aloysius Zsug\u00e1n Gedeon Gyula Costea Constantin Daniel Krist\u00f3fi J\u00e1nos Zsigmond Szaladj\u00e1k Istv\u00e1n Jecs Viktor Kov\u00e1cs J\u00e1nos Gyalai Artur Balogh Erzs\u00e9bet Kov\u00e1cs Enik\u0151 [&hellip;]<\/p>","protected":false},"author":1,"featured_media":0,"parent":0,"menu_order":0,"comment_status":"closed","ping_status":"closed","template":"","meta":{"_exactmetrics_skip_tracking":false,"_exactmetrics_sitenote_active":false,"_exactmetrics_sitenote_note":"","_exactmetrics_sitenote_category":0,"footnotes":""},"class_list":["post-2229","page","type-page","status-publish","hentry"],"_links":{"self":[{"href":"https:\/\/www.posticum.ro\/de\/wp-json\/wp\/v2\/pages\/2229","targetHints":{"allow":["GET"]}}],"collection":[{"href":"https:\/\/www.posticum.ro\/de\/wp-json\/wp\/v2\/pages"}],"about":[{"href":"https:\/\/www.posticum.ro\/de\/wp-json\/wp\/v2\/types\/page"}],"author":[{"embeddable":true,"href":"https:\/\/www.posticum.ro\/de\/wp-json\/wp\/v2\/users\/1"}],"replies":[{"embeddable":true,"href":"https:\/\/www.posticum.ro\/de\/wp-json\/wp\/v2\/comments?post=2229"}],"version-history":[{"count":25,"href":"https:\/\/www.posticum.ro\/de\/wp-json\/wp\/v2\/pages\/2229\/revisions"}],"predecessor-version":[{"id":7782,"href":"https:\/\/www.posticum.ro\/de\/wp-json\/wp\/v2\/pages\/2229\/revisions\/7782"}],"wp:attachment":[{"href":"https:\/\/www.posticum.ro\/de\/wp-json\/wp\/v2\/media?parent=2229"}],"curies":[{"name":"wp","href":"https:\/\/api.w.org\/{rel}","templated":true}]}}